{"id":57,"date":"2016-08-29T19:41:56","date_gmt":"2016-08-29T11:41:56","guid":{"rendered":"http:\/\/advance-ceramics.com\/?page_id=57"},"modified":"2022-07-08T22:19:48","modified_gmt":"2022-07-08T14:19:48","slug":"advanced-ceramic-solutions","status":"publish","type":"page","link":"https:\/\/advance-ceramics.com\/tr\/","title":{"rendered":"HAKKINDA"},"content":{"rendered":"<p><a href=\"https:\/\/advance-ceramics.com\/tr\/cropped-advanced-ceramics-1-jpg\/\"><img loading=\"lazy\" decoding=\"async\" class=\"alignnone size-full wp-image-52\" src=\"http:\/\/advance-ceramics.com\/wp-content\/uploads\/2016\/08\/cropped-advanced-ceramics-1.jpg\" alt=\"\" width=\"2000\" height=\"520\" srcset=\"https:\/\/advance-ceramics.com\/wp-content\/uploads\/2016\/08\/cropped-advanced-ceramics-1.jpg 2000w, https:\/\/advance-ceramics.com\/wp-content\/uploads\/2016\/08\/cropped-advanced-ceramics-1-300x78.jpg 300w, https:\/\/advance-ceramics.com\/wp-content\/uploads\/2016\/08\/cropped-advanced-ceramics-1-768x200.jpg 768w, https:\/\/advance-ceramics.com\/wp-content\/uploads\/2016\/08\/cropped-advanced-ceramics-1-1024x266.jpg 1024w, https:\/\/advance-ceramics.com\/wp-content\/uploads\/2016\/08\/cropped-advanced-ceramics-1-624x162.jpg 624w\" sizes=\"(max-width: 2000px) 100vw, 2000px\" \/><\/a>Al\u00fcmina, Zirkonya, Silisyum Karb\u00fcr, Silisyum Nitr\u00fcr, di\u011fer geli\u015fmi\u015f seramikler dahil olmak \u00fczere geli\u015fmi\u015f seramik malzemelerin \u00fcr\u00fcnlerini Ar-Ge, \u00fcretim ve sat\u0131\u015f konusunda uzmanla\u015fm\u0131\u015f \u015eangay, \u00c7in'de bulunuyoruz.<\/p>\r\n\r\n\r\n\r\n<p>\u00dcr\u00fcnlerimiz a\u011f\u0131rl\u0131kl\u0131 olarak Havac\u0131l\u0131k ve Uzay, Ara\u015ft\u0131rma, G\u0131da \u0130\u015fleme, S\u0131v\u0131 \u0130\u015fleme, Bilimsel, Otomotiv, Savunma, Is\u0131l \u0130\u015flem, Elektronik ve Elektrik, Proses Kontrol, Tekstil, Sel\u00fcloz ve Ka\u011f\u0131t, Mekanik, Cam \u0130\u015fleme, Mineral \u0130\u015fleme ve di\u011fer End\u00fcstriyel alanlarda kullan\u0131lmaktad\u0131r.<\/p>\r\n\r\n\r\n\r\n<p>\u00dcr\u00fcnleri uygun maliyetli, y\u00fcksek kalite ve g\u00fcvenlik sa\u011flayan ve \u00e7evre dostu bir \u015fekilde geli\u015ftirmeyi, \u00fcretmeyi ve satmay\u0131 hedefliyoruz. T\u00fcm \u00e7abalar\u0131m\u0131z\u0131n merkezinde m\u00fc\u015fterilerimizin ihtiya\u00e7lar\u0131n\u0131 kar\u015f\u0131lamak ve her t\u00fcrl\u00fc uygulama i\u00e7in ideal geli\u015fmi\u015f malzeme \u00e7\u00f6z\u00fcm\u00fcn\u00fc sunmak yer almaktad\u0131r.<\/p>","protected":false},"excerpt":{"rendered":"<p>We are located in shanghai,china,specialized in R&amp;D, manufacturing and selling the products of advanced ceramic materials, including Alumina, Zirconia, Silicon Carbide, Silicon Nitride,other advanced ceramics. Our products are mainly used in Aerospace, Research, Food Processing, Fluid Handling, Scientific, Automotive, Defense, Thermal Processing, Electronic and Electrical, Process Control, Textile, Pulp and Paper, Mechanical, Glass Processing, Mineral&hellip;&nbsp;<a href=\"https:\/\/advance-ceramics.com\/tr\/\" class=\"\" rel=\"bookmark\">Daha fazlas\u0131n\u0131 oku &raquo;<span class=\"screen-reader-text\">HAKKINDA<\/span><\/a><\/p>","protected":false},"author":1,"featured_media":0,"parent":0,"menu_order":0,"comment_status":"closed","ping_status":"closed","template":"","meta":{"neve_meta_sidebar":"","neve_meta_container":"","neve_meta_enable_content_width":"","neve_meta_content_width":0,"neve_meta_title_alignment":"","neve_meta_author_avatar":"","neve_post_elements_order":"","neve_meta_disable_header":"","neve_meta_disable_footer":"","neve_meta_disable_title":"","footnotes":""},"aioseo_notices":[],"_links":{"self":[{"href":"https:\/\/advance-ceramics.com\/tr\/wp-json\/wp\/v2\/pages\/57"}],"collection":[{"href":"https:\/\/advance-ceramics.com\/tr\/wp-json\/wp\/v2\/pages"}],"about":[{"href":"https:\/\/advance-ceramics.com\/tr\/wp-json\/wp\/v2\/types\/page"}],"author":[{"embeddable":true,"href":"https:\/\/advance-ceramics.com\/tr\/wp-json\/wp\/v2\/users\/1"}],"replies":[{"embeddable":true,"href":"https:\/\/advance-ceramics.com\/tr\/wp-json\/wp\/v2\/comments?post=57"}],"version-history":[{"count":10,"href":"https:\/\/advance-ceramics.com\/tr\/wp-json\/wp\/v2\/pages\/57\/revisions"}],"predecessor-version":[{"id":111,"href":"https:\/\/advance-ceramics.com\/tr\/wp-json\/wp\/v2\/pages\/57\/revisions\/111"}],"wp:attachment":[{"href":"https:\/\/advance-ceramics.com\/tr\/wp-json\/wp\/v2\/media?parent=57"}],"curies":[{"name":"wp","href":"https:\/\/api.w.org\/{rel}","templated":true}]}}