{"id":116,"date":"2022-08-24T19:44:43","date_gmt":"2022-08-24T11:44:43","guid":{"rendered":"https:\/\/advance-ceramics.com\/?page_id=116"},"modified":"2022-11-03T15:58:06","modified_gmt":"2022-11-03T07:58:06","slug":"keramiska-hylsor-for-bultsvetsning","status":"publish","type":"page","link":"https:\/\/advance-ceramics.com\/sv\/ceramic-ferrules-for-stud-welding\/","title":{"rendered":"keramiska hylsor f\u00f6r bultsvetsning"},"content":{"rendered":"<p>Om du svetsar med dragna b\u00e5gar m\u00e5ste du k\u00e4nna till de keramiska hylsorna. De \u00e4r en viktig del av processen eftersom de skyddar svetsaren fr\u00e5n syrep\u00e5verkan. Tyv\u00e4rr \u00e4r de eng\u00e5ngsartiklar. L\u00e4s den h\u00e4r artikeln f\u00f6r att l\u00e4ra dig mer om deras anv\u00e4ndning och f\u00f6rdelar. D\u00e4refter kan du best\u00e4mma om de \u00e4r v\u00e4rda att investera i eller inte. Nedan listas n\u00e5gra saker du b\u00f6r t\u00e4nka p\u00e5 innan du k\u00f6per dem.<\/p>\n<p><strong>Keramiska hylsor \u00e4r en viktig del av processen f\u00f6r dragna b\u00e5gsvetsar<\/strong><\/p>\n<p>Om du arbetar med dragna b\u00e5gsvetsar har du s\u00e4kert h\u00f6rt talas om keramiska hylsor. Under svetsprocessen f\u00e4sts dessa sm\u00e5 metallr\u00f6r runt svetspistolens spets. Vid svetsningen bildas oxider och kolv\u00e4ten som kan vara skadliga f\u00f6r en h\u00f6gkvalitativ svets. Keramiska hylsor ger utm\u00e4rkt motst\u00e5ndskraft mot termisk chock och bidrar till att minska dessa gaser. Till skillnad fr\u00e5n andra svetsprocesser anv\u00e4nds dessa hylsor bara en g\u00e5ng. F\u00f6r att ta bort dem kr\u00e4vs att svetspistolen f\u00f6rses med en annan hylsa.<\/p>\n<p>Den keramiska hylsan har m\u00e5nga funktioner i en bultsvetsningsprocess. Den skyddar ljusb\u00e5gen och operat\u00f6ren fr\u00e5n f\u00f6roreningar, hj\u00e4lper till att f\u00e5 svetsningen att flyta smidigt och formar svetsfogen f\u00f6r att f\u00f6rhindra f\u00f6roreningar. Hylsan har ocks\u00e5 ventilations\u00f6ppningar f\u00f6r svetsgaser. Eftersom keramiska hylsor \u00e4r eng\u00e5ngsartiklar \u00e4r processen mycket hygienisk. Dessutom \u00e4r en keramisk hylsa vanligtvis tillverkad av en l\u00e5gv\u00e4rdig formbar keramik. Det inneb\u00e4r att hylsorna har st\u00f6rre toleranser \u00e4n vid maskinbearbetning eller andra processer.<\/p>\n<p>keramiska hylsor \u00e4r en viktig komponent i processen f\u00f6r dragb\u00e5gssvetsning. Den skyddar ljusb\u00e5gen och f\u00f6rhindrar st\u00e4nk fr\u00e5n den sm\u00e4lta metallen. Den f\u00f6rhindrar ocks\u00e5 att tappen g\u00e5r s\u00f6nder under svetsningen. N\u00e4r svetsningen har slutf\u00f6rts bryts hylsan av och svetsprocessen \u00e4r klar.<\/p>\n<p>B\u00e5gsvetsade element anv\u00e4nds i tunga snickerier och n\u00e4r svetsning \u00e4r s\u00e4ker. De inkluderar svetsbultar, svetsade g\u00e4ngade bussningar och m\u00e5nga andra f\u00f6rem\u00e5l. Den vanligaste typen av dragb\u00e5gsvetsning inneb\u00e4r att man anv\u00e4nder en keramisk hylsa. Denna hylsa hj\u00e4lper till att h\u00e5lla den sm\u00e4lta metallen i svetszonen och hindrar den fr\u00e5n att oxidera.<\/p>\n<p><strong>De skyddar svetsaren fr\u00e5n exponering f\u00f6r syre<\/strong><\/p>\n<p>keramiska hylsor \u00e4r ett skyddande skikt som omger en svetsbult under svetsningen. Det hindrar metallen fr\u00e5n att spridas utanf\u00f6r svetszonen och skyddar svetsaren fr\u00e5n exponering f\u00f6r syre. Syreexponering orsakar por\u00f6sa svetsar. Den minskar ocks\u00e5 exponeringen f\u00f6r ultraviolett ljus i omgivningen. Den keramiska hylsan kan tas bort n\u00e4r svetsningen \u00e4r klar.<\/p>\n<p>Hylsor varierar i form och storlek och kan \u00e4ven specialtillverkas f\u00f6r en viss funktion. Platta hylsor anv\u00e4nds t.ex. f\u00f6r svetsning p\u00e5 horisontella ytor. F\u00f6r vertikala v\u00e4ggar kr\u00e4vs hylsor med ventilations\u00f6ppningar p\u00e5 ena sidan f\u00f6r att f\u00f6rhindra att sm\u00e4lt st\u00e5l rinner ut genom botten. F\u00f6r dessa till\u00e4mpningar m\u00e5ste hylsorna vara specialdesignade med ventilations\u00f6ppningar p\u00e5 ena sidan.<\/p>\n<p>Konventionell utrustning f\u00f6r bultsvetsning kan uts\u00e4tta svetsarna f\u00f6r r\u00f6k och muskuloskeletala risker. F\u00f6rutom risken f\u00f6r l\u00e4ndryggssm\u00e4rtor inneb\u00e4r den fram\u00e5tb\u00f6jda arbetsst\u00e4llningen att andningszonen hamnar i svetsr\u00f6kens plym. F\u00f6ljaktligen bidrar keramiska hylsor f\u00f6r bultsvetsning till att skydda svetsarens h\u00e4lsa. De hindrar ocks\u00e5 syret fr\u00e5n att n\u00e5 lungorna.<\/p>\n<p>Anv\u00e4ndningen av keramiska hylsor vid bultsvetsning \u00e4r ingen ny teknik. Den har anv\u00e4nts i \u00e5rtionden av industrin. Svetsare som anv\u00e4nder dessa hylsor kan svetsa utan att b\u00f6ja sig ner. F\u00f6rdelarna med denna teknik \u00e4r m\u00e5nga och de \u00e4r f\u00f6rdelaktiga f\u00f6r svetsarens h\u00e4lsa. Anv\u00e4ndningen av denna nya produkt garanterar dock inte dess f\u00f6rdelar f\u00f6r svetsarnas s\u00e4kerhet.<\/p>\n<p>Bultsvetsning av utrustning \u00e4r ett heldagsjobb. Under ett projekt med bultsvetsning arbetar svetsaren och j\u00e4rnkonstrukt\u00f6ren tillsammans med att st\u00e4lla upp utrustningen och utf\u00f6ra svetsprocessen. En annan arbetare slipar svetsst\u00e4llena och hj\u00e4lper till med att l\u00e4gga ut bultarna. N\u00e4r svetsningen \u00e4r klar r\u00f6r sig svetsr\u00f6kens plym fr\u00e5n basmaterialet till den n\u00e4rmaste andningszonen.<\/p>\n<p><strong>De \u00e4r spr\u00f6da<\/strong><\/p>\n<p>keramisk ferrule \u00e4r en skyddsring som anv\u00e4nds f\u00f6r att t\u00e4cka bulten under svetsprocessen. De hj\u00e4lper till att f\u00f6rhindra att bulten sprider sig under svetsningen och skyddar omgivningen mot UV-str\u00e5lar. En keramisk ferrule \u00e4r ett mycket spr\u00f6tt material som ofta \u00e4r ben\u00e4get att flisas bort. D\u00e4rf\u00f6r \u00e4r keramiska hylsor en viktig del av processen vid dragb\u00e5gsvetsning.<\/p>\n<p>Bultsvetsning kr\u00e4ver en hylsa f\u00f6r att h\u00e5lla det sm\u00e4lta svetsmaterialet p\u00e5 plats under svetsprocessen. hylsan f\u00f6r bultsvetsning \u00e4r utformad f\u00f6r att f\u00f6lja svetsbultens form och \u00e4r vanligtvis rund. Det finns dock \u00e4ven elliptiska, kvadratiska, rektangul\u00e4ra och elliptiska former. F\u00f6rutom den runda formen kan du ocks\u00e5 hitta hylsor i elliptisk, tetraeder- eller ellform, som anv\u00e4nds f\u00f6r att sammanfoga vinkelj\u00e4rn. Hylsans diameter b\u00f6r matcha svetsbultens storlek.<\/p>\n<p>F\u00f6rutom att de \u00e4r spr\u00f6da \u00e4r keramiska hylsor dyra. Men de \u00e4r l\u00e4tta att arbeta med och tar inte upp mycket plats. Det finns dock m\u00e5nga valm\u00f6jligheter, och de varierar beroende p\u00e5 dina behov. Generellt rekommenderas b\u00e5gsvetsning med dragna b\u00e5gar f\u00f6r grundmaterial med en diameter p\u00e5 minst 2 mm. En st\u00f6rre diameter passar f\u00f6r st\u00f6rre f\u00e4stelement.<\/p>\n<p>En typ av keramisk ferrule \u00e4r bornitrid. Den har l\u00e5g vidh\u00e4ftning till metallen och kan \u00e5teranv\u00e4ndas m\u00e5nga g\u00e5nger. Det betyder att du kan anv\u00e4nda den om och om igen. Detta \u00e4r viktigt att t\u00e4nka p\u00e5 vid bultsvetsning. Med tanke p\u00e5 materialets spr\u00f6dhet b\u00f6r du se till att de keramiska hylsor du anv\u00e4nder \u00e4r tillr\u00e4ckligt h\u00e5llbara f\u00f6r att t\u00e5la upprepad anv\u00e4ndning.<\/p>\n<p><strong>De \u00e4r avsedda f\u00f6r eng\u00e5ngsbruk<\/strong><\/p>\n<p>Den keramiska hylsan anv\u00e4nds i bultsvetsprocessen. Bultsvetshylsan \u00e4r utformad f\u00f6r att passa en specifik funktion och anv\u00e4nds vanligtvis p\u00e5 horisontella ytor. I vertikala v\u00e4ggapplikationer m\u00e5ste keramiska hylsor f\u00f6r bultsvetsning ha ventiler p\u00e5 ena sidan f\u00f6r att hindra sm\u00e4lt st\u00e5l fr\u00e5n att l\u00e4cka ut genom botten. Dessa ventilations\u00f6ppningar \u00e4r integrerade i den keramiska hylsan. Att anv\u00e4nda en ny hylsa efter en befintlig kan utg\u00f6ra en allvarlig h\u00e4lsorisk, och det \u00e4r h\u00f6gst osannolikt att en operat\u00f6r kommer att k\u00e4nna sig bekv\u00e4m med att anv\u00e4nda den igen.<\/p>\n<p>Keramiska hylsor f\u00f6r bultsvetsning kan vara en eng\u00e5ngsartikel, s\u00e5 de rekommenderas f\u00f6r dem som bara svetsar ett f\u00e5tal g\u00e5nger. De \u00e4r billiga och kan hittas i de flesta svetsbutiker. Dessa hylsor \u00e4r ocks\u00e5 tillverkade av giftfria material. J\u00e4rnarbetarna som anv\u00e4nde dem f\u00f6r den h\u00e4r studien var medlemmar i Ironworkers Local 89 i Cedar Rapids, IA. Deltagarna i studien hade alla erfarenhet av bultsvetsning och hade f\u00e5tt utbildning av samordnaren f\u00f6r l\u00e4rlingsutbildningen. De var ocks\u00e5 h\u00f6gerh\u00e4nta, 1,8 m l\u00e5nga och v\u00e4gde 89 kg. Alla deltagare gav sitt skriftliga medgivande innan studien genomf\u00f6rdes.<\/p>\n<p>N\u00e4r du anv\u00e4nder keramiska hylsor f\u00f6r bultsvetsning m\u00e5ste du se till att de \u00e4r r\u00e4tt dimensionerade och att de endast anv\u00e4nds f\u00f6r \u00f6nskat \u00e4ndam\u00e5l. Under svetsprocessen kan keramiska hylsor fungera som en ljusb\u00e5gssk\u00f6ld. De hindrar f\u00f6roreningar fr\u00e5n att p\u00e5verka den sm\u00e4lta metallen, vilket kan f\u00f6rsvaga svetsen. Ferruler beh\u00f6vs inte vid kondensatorurladdningsbultsvetsning, eftersom denna process inte har samma risker f\u00f6r att sm\u00e4lt metall sprider sig till intilliggande omr\u00e5den.<\/p>\n<p><strong>De \u00e4r tillverkade av teknisk keramik<\/strong><\/p>\n<p>keramiska hylsor f\u00f6r bultsvetsning anv\u00e4nds f\u00f6r en m\u00e4ngd olika applikationer och har flera funktioner under svetsningen. De skyddar bultarna fr\u00e5n atmosf\u00e4ren och fungerar som ett ljusb\u00e5gsskydd. De bildar ocks\u00e5 en kant som g\u00f6r att svetsgaser kan tr\u00e4nga ut. Dessa hylsor \u00e4r vanligtvis eng\u00e5ngsartiklar och \u00e4r tillverkade av h\u00f6gkvalitativ formbar teknisk keramik. Keramiska hylsor \u00e4r idealiska f\u00f6r bultsvetsning tack vare sin h\u00f6ga h\u00e5llfasthet och utm\u00e4rkta slitstyrka. De \u00e4r ocks\u00e5 icke-deformerbara, vilket g\u00f6r dem idealiska f\u00f6r anv\u00e4ndning vid svetsning.<\/p>\n<p>Det finns flera olika typer av pinnbultar. De vanligaste \u00e4r den g\u00e4ngade typen MD och den icke-standardiserade typen MPF. B\u00e5da typerna har en g\u00e4ngad tapp som g\u00e4ngas fast i svetspistolens spets. G\u00e4ngsteget p\u00e5 MD \u00e4r tre eller fyra millimeter, medan MPF har en diameter p\u00e5 \u00e5tta millimeter.<\/p>\n<p>Huvudsyftet med dessa hylsor \u00e4r att skydda svetsbadet. De hj\u00e4lper ocks\u00e5 till att stabilisera ljusb\u00e5gen och skyddar operat\u00f6ren fr\u00e5n st\u00e4nk och b\u00e5gbl\u00e5sning. De finns i olika storlekar och tillverkas enligt standarden ISO 13918:2008. De \u00e4r konstruerade f\u00f6r anv\u00e4ndning p\u00e5 plana, horisontella ytor. De finns ocks\u00e5 med hylsor som har ventilations\u00f6ppningar p\u00e5 undersidan f\u00f6r att f\u00f6rhindra att sm\u00e4lt st\u00e5l rinner ut genom botten.<\/p>\n<p>De keramiska hylsorna som anv\u00e4nds vid bultsvetsning \u00e4r mycket viktiga f\u00f6r att bultsvetsningen med dragna b\u00e5gar ska lyckas. De hj\u00e4lper till att skydda bultarna fr\u00e5n kontaminering och g\u00f6r att processen fungerar som den ska. De anv\u00e4nds ofta f\u00f6r en m\u00e4ngd olika till\u00e4mpningar och finns i olika former, storlekar och specifikationer f\u00f6r keramiska material. Den h\u00e4r artikeln tar upp n\u00e5gra av f\u00f6rdelarna med och anv\u00e4ndningsomr\u00e5dena f\u00f6r hylsor vid bultsvetsning.<\/p>","protected":false},"excerpt":{"rendered":"<p>If you are doing drawn arc stud welding, you need to know about ceramic ferrules. They are an essential part of the process, because they protect the welder from oxygen exposure. Unfortunately, they are one-use items. Read this article to learn more about their use and advantages. Then, you can decide whether or not they&hellip;&nbsp;<a href=\"https:\/\/advance-ceramics.com\/sv\/ceramic-ferrules-for-stud-welding\/\" class=\"\" rel=\"bookmark\">L\u00e4s mer &raquo;<span class=\"screen-reader-text\">keramiska hylsor f\u00f6r bultsvetsning<\/span><\/a><\/p>","protected":false},"author":1,"featured_media":0,"parent":0,"menu_order":0,"comment_status":"closed","ping_status":"closed","template":"","meta":{"neve_meta_sidebar":"","neve_meta_container":"","neve_meta_enable_content_width":"","neve_meta_content_width":0,"neve_meta_title_alignment":"","neve_meta_author_avatar":"","neve_post_elements_order":"","neve_meta_disable_header":"","neve_meta_disable_footer":"","neve_meta_disable_title":"","footnotes":""},"aioseo_notices":[],"_links":{"self":[{"href":"https:\/\/advance-ceramics.com\/sv\/wp-json\/wp\/v2\/pages\/116"}],"collection":[{"href":"https:\/\/advance-ceramics.com\/sv\/wp-json\/wp\/v2\/pages"}],"about":[{"href":"https:\/\/advance-ceramics.com\/sv\/wp-json\/wp\/v2\/types\/page"}],"author":[{"embeddable":true,"href":"https:\/\/advance-ceramics.com\/sv\/wp-json\/wp\/v2\/users\/1"}],"replies":[{"embeddable":true,"href":"https:\/\/advance-ceramics.com\/sv\/wp-json\/wp\/v2\/comments?post=116"}],"version-history":[{"count":6,"href":"https:\/\/advance-ceramics.com\/sv\/wp-json\/wp\/v2\/pages\/116\/revisions"}],"predecessor-version":[{"id":164,"href":"https:\/\/advance-ceramics.com\/sv\/wp-json\/wp\/v2\/pages\/116\/revisions\/164"}],"wp:attachment":[{"href":"https:\/\/advance-ceramics.com\/sv\/wp-json\/wp\/v2\/media?parent=116"}],"curies":[{"name":"wp","href":"https:\/\/api.w.org\/{rel}","templated":true}]}}