{"id":116,"date":"2022-08-24T19:44:43","date_gmt":"2022-08-24T11:44:43","guid":{"rendered":"https:\/\/advance-ceramics.com\/?page_id=116"},"modified":"2022-11-03T15:58:06","modified_gmt":"2022-11-03T07:58:06","slug":"keramicni-obroci-za-varjenje-s-cepi","status":"publish","type":"page","link":"https:\/\/advance-ceramics.com\/sl\/ceramic-ferrules-for-stud-welding\/","title":{"rendered":"kerami\u010dni obro\u010di za varjenje s \u010depi"},"content":{"rendered":"<p>\u010ce se ukvarjate z varjenjem z vle\u010denim oblokom, morate poznati kerami\u010dne tuljave. So bistven del postopka, saj varilca \u0161\u010ditijo pred izpostavljenostjo kisiku. \u017dal so za enkratno uporabo. Preberite ta \u010dlanek, da bi izvedeli ve\u010d o njihovi uporabi in prednostih. Nato se boste lahko odlo\u010dili, ali je vanje vredno vlagati. Spodaj je navedenih nekaj stvari, ki jih morate upo\u0161tevati, preden jih kupite.<\/p>\n<p><strong>Kerami\u010dni tulci so bistveni del postopka varjenja z vle\u010denim oblokom.<\/strong><\/p>\n<p>\u010ce se ukvarjate z varjenjem z vle\u010denim oblokom, ste verjetno \u017ee sli\u0161ali za kerami\u010dne tuljave. Med postopkom varjenja se te majhne kovinske cevi pritrdijo okoli konice varilne pi\u0161tole. Pri varjenju nastajajo oksidi in ogljikovodiki, ki so lahko \u0161kodljivi za kakovosten zvar. Kerami\u010dni tulci zagotavljajo odli\u010dno odpornost na toplotne udarce in pomagajo zmanj\u0161ati koli\u010dino teh plinov. V nasprotju z drugimi postopki varjenja se ti obro\u010dki uporabijo samo enkrat. Za njihovo odstranitev je treba varilno pi\u0161tolo opremiti z druga\u010dnim tulcem.<\/p>\n<p>kerami\u010dni obro\u010dek ima pri varjenju \u010depov ve\u010d funkcij. \u0160\u010diti oblok in operaterja pred onesna\u017eevalci, pomaga pri nemotenem poteku varjenja in oblikuje oblogo, ki prepre\u010duje onesna\u017eenje. Okovje zagotavlja tudi odprtine za uhajanje varilnih plinov. Ker so kerami\u010dne obrobe za enkratno uporabo, je postopek zelo higieni\u010den. Poleg tega je kerami\u010dni zaklju\u010dek obi\u010dajno izdelan iz nizkokakovostne keramike, ki jo je mogo\u010de oblikovati. To pomeni, da so tolerance za obrobe ve\u010dje kot pri strojni obdelavi ali drugih postopkih.<\/p>\n<p>kerami\u010dnih obro\u010dkov je pomemben sestavni del postopka varjenja z vle\u010denim oblokom. \u0160\u010diti oblok in prepre\u010duje brizganje staljene kovine. Prav tako prepre\u010duje, da bi \u010dep med varjenjem razpadel. Po kon\u010danem varjenju se obro\u010dek odlomi in postopek varjenja je kon\u010dan.<\/p>\n<p>Oblo\u010dno varjeni elementi se uporabljajo pri te\u017ekih mizarskih delih in kadar je varjenje varno. Mednje spadajo varilni vijaki, navojne pu\u0161e in \u0161tevilni drugi elementi. Najpogostej\u0161a vrsta vle\u010denega oblo\u010dnega varjenja vklju\u010duje uporabo kerami\u010dnega okovja. Ta obrobek pomaga ohranjati staljeno kovino v varilnem obmo\u010dju in prepre\u010duje njeno oksidacijo.<\/p>\n<p><strong>Varujejo varilca pred izpostavljenostjo kisiku<\/strong><\/p>\n<p>kerami\u010dne obloge so za\u0161\u010ditni sloj, ki med varjenjem obdaja zvarni \u010dep. Prepre\u010duje, da bi se kovina raz\u0161irila zunaj varilnega obmo\u010dja, varilca pa \u0161\u010diti pred izpostavljenostjo kisiku. Izpostavljenost kisiku povzro\u010da porozne zvare. Prav tako zmanj\u0161uje izpostavljenost ultravijoli\u010dni svetlobi v okolici. Kerami\u010dni obro\u010dek je mogo\u010de odstraniti po kon\u010danem varjenju.<\/p>\n<p>Ferule se razlikujejo po obliki in velikosti, lahko pa so tudi izdelane po meri za dolo\u010deno funkcijo. Na primer, plo\u0161\u010dati okovi se uporabljajo za varjenje na vodoravnih povr\u0161inah. Za uporabo na navpi\u010dnih stenah so potrebni okovi z odprtinami na eni strani, da se prepre\u010di iztekanje staljenega jekla z dna. Za te aplikacije morajo biti okovi posebej zasnovani z odprtinami na eni strani.<\/p>\n<p>Obi\u010dajna oprema za varjenje \u010depov lahko varilce izpostavi dimom in mi\u0161i\u010dno-skeletnim tveganjem. Poleg mo\u017enosti bole\u010din v kri\u017eu je zaradi sklonjenega polo\u017eaja obmo\u010dje dihanja v obmo\u010dju varilnega dima. Zato kerami\u010dni obro\u010dki za varjenje s \u010depi pomagajo varovati zdravje varilca. Poleg tega prepre\u010dujejo dostop kisika do plju\u010d.<\/p>\n<p>Uporaba kerami\u010dnih obrob za varjenje \u010depov ni nova tehnologija. Industrija jo uporablja \u017ee desetletja. Varilci, ki uporabljajo te okove, lahko varijo, ne da bi se sklanjali. Prednosti te tehnologije so \u0161tevilne in koristijo zdravju varilca. Vendar pa uporaba tega novega izdelka ne zagotavlja njegovih koristi za varnost varilcev.<\/p>\n<p>Varjenje kolkov je celodnevno delo. Med projektom varjenja \u010depov varilec in konstrukcijski delavec skupaj pripravita opremo in izvedeta postopek varjenja. Drug delavec opravi bru\u0161enje mest zvarov in pomaga pri polaganju \u010depov. Ko je varjenje kon\u010dano, se dim varilnega dima \u0161iri od osnovnega materiala do bli\u017enjega obmo\u010dja dihanja.<\/p>\n<p><strong>So krhki<\/strong><\/p>\n<p>kerami\u010dni obro\u010dek je za\u0161\u010ditni obro\u010dek, ki med varjenjem pokriva \u010dep. Pomagajo prepre\u010diti \u0161irjenje \u010depa med varjenjem in \u0161\u010ditijo okolico pred UV-\u017earki. Kerami\u010dni obro\u010dek je zelo krhek material in je pogosto nagnjen k temu, da se odlu\u0161\u010di. Zaradi tega so kerami\u010dne obrobe pomemben del postopka varjenja z vle\u010denim oblokom.<\/p>\n<p>Pri varjenju s \u010depi je potreben obro\u010dek, ki med varjenjem ohranja staljen varjeni material na mestu. obro\u010dek za varjenje s \u010depi je oblikovan tako, da sledi obliki varilnega \u010depa, in je obi\u010dajno okrogel. Vendar so na voljo tudi elipti\u010dne, kvadratne, pravokotne in ell oblike. Poleg okrogle oblike lahko najdete tudi okovje elipti\u010dne, tetraedrske ali ell oblike, ki se uporabljajo za spajanje kotnega \u017eeleza. Premer okovja mora ustrezati velikosti zvarnega \u010depa.<\/p>\n<p>Kerami\u010dni zaklju\u010dki so poleg tega, da so krhki, tudi dragi. Vendar je z njimi enostavno delati in ne zavzamejo veliko prostora. Mo\u017enosti, ki so vam na voljo, pa so \u0161tevilne in se razlikujejo glede na va\u0161e potrebe. Na splo\u0161no se za mati\u010dne materiale s premerom vsaj 2 mm priporo\u010da varjenje z vle\u010denim oblokom. Ve\u010dji premer bo ustrezal ve\u010djim pritrdilnim elementom.<\/p>\n<p>Ena od vrst kerami\u010dnih obrob je borov nitrid. Ima majhen oprijem na kovino in ga je mogo\u010de ve\u010dkrat uporabiti. To pomeni, da ga lahko ponovno uporabite. To je pomemben dejavnik pri aplikacijah varjenja \u010depov. Glede na krhkost materiala se morate prepri\u010dati, da so kerami\u010dne obrobe, ki jih uporabljate, dovolj trpe\u017ene, da zdr\u017eijo ve\u010dkratno uporabo.<\/p>\n<p><strong>So izdelek za enkratno uporabo<\/strong><\/p>\n<p>Kerami\u010dni obro\u010dek se uporablja pri varjenju s \u010depi. obro\u010dek za varjenje s \u010depi je zasnovan za dolo\u010deno funkcijo in se obi\u010dajno uporablja na vodoravnih povr\u0161inah. Pri uporabi na navpi\u010dnih stenah mora imeti kerami\u010dni okov za varjenje s \u010depi na eni strani zra\u010dnike, ki prepre\u010dujejo iztekanje staljenega jekla z dna. Te odprtine so vgrajene v kerami\u010dno oblogo. Uporaba nove ferule po obstoje\u010di lahko predstavlja resno tveganje za zdravje in zelo malo verjetno je, da jo bo operater z veseljem ponovno uporabil.<\/p>\n<p>Kerami\u010dni obro\u010di za varjenje s \u010depi so lahko za enkratno uporabo, zato so priporo\u010dljivi za tiste, ki varijo le nekajkrat. So poceni in jih je mogo\u010de najti v ve\u010dini trgovin z varilnim materialom. Ti obro\u010di so izdelani tudi iz nestrupenih materialov. \u017delezarji, ki so jih uporabljali v tej \u0161tudiji, so bili \u010dlani zdru\u017eenja Ironworkers Local 89 v Cedar Rapids, IA. Vsi udele\u017eenci \u0161tudije so imeli izku\u0161nje z varjenjem s \u010depi in so se usposabljali pri koordinatorju vajeni\u0161kega usposabljanja. Bili so tudi desni\u010darji, visoki 1,8 m in te\u017eki 89 kg. Vsi udele\u017eenci so pred izvedbo \u0161tudije dali pisno soglasje.<\/p>\n<p>Pri uporabi kerami\u010dnih obrob za varjenje \u010depov se morate prepri\u010dati, da so pravilno dimenzionirane in da se bodo uporabljale samo za \u017eeleni namen. Med varjenjem lahko kerami\u010dni okovi delujejo kot za\u0161\u010dita pred oblokom. Prepre\u010dujejo, da bi onesna\u017eevala vplivala na staljeno kovino, kar bi lahko oslabilo zvar. Ferule niso potrebne pri varjenju s kondenzatorskimi izpu\u0161nimi \u010depi, saj pri tem postopku ni enake nevarnosti \u0161irjenja staljene kovine na sosednja obmo\u010dja.<\/p>\n<p><strong>Izdelani so iz tehni\u010dne keramike<\/strong><\/p>\n<p>kerami\u010dne obrobe za varjenje s \u010depi se uporabljajo za razli\u010dne namene in imajo med varjenjem ve\u010d funkcij. \u0160\u010ditijo \u010dep pred ozra\u010djem in delujejo kot za\u0161\u010dita obloka. Oblikujejo tudi oblogo, ki omogo\u010da izhajanje varilnih plinov. Te obrobe so obi\u010dajno za enkratno uporabo in so izdelane iz visokokakovostne tehni\u010dne keramike, ki jo je mogo\u010de oblikovati. Kerami\u010dni obro\u010di so zaradi visoke trdnosti in odli\u010dne odpornosti proti obrabi idealni za varjenje s \u010depi. Prav tako se ne deformirajo, zato so idealni za uporabo pri varjenju.<\/p>\n<p>Obstaja ve\u010d vrst \u010depov. Najpogostej\u0161i sta navojni tip MD in nestandardizirani tip MPF. Obe vrsti imata navojni \u010dep, ki se navle\u010de na konico varilne pi\u0161tole. Razmik navoja MD je tri ali \u0161tiri milimetre, medtem ko ima MPF premer osem milimetrov.<\/p>\n<p>Glavni namen teh obrob je za\u0161\u010dita varilnega bazena. Pomagajo tudi stabilizirati oblok in \u0161\u010ditijo operaterja pred razpr\u0161itvami in izpu\u0161\u010danjem obloka. Na voljo so v razli\u010dnih velikostih in so izdelani v skladu s standardom ISO 13918:2008. Zasnovani so za uporabo na ravnih, vodoravnih povr\u0161inah. Na voljo so tudi v okovih, ki imajo na spodnji strani zra\u010dnike, ki prepre\u010dujejo iztekanje staljenega jekla iz dna.<\/p>\n<p>Kerami\u010dni tulci, ki se uporabljajo za varjenje \u010depov, so zelo pomembni za zagotavljanje uspe\u0161nosti postopka varjenja \u010depov z vle\u010denim oblokom. Pomagajo za\u0161\u010dititi \u010dep pred onesna\u017eenjem in omogo\u010dajo pravilno delovanje postopka. Obi\u010dajno se uporabljajo za razli\u010dne aplikacije in so na voljo v razli\u010dnih oblikah, velikostih in specifikacijah kerami\u010dnega materiala. V tem \u010dlanku bomo preu\u010dili nekaj prednosti in na\u010dinov uporabe okovja za varjenje \u010depov.<\/p>","protected":false},"excerpt":{"rendered":"<p>If you are doing drawn arc stud welding, you need to know about ceramic ferrules. They are an essential part of the process, because they protect the welder from oxygen exposure. Unfortunately, they are one-use items. Read this article to learn more about their use and advantages. Then, you can decide whether or not they&hellip;&nbsp;<a href=\"https:\/\/advance-ceramics.com\/sl\/ceramic-ferrules-for-stud-welding\/\" class=\"\" rel=\"bookmark\">Preberi ve\u010d &raquo;<span class=\"screen-reader-text\">kerami\u010dni obro\u010di za varjenje s \u010depi<\/span><\/a><\/p>","protected":false},"author":1,"featured_media":0,"parent":0,"menu_order":0,"comment_status":"closed","ping_status":"closed","template":"","meta":{"neve_meta_sidebar":"","neve_meta_container":"","neve_meta_enable_content_width":"","neve_meta_content_width":0,"neve_meta_title_alignment":"","neve_meta_author_avatar":"","neve_post_elements_order":"","neve_meta_disable_header":"","neve_meta_disable_footer":"","neve_meta_disable_title":"","footnotes":""},"aioseo_notices":[],"_links":{"self":[{"href":"https:\/\/advance-ceramics.com\/sl\/wp-json\/wp\/v2\/pages\/116"}],"collection":[{"href":"https:\/\/advance-ceramics.com\/sl\/wp-json\/wp\/v2\/pages"}],"about":[{"href":"https:\/\/advance-ceramics.com\/sl\/wp-json\/wp\/v2\/types\/page"}],"author":[{"embeddable":true,"href":"https:\/\/advance-ceramics.com\/sl\/wp-json\/wp\/v2\/users\/1"}],"replies":[{"embeddable":true,"href":"https:\/\/advance-ceramics.com\/sl\/wp-json\/wp\/v2\/comments?post=116"}],"version-history":[{"count":6,"href":"https:\/\/advance-ceramics.com\/sl\/wp-json\/wp\/v2\/pages\/116\/revisions"}],"predecessor-version":[{"id":164,"href":"https:\/\/advance-ceramics.com\/sl\/wp-json\/wp\/v2\/pages\/116\/revisions\/164"}],"wp:attachment":[{"href":"https:\/\/advance-ceramics.com\/sl\/wp-json\/wp\/v2\/media?parent=116"}],"curies":[{"name":"wp","href":"https:\/\/api.w.org\/{rel}","templated":true}]}}