{"id":57,"date":"2016-08-29T19:41:56","date_gmt":"2016-08-29T11:41:56","guid":{"rendered":"http:\/\/advance-ceramics.com\/?page_id=57"},"modified":"2022-07-08T22:19:48","modified_gmt":"2022-07-08T14:19:48","slug":"advanced-ceramic-solutions","status":"publish","type":"page","link":"https:\/\/advance-ceramics.com\/sk\/","title":{"rendered":"O"},"content":{"rendered":"<p><a href=\"https:\/\/advance-ceramics.com\/sk\/cropped-advanced-ceramics-1-jpg\/\"><img loading=\"lazy\" decoding=\"async\" class=\"alignnone size-full wp-image-52\" src=\"http:\/\/advance-ceramics.com\/wp-content\/uploads\/2016\/08\/cropped-advanced-ceramics-1.jpg\" alt=\"\" width=\"2000\" height=\"520\" srcset=\"https:\/\/advance-ceramics.com\/wp-content\/uploads\/2016\/08\/cropped-advanced-ceramics-1.jpg 2000w, https:\/\/advance-ceramics.com\/wp-content\/uploads\/2016\/08\/cropped-advanced-ceramics-1-300x78.jpg 300w, https:\/\/advance-ceramics.com\/wp-content\/uploads\/2016\/08\/cropped-advanced-ceramics-1-768x200.jpg 768w, https:\/\/advance-ceramics.com\/wp-content\/uploads\/2016\/08\/cropped-advanced-ceramics-1-1024x266.jpg 1024w, https:\/\/advance-ceramics.com\/wp-content\/uploads\/2016\/08\/cropped-advanced-ceramics-1-624x162.jpg 624w\" sizes=\"(max-width: 2000px) 100vw, 2000px\" \/><\/a>Nach\u00e1dzame sa v \u0160anghaji, \u010c\u00edna, \u0161pecializuje sa na v\u00fdskum a v\u00fdvoj, v\u00fdrobu a predaj v\u00fdrobkov z pokro\u010dil\u00fdch keramick\u00fdch materi\u00e1lov, vr\u00e1tane oxidu hlinit\u00e9ho, oxidu zirkoni\u010dit\u00e9ho, karbidu krem\u00edka, nitridu krem\u00edka, \u010fal\u0161ie pokro\u010dil\u00e9 keramiky.<\/p>\r\n\r\n\r\n\r\n<p>Na\u0161e v\u00fdrobky sa pou\u017e\u00edvaj\u00fa najm\u00e4 v letectve, v\u00fdskume, pri spracovan\u00ed potrav\u00edn, manipul\u00e1cii s kvapalinami, vo vedeckom, automobilovom, obrannom, tepelnom, elektronickom a elektrickom priemysle, pri riaden\u00ed procesov, v textilnom priemysle, pri spracovan\u00ed celul\u00f3zy a papiera, v stroj\u00e1rstve, pri spracovan\u00ed skla, pri spracovan\u00ed nerastn\u00fdch surov\u00edn a v in\u00fdch priemyseln\u00fdch odvetviach.<\/p>\r\n\r\n\r\n\r\n<p>Na\u0161\u00edm cie\u013eom je vyv\u00edja\u0165, vyr\u00e1ba\u0165 a pred\u00e1va\u0165 v\u00fdrobky sp\u00f4sobom, ktor\u00fd je n\u00e1kladovo efekt\u00edvny, zaru\u010duje vysok\u00fa kvalitu a bezpe\u010dnos\u0165 a je \u0161etrn\u00fd k \u017eivotn\u00e9mu prostrediu. V\u0161etko na\u0161e \u00fasilie sa s\u00fastre\u010fuje na uspokojovanie potrieb na\u0161ich z\u00e1kazn\u00edkov a na ponuku ide\u00e1lneho rie\u0161enia modern\u00fdch materi\u00e1lov pre ak\u00e9ko\u013evek pou\u017eitie.<\/p>","protected":false},"excerpt":{"rendered":"<p>We are located in shanghai,china,specialized in R&amp;D, manufacturing and selling the products of advanced ceramic materials, including Alumina, Zirconia, Silicon Carbide, Silicon Nitride,other advanced ceramics. Our products are mainly used in Aerospace, Research, Food Processing, Fluid Handling, Scientific, Automotive, Defense, Thermal Processing, Electronic and Electrical, Process Control, Textile, Pulp and Paper, Mechanical, Glass Processing, Mineral&hellip;&nbsp;<a href=\"https:\/\/advance-ceramics.com\/sk\/\" class=\"\" rel=\"bookmark\">\u010c\u00edta\u0165 viac &raquo;<span class=\"screen-reader-text\">O<\/span><\/a><\/p>","protected":false},"author":1,"featured_media":0,"parent":0,"menu_order":0,"comment_status":"closed","ping_status":"closed","template":"","meta":{"neve_meta_sidebar":"","neve_meta_container":"","neve_meta_enable_content_width":"","neve_meta_content_width":0,"neve_meta_title_alignment":"","neve_meta_author_avatar":"","neve_post_elements_order":"","neve_meta_disable_header":"","neve_meta_disable_footer":"","neve_meta_disable_title":"","footnotes":""},"aioseo_notices":[],"_links":{"self":[{"href":"https:\/\/advance-ceramics.com\/sk\/wp-json\/wp\/v2\/pages\/57"}],"collection":[{"href":"https:\/\/advance-ceramics.com\/sk\/wp-json\/wp\/v2\/pages"}],"about":[{"href":"https:\/\/advance-ceramics.com\/sk\/wp-json\/wp\/v2\/types\/page"}],"author":[{"embeddable":true,"href":"https:\/\/advance-ceramics.com\/sk\/wp-json\/wp\/v2\/users\/1"}],"replies":[{"embeddable":true,"href":"https:\/\/advance-ceramics.com\/sk\/wp-json\/wp\/v2\/comments?post=57"}],"version-history":[{"count":10,"href":"https:\/\/advance-ceramics.com\/sk\/wp-json\/wp\/v2\/pages\/57\/revisions"}],"predecessor-version":[{"id":111,"href":"https:\/\/advance-ceramics.com\/sk\/wp-json\/wp\/v2\/pages\/57\/revisions\/111"}],"wp:attachment":[{"href":"https:\/\/advance-ceramics.com\/sk\/wp-json\/wp\/v2\/media?parent=57"}],"curies":[{"name":"wp","href":"https:\/\/api.w.org\/{rel}","templated":true}]}}