{"id":116,"date":"2022-08-24T19:44:43","date_gmt":"2022-08-24T11:44:43","guid":{"rendered":"https:\/\/advance-ceramics.com\/?page_id=116"},"modified":"2022-11-03T15:58:06","modified_gmt":"2022-11-03T07:58:06","slug":"virole-ceramice-pentru-sudarea-stifturilor","status":"publish","type":"page","link":"https:\/\/advance-ceramics.com\/ro\/ceramic-ferrules-for-stud-welding\/","title":{"rendered":"virole ceramice pentru sudarea \u0219tifturilor"},"content":{"rendered":"<p>Dac\u0103 efectua\u021bi sudur\u0103 cu arc tras, trebuie s\u0103 \u0219ti\u021bi despre feritele ceramice. Acestea sunt o parte esen\u021bial\u0103 a procesului, deoarece protejeaz\u0103 sudorul de expunerea la oxigen. Din p\u0103cate, acestea sunt elemente cu o singur\u0103 utilizare. Citi\u021bi acest articol pentru a afla mai multe despre utilizarea \u0219i avantajele lor. Apoi, pute\u021bi decide dac\u0103 merit\u0103 sau nu s\u0103 investi\u021bi \u00een ele. Mai jos sunt enumerate c\u00e2teva lucruri de care trebuie s\u0103 \u021bine\u021bi cont \u00eenainte de a le cump\u0103ra.<\/p>\n<p><strong>V\u00e2rfurile ceramice sunt o parte esen\u021bial\u0103 a procesului de sudare a \u0219tifturilor cu arc tras<\/strong><\/p>\n<p>Dac\u0103 sunte\u021bi implicat \u00een sudarea cu arc tras, atunci probabil a\u021bi auzit de virole ceramice. \u00cen timpul procesului de sudare, aceste tuburi metalice mici sunt ata\u0219ate \u00een jurul v\u00e2rfului pistolului de sudur\u0103. Procesul de sudare creeaz\u0103 oxizi \u0219i hidrocarburi care pot fi d\u0103un\u0103toare pentru o sudur\u0103 de \u00eenalt\u0103 calitate. Ferilele ceramice ofer\u0103 o rezisten\u021b\u0103 excelent\u0103 la \u0219ocurile termice \u0219i ajut\u0103 la reducerea acestor gaze. Spre deosebire de alte procese de sudare, aceste ferule\u021be sunt utilizate o singur\u0103 dat\u0103. Procesul de \u00eendep\u0103rtare a acestora necesit\u0103 ca pistolul de sudur\u0103 s\u0103 fie echipat cu o alt\u0103 virol\u0103.<\/p>\n<p>man\u0219onul ceramic \u00eendepline\u0219te mai multe func\u021bii \u00een procesul de sudare a \u0219tifturilor. Aceasta protejeaz\u0103 arcul \u0219i operatorul de contaminan\u021bi, ajut\u0103 la buna desf\u0103\u0219urare a procesului de sudare \u0219i formeaz\u0103 filetul pentru a preveni contaminarea. De asemenea, virola ofer\u0103 orificii de evacuare a gazelor de sudur\u0103. Deoarece virolele ceramice sunt de unic\u0103 folosin\u021b\u0103, procesul este foarte igienic. \u00cen plus, o virgul\u0103 ceramic\u0103 este de obicei fabricat\u0103 dintr-o ceramic\u0103 turnabil\u0103 de calitate inferioar\u0103. Acest lucru \u00eenseamn\u0103 c\u0103 virolele au toleran\u021be mai mari dec\u00e2t prelucrarea sau alte procese.<\/p>\n<p>virolele ceramice sunt o component\u0103 important\u0103 a procesului de sudare a bol\u021burilor cu arc tras. Acesta protejeaz\u0103 arcul \u0219i previne stropirea cu metal topit. De asemenea, \u00eempiedic\u0103 dezintegrarea \u0219tiftului \u00een timpul procesului de sudare. Odat\u0103 ce sudarea a fost finalizat\u0103, ferula este apoi rupt\u0103 \u0219i procesul de sudare este complet.<\/p>\n<p>Elementele sudate cu arc sunt utilizate \u00een t\u00e2mpl\u0103ria grea \u0219i atunci c\u00e2nd sudarea este sigur\u0103. Acestea includ sudarea \u0219uruburilor cu \u0219tift, a buc\u0219elor filetate sudate \u0219i multe alte elemente. Cel mai comun tip de sudare cu arc tras implic\u0103 utilizarea unei virole ceramice. Aceast\u0103 virol\u0103 ajut\u0103 la men\u021binerea metalului topit \u00een zona de sudur\u0103 \u0219i \u00eel \u00eempiedic\u0103 s\u0103 se oxideze.<\/p>\n<p><strong>Protejeaz\u0103 sudorul de expunerea la oxigen<\/strong><\/p>\n<p>feritele ceramice este un strat protector care \u00eenconjoar\u0103 un \u0219tift de sudur\u0103 \u00een timpul sud\u0103rii. Acesta \u00eempiedic\u0103 r\u0103sp\u00e2ndirea metalului \u00een afara zonei de sudur\u0103 \u0219i protejeaz\u0103 sudorul de expunerea la oxigen. Expunerea la oxigen cauzeaz\u0103 suduri poroase. De asemenea, reduce expunerea la lumina ultraviolet\u0103 \u00een zona \u00eenconjur\u0103toare. Ferula ceramic\u0103 poate fi \u00eendep\u0103rtat\u0103 dup\u0103 finalizarea sudurii.<\/p>\n<p>Ferilele variaz\u0103 \u00een form\u0103 \u0219i dimensiune \u0219i pot fi, de asemenea, personalizate pentru o anumit\u0103 func\u021bie. De exemplu, virolele plate sunt utilizate pentru sudarea pe suprafe\u021be orizontale. Aplica\u021biile pe pere\u021bi verticali necesit\u0103 virole cu orificii de aerisire pe o parte pentru a preveni scurgerea o\u021belului topit prin partea de jos. Pentru aceste aplica\u021bii, virolele trebuie s\u0103 fie special concepute cu orificii de aerisire pe o parte.<\/p>\n<p>Echipamentul conven\u021bional de sudur\u0103 cu \u0219tifturi poate expune sudorii la vapori \u0219i la riscuri musculo-scheletice. \u00cen plus fa\u021b\u0103 de posibilitatea de a suferi de dureri lombare, pozi\u021bia aplecat\u0103 plaseaz\u0103 zona de respira\u021bie \u00een penajul fumului de sudur\u0103. \u00cen consecin\u021b\u0103, feritele ceramice pentru sudarea cu \u0219tifturi contribuie la protejarea s\u0103n\u0103t\u0103\u021bii sudorului. De asemenea, acestea \u00eempiedic\u0103 oxigenul s\u0103 ajung\u0103 la pl\u0103m\u00e2ni.<\/p>\n<p>Utilizarea virolelor ceramice pentru sudarea \u0219tifturilor nu este o tehnologie nou\u0103. Ea este utilizat\u0103 de zeci de ani de c\u0103tre industrie. Sudorii care folosesc aceste ferulii pot s\u0103 sudeze f\u0103r\u0103 s\u0103 se aplece. Avantajele acestei tehnologii sunt numeroase \u0219i sunt benefice pentru s\u0103n\u0103tatea sudorului. Cu toate acestea, utilizarea acestui produs nou nu garanteaz\u0103 beneficiile sale pentru siguran\u021ba sudorilor.<\/p>\n<p>Echipamentul de sudare a st\u00e2lpilor este o munc\u0103 de o zi \u00eentreag\u0103. \u00cen timpul unui proiect de sudare a st\u00e2lpilor, sudorul \u0219i montatorul de structuri metalice lucreaz\u0103 \u00eempreun\u0103 pentru a configura echipamentul \u0219i a efectua procesul de sudare. Un alt lucr\u0103tor rectific\u0103 locurile de sudur\u0103 \u0219i ajut\u0103 la a\u0219ezarea st\u00e2lpilor. C\u00e2nd sudarea este finalizat\u0103, fumul de sudur\u0103 se deplaseaz\u0103 de la materialul de baz\u0103 la zona de respira\u021bie apropiat\u0103.<\/p>\n<p><strong>Sunt fragile<\/strong><\/p>\n<p>ferula ceramic\u0103 este un inel de protec\u021bie utilizat pentru a acoperi \u0219tiftul \u00een timpul procesului de sudare. Acestea ajut\u0103 la prevenirea r\u0103sp\u00e2ndirii \u0219tiftului \u00een timpul sud\u0103rii \u0219i protejeaz\u0103 zona \u00eenconjur\u0103toare de razele UV. O virol\u0103 ceramic\u0103 este un material foarte fragil \u0219i este adesea predispus\u0103 la a\u0219chiere. Din acest motiv, virolele ceramice sunt p\u0103r\u021bi importante ale procesului de sudare cu arc tras.<\/p>\n<p>Sudarea \u0219tifturilor necesit\u0103 un man\u0219on pentru a men\u021bine materialul de sudur\u0103 topit la locul s\u0103u \u00een timpul procesului de sudare. man\u0219onul de sudare a \u0219tifturilor are o form\u0103 care urmeaz\u0103 forma \u0219tiftului de sudur\u0103 \u0219i este de obicei rotund. Cu toate acestea, sunt disponibile \u0219i forme eliptice, p\u0103trate, dreptunghiulare \u0219i elice. \u00cen plus fa\u021b\u0103 de forma rotund\u0103, pute\u021bi g\u0103si, de asemenea, virole \u00een form\u0103 eliptic\u0103, tetraedric\u0103 sau ell, care sunt utilizate pentru a \u00eembina font\u0103 unghiular\u0103. Diametrul virolei trebuie s\u0103 corespund\u0103 dimensiunii \u0219tiftului de sudur\u0103.<\/p>\n<p>Pe l\u00e2ng\u0103 faptul c\u0103 sunt fragile, feritele ceramice sunt scumpe. Dar sunt u\u0219or de lucrat \u0219i nu ocup\u0103 mult spa\u021biu. Cu toate acestea, op\u021biunile pe care le ave\u021bi la dispozi\u021bie sunt numeroase \u0219i variaz\u0103 \u00een func\u021bie de nevoile dumneavoastr\u0103. \u00cen general, sudarea cu arc tras a \u0219tifturilor este recomandat\u0103 pentru materialele parentale cu un diametru de cel pu\u021bin 2 mm. Un diametru mai mare se va potrivi cu elemente de fixare mai mari.<\/p>\n<p>Un tip de ferul\u0103 ceramic\u0103 este nitrur\u0103 de bor. Aceasta are o aderen\u021b\u0103 sc\u0103zut\u0103 la metal \u0219i poate fi reutilizat\u0103 de mai multe ori. Aceasta \u00eenseamn\u0103 c\u0103 o pute\u021bi utiliza din nou. Acesta este un considerent important pentru aplica\u021biile de sudare a \u0219tifturilor. Av\u00e2nd \u00een vedere fragilitatea materialului, ar trebui s\u0103 v\u0103 asigura\u021bi c\u0103 virolele ceramice pe care le utiliza\u021bi sunt suficient de durabile pentru a rezista utiliz\u0103rii repetate.<\/p>\n<p><strong>Sunt un articol de unic\u0103 folosin\u021b\u0103<\/strong><\/p>\n<p>Ferula ceramic\u0103 este utilizat\u0103 \u00een procesul de sudare a st\u00e2lpilor. ferula pentru sudarea st\u00e2lpilor este proiectat\u0103 pentru a se potrivi unei func\u021bii specifice \u0219i este de obicei utilizat\u0103 pe suprafe\u021be orizontale. \u00cen cazul aplica\u021biilor pe pere\u021bi verticali, ferula ceramic\u0103 pentru sudarea \u0219tifturilor trebuie s\u0103 aib\u0103 orificii de aerisire pe o parte pentru a \u00eempiedica o\u021belul topit s\u0103 se scurg\u0103 prin partea de jos. Aceste orificii sunt \u00eencorporate \u00een man\u0219onul ceramic. Folosirea unei virole noi dup\u0103 una existent\u0103 poate reprezenta un risc grav pentru s\u0103n\u0103tate \u0219i este foarte pu\u021bin probabil ca un operator s\u0103 se simt\u0103 confortabil s\u0103 o foloseasc\u0103 din nou.<\/p>\n<p>V\u00e2rfurile ceramice pentru sudarea \u0219tifturilor pot fi de unic\u0103 folosin\u021b\u0103, deci sunt recomandate celor care nu sudeaz\u0103 dec\u00e2t de c\u00e2teva ori. Ele sunt ieftine \u0219i pot fi g\u0103site \u00een majoritatea magazinelor de sudura. Aceste virole sunt, de asemenea, fabricate din materiale non-toxice. Fierarii care le-au folosit pentru acest studiu erau membri ai Ironworkers Local 89, din Cedar Rapids, IA. Participan\u021bii la studiu aveau cu to\u021bii experien\u021b\u0103 \u00een sudarea cu \u0219tifturi \u0219i primiser\u0103 instruire de la coordonatorul form\u0103rii \u00een ucenicie. De asemenea, erau dreptaci, aveau 1,8 m \u00een\u0103l\u021bime \u0219i 89 kg. To\u021bi participan\u021bii \u0219i-au dat acordul scris \u00eenainte de efectuarea studiului.<\/p>\n<p>Atunci c\u00e2nd folosi\u021bi ferite ceramice pentru sudarea \u0219tifturilor, trebuie s\u0103 v\u0103 asigura\u021bi c\u0103 acestea sunt dimensionate corespunz\u0103tor \u0219i c\u0103 vor fi utilizate numai \u00een scopul dorit. \u00cen timpul procesului de sudare, feritele ceramice pot ac\u021biona ca un scut de arc. Acestea \u00eempiedic\u0103 contaminan\u021bii s\u0103 afecteze metalul topit, ceea ce poate sl\u0103bi sudura. Ferulii nu sunt necesari \u00een sudarea \u0219tifturilor de desc\u0103rcare a condensatorului, deoarece acest proces nu prezint\u0103 acelea\u0219i riscuri de r\u0103sp\u00e2ndire a metalului topit \u00een zonele adiacente.<\/p>\n<p><strong>Acestea sunt fabricate din ceramic\u0103 tehnic\u0103<\/strong><\/p>\n<p>virolele ceramice pentru sudarea \u0219tifturilor sunt utilizate pentru o varietate de aplica\u021bii \u0219i \u00eendeplinesc mai multe func\u021bii \u00een timpul sud\u0103rii. Ele protejeaz\u0103 \u0219tiftul de atmosfer\u0103 \u0219i ac\u021bioneaz\u0103 ca un scut de arc. De asemenea, ele formeaz\u0103 un filet care permite gazelor de sudur\u0103 s\u0103 ias\u0103. Aceste virole sunt de obicei de unic\u0103 folosin\u021b\u0103 \u0219i sunt fabricate dintr-o ceramic\u0103 tehnic\u0103 turnabil\u0103 de calitate superioar\u0103. \u0218tu\u021burile ceramice sunt ideale pentru sudarea cu \u0219tifturi datorit\u0103 rezisten\u021bei lor ridicate \u0219i rezisten\u021bei excelente la uzur\u0103. Ele sunt, de asemenea, nedeformabile, ceea ce le face ideale pentru utilizarea \u00een sudur\u0103.<\/p>\n<p>Exist\u0103 mai multe tipuri de \u0219tifturi. Cele mai comune sunt tipul filetat MD \u0219i tipul nestandardizat MPF. Ambele tipuri dispun de un \u0219tift filetat care se fileteaz\u0103 la v\u00e2rful pistolului de sudur\u0103. Pasul filetului MD este de trei sau patru milimetri, \u00een timp ce MPF are un diametru de opt milimetri.<\/p>\n<p>Scopul principal al acestor ferule\u021be este de a proteja bazinul de sudur\u0103. De asemenea, ele ajut\u0103 la stabilizarea arcului \u0219i protejeaz\u0103 operatorul de stropi \u0219i de turnarea prin suflare a arcului. Acestea sunt disponibile \u00een diferite dimensiuni \u0219i sunt fabricate \u00een conformitate cu standardul ISO 13918:2008. Acestea sunt concepute pentru a fi utilizate pe suprafe\u021be plane, orizontale. De asemenea, sunt disponibile \u00een virole care includ orificii de aerisire pe partea inferioar\u0103 pentru a preveni scurgerea o\u021belului topit pe partea inferioar\u0103.<\/p>\n<p>V\u00e2rfurile ceramice utilizate pentru sudarea \u0219tifturilor sunt foarte importante pentru asigurarea succesului procesului de sudare a \u0219tifturilor cu arc tras. Ele ajut\u0103 la protejarea \u0219tiftului de contaminare \u0219i permit procesului s\u0103 func\u021bioneze corect. Acestea sunt utilizate \u00een mod obi\u0219nuit pentru o varietate de aplica\u021bii \u0219i sunt disponibile \u00een diferite forme, dimensiuni \u0219i specifica\u021bii ale materialului ceramic. Acest articol va examina c\u00e2teva dintre beneficiile \u0219i utiliz\u0103rile virolelor pentru sudarea \u0219tifturilor.<\/p>","protected":false},"excerpt":{"rendered":"<p>If you are doing drawn arc stud welding, you need to know about ceramic ferrules. They are an essential part of the process, because they protect the welder from oxygen exposure. Unfortunately, they are one-use items. Read this article to learn more about their use and advantages. Then, you can decide whether or not they&hellip;&nbsp;<a href=\"https:\/\/advance-ceramics.com\/ro\/ceramic-ferrules-for-stud-welding\/\" class=\"\" rel=\"bookmark\">Cite\u0219te mai mult &raquo;<span class=\"screen-reader-text\">virole ceramice pentru sudarea \u0219tifturilor<\/span><\/a><\/p>","protected":false},"author":1,"featured_media":0,"parent":0,"menu_order":0,"comment_status":"closed","ping_status":"closed","template":"","meta":{"neve_meta_sidebar":"","neve_meta_container":"","neve_meta_enable_content_width":"","neve_meta_content_width":0,"neve_meta_title_alignment":"","neve_meta_author_avatar":"","neve_post_elements_order":"","neve_meta_disable_header":"","neve_meta_disable_footer":"","neve_meta_disable_title":"","footnotes":""},"aioseo_notices":[],"_links":{"self":[{"href":"https:\/\/advance-ceramics.com\/ro\/wp-json\/wp\/v2\/pages\/116"}],"collection":[{"href":"https:\/\/advance-ceramics.com\/ro\/wp-json\/wp\/v2\/pages"}],"about":[{"href":"https:\/\/advance-ceramics.com\/ro\/wp-json\/wp\/v2\/types\/page"}],"author":[{"embeddable":true,"href":"https:\/\/advance-ceramics.com\/ro\/wp-json\/wp\/v2\/users\/1"}],"replies":[{"embeddable":true,"href":"https:\/\/advance-ceramics.com\/ro\/wp-json\/wp\/v2\/comments?post=116"}],"version-history":[{"count":6,"href":"https:\/\/advance-ceramics.com\/ro\/wp-json\/wp\/v2\/pages\/116\/revisions"}],"predecessor-version":[{"id":164,"href":"https:\/\/advance-ceramics.com\/ro\/wp-json\/wp\/v2\/pages\/116\/revisions\/164"}],"wp:attachment":[{"href":"https:\/\/advance-ceramics.com\/ro\/wp-json\/wp\/v2\/media?parent=116"}],"curies":[{"name":"wp","href":"https:\/\/api.w.org\/{rel}","templated":true}]}}