{"id":57,"date":"2016-08-29T19:41:56","date_gmt":"2016-08-29T11:41:56","guid":{"rendered":"http:\/\/advance-ceramics.com\/?page_id=57"},"modified":"2022-07-08T22:19:48","modified_gmt":"2022-07-08T14:19:48","slug":"advanced-ceramic-solutions","status":"publish","type":"page","link":"https:\/\/advance-ceramics.com\/pt_pt\/","title":{"rendered":"SOBRE"},"content":{"rendered":"<p><a href=\"https:\/\/advance-ceramics.com\/pt_pt\/cropped-advanced-ceramics-1-jpg\/\"><img loading=\"lazy\" decoding=\"async\" class=\"alignnone size-full wp-image-52\" src=\"http:\/\/advance-ceramics.com\/wp-content\/uploads\/2016\/08\/cropped-advanced-ceramics-1.jpg\" alt=\"\" width=\"2000\" height=\"520\" srcset=\"https:\/\/advance-ceramics.com\/wp-content\/uploads\/2016\/08\/cropped-advanced-ceramics-1.jpg 2000w, https:\/\/advance-ceramics.com\/wp-content\/uploads\/2016\/08\/cropped-advanced-ceramics-1-300x78.jpg 300w, https:\/\/advance-ceramics.com\/wp-content\/uploads\/2016\/08\/cropped-advanced-ceramics-1-768x200.jpg 768w, https:\/\/advance-ceramics.com\/wp-content\/uploads\/2016\/08\/cropped-advanced-ceramics-1-1024x266.jpg 1024w, https:\/\/advance-ceramics.com\/wp-content\/uploads\/2016\/08\/cropped-advanced-ceramics-1-624x162.jpg 624w\" sizes=\"(max-width: 2000px) 100vw, 2000px\" \/><\/a>Estamos localizados em Xangai, China, especializada em I &amp; D, fabrica\u00e7\u00e3o e venda de produtos de materiais cer\u00e2micos avan\u00e7ados, incluindo alumina, zirc\u00f4nia, carboneto de sil\u00edcio, nitreto de sil\u00edcio, outras cer\u00e2micas avan\u00e7adas.<\/p>\r\n\r\n\r\n\r\n<p>Os nossos produtos s\u00e3o principalmente utilizados na ind\u00fastria aeroespacial, investiga\u00e7\u00e3o, processamento de alimentos, manuseamento de fluidos, cient\u00edfica, autom\u00f3vel, defesa, processamento t\u00e9rmico, eletr\u00f3nica e el\u00e9ctrica, controlo de processos, t\u00eaxtil, pasta de papel e papel, mec\u00e2nica, processamento de vidro, processamento de minerais e outras ind\u00fastrias.<\/p>\r\n\r\n\r\n\r\n<p>O nosso objetivo \u00e9 desenvolver, fabricar e vender produtos de uma forma rent\u00e1vel, que garanta uma elevada qualidade e seguran\u00e7a e que seja amiga do ambiente. Todos os nossos esfor\u00e7os centram-se na satisfa\u00e7\u00e3o das necessidades dos nossos clientes e na oferta da solu\u00e7\u00e3o de material avan\u00e7ado ideal para qualquer aplica\u00e7\u00e3o.<\/p>","protected":false},"excerpt":{"rendered":"<p>We are located in shanghai,china,specialized in R&amp;D, manufacturing and selling the products of advanced ceramic materials, including Alumina, Zirconia, Silicon Carbide, Silicon Nitride,other advanced ceramics. Our products are mainly used in Aerospace, Research, Food Processing, Fluid Handling, Scientific, Automotive, Defense, Thermal Processing, Electronic and Electrical, Process Control, Textile, Pulp and Paper, Mechanical, Glass Processing, Mineral&hellip;&nbsp;<a href=\"https:\/\/advance-ceramics.com\/pt_pt\/\" class=\"\" rel=\"bookmark\">Ler mais &raquo;<span class=\"screen-reader-text\">SOBRE<\/span><\/a><\/p>","protected":false},"author":1,"featured_media":0,"parent":0,"menu_order":0,"comment_status":"closed","ping_status":"closed","template":"","meta":{"neve_meta_sidebar":"","neve_meta_container":"","neve_meta_enable_content_width":"","neve_meta_content_width":0,"neve_meta_title_alignment":"","neve_meta_author_avatar":"","neve_post_elements_order":"","neve_meta_disable_header":"","neve_meta_disable_footer":"","neve_meta_disable_title":"","footnotes":""},"aioseo_notices":[],"_links":{"self":[{"href":"https:\/\/advance-ceramics.com\/pt_pt\/wp-json\/wp\/v2\/pages\/57"}],"collection":[{"href":"https:\/\/advance-ceramics.com\/pt_pt\/wp-json\/wp\/v2\/pages"}],"about":[{"href":"https:\/\/advance-ceramics.com\/pt_pt\/wp-json\/wp\/v2\/types\/page"}],"author":[{"embeddable":true,"href":"https:\/\/advance-ceramics.com\/pt_pt\/wp-json\/wp\/v2\/users\/1"}],"replies":[{"embeddable":true,"href":"https:\/\/advance-ceramics.com\/pt_pt\/wp-json\/wp\/v2\/comments?post=57"}],"version-history":[{"count":10,"href":"https:\/\/advance-ceramics.com\/pt_pt\/wp-json\/wp\/v2\/pages\/57\/revisions"}],"predecessor-version":[{"id":111,"href":"https:\/\/advance-ceramics.com\/pt_pt\/wp-json\/wp\/v2\/pages\/57\/revisions\/111"}],"wp:attachment":[{"href":"https:\/\/advance-ceramics.com\/pt_pt\/wp-json\/wp\/v2\/media?parent=57"}],"curies":[{"name":"wp","href":"https:\/\/api.w.org\/{rel}","templated":true}]}}