{"id":116,"date":"2022-08-24T19:44:43","date_gmt":"2022-08-24T11:44:43","guid":{"rendered":"https:\/\/advance-ceramics.com\/?page_id=116"},"modified":"2022-11-03T15:58:06","modified_gmt":"2022-11-03T07:58:06","slug":"virolas-de-ceramica-para-soldagem-de-pinos","status":"publish","type":"page","link":"https:\/\/advance-ceramics.com\/pt\/ceramic-ferrules-for-stud-welding\/","title":{"rendered":"Virolas de cer\u00e2mica para soldagem de pinos"},"content":{"rendered":"<p>Se voc\u00ea estiver soldando pinos de arco puxado, precisar\u00e1 conhecer as ponteiras de cer\u00e2mica. Elas s\u00e3o uma parte essencial do processo, pois protegem o soldador da exposi\u00e7\u00e3o ao oxig\u00eanio. Infelizmente, s\u00e3o itens de uso \u00fanico. Leia este artigo para saber mais sobre seu uso e suas vantagens. Depois, voc\u00ea poder\u00e1 decidir se vale a pena investir nelas ou n\u00e3o. Abaixo est\u00e3o listados alguns aspectos a serem considerados antes de compr\u00e1-los.<\/p>\n<p><strong>As ponteiras de cer\u00e2mica s\u00e3o uma parte essencial do processo de soldagem de pinos por arco el\u00e9trico<\/strong><\/p>\n<p>Se voc\u00ea trabalha com soldagem de pinos por arco el\u00e9trico, provavelmente j\u00e1 ouviu falar de ponteiras de cer\u00e2mica. Durante o processo de soldagem, esses pequenos tubos de metal s\u00e3o fixados ao redor da ponta da pistola de soldagem. O processo de soldagem cria \u00f3xidos e hidrocarbonetos que podem ser prejudiciais a uma solda de alta qualidade. As ponteiras de cer\u00e2mica oferecem excelente resist\u00eancia ao choque t\u00e9rmico e ajudam a reduzir esses gases. Diferentemente de outros processos de soldagem, essas ponteiras s\u00e3o usadas apenas uma vez. O processo de remo\u00e7\u00e3o requer que a pistola de soldagem seja equipada com um ferrolho diferente.<\/p>\n<p>O ferrolho de cer\u00e2mica tem muitas fun\u00e7\u00f5es em um processo de soldagem de pinos. Ela protege o arco e o operador de contaminantes, ajuda o processo de soldagem a funcionar sem problemas e forma o filete para ajudar a evitar a contamina\u00e7\u00e3o. A ponteira tamb\u00e9m fornece aberturas para a sa\u00edda dos gases de solda. Como as ponteiras de cer\u00e2mica s\u00e3o descart\u00e1veis, o processo \u00e9 altamente higi\u00eanico. Al\u00e9m disso, uma ponteira de cer\u00e2mica geralmente \u00e9 feita de uma cer\u00e2mica mold\u00e1vel de baixo grau. Isso significa que as ponteiras t\u00eam toler\u00e2ncias maiores do que a usinagem ou outros processos.<\/p>\n<p>As ponteiras de cer\u00e2mica s\u00e3o um componente importante do processo de soldagem de pinos por arco el\u00e9trico. Ela protege o arco e evita respingos do metal fundido. Tamb\u00e9m evita que o pino seja desintegrado durante o processo de soldagem. Ap\u00f3s a conclus\u00e3o da solda, a ponteira \u00e9 quebrada e o processo de soldagem \u00e9 conclu\u00eddo.<\/p>\n<p>Os elementos soldados por arco s\u00e3o usados em carpintaria pesada e quando a soldagem \u00e9 segura. Eles incluem a soldagem de parafusos prisioneiros, buchas rosqueadas soldadas e muitos outros itens. O tipo mais comum de soldagem por arco el\u00e9trico envolve o uso de uma ponteira de cer\u00e2mica. Essa ponteira ajuda a manter o metal fundido na zona de solda e evita que ele se oxide.<\/p>\n<p><strong>Eles protegem o soldador da exposi\u00e7\u00e3o ao oxig\u00eanio<\/strong><\/p>\n<p>A virola de cer\u00e2mica \u00e9 uma camada protetora que envolve um pino de solda durante a soldagem. Ela evita que o metal se espalhe para fora da zona de solda e protege o soldador da exposi\u00e7\u00e3o ao oxig\u00eanio. A exposi\u00e7\u00e3o ao oxig\u00eanio causa soldas porosas. Ele tamb\u00e9m reduz a exposi\u00e7\u00e3o \u00e0 luz ultravioleta na \u00e1rea circundante. O ferrolho de cer\u00e2mica pode ser removido ap\u00f3s a conclus\u00e3o da solda.<\/p>\n<p>As ponteiras variam em forma e tamanho e tamb\u00e9m podem ser personalizadas para uma fun\u00e7\u00e3o espec\u00edfica. Por exemplo, as ponteiras planas s\u00e3o usadas para soldagem em superf\u00edcies horizontais. As aplica\u00e7\u00f5es em paredes verticais exigem ponteiras com aberturas em um dos lados para evitar que o a\u00e7o fundido saia pela parte inferior. Para essas aplica\u00e7\u00f5es, as ponteiras devem ser especialmente projetadas com aberturas em um dos lados.<\/p>\n<p>O equipamento convencional de soldagem de pinos pode expor os soldadores a vapores e riscos musculoesquel\u00e9ticos. Al\u00e9m da possibilidade de sofrer dor lombar, a posi\u00e7\u00e3o inclinada coloca a zona de respira\u00e7\u00e3o na pluma de fuma\u00e7a de soldagem. Consequentemente, as ponteiras de cer\u00e2mica para soldagem de pinos ajudam a proteger a sa\u00fade do soldador. Elas tamb\u00e9m impedem que o oxig\u00eanio chegue aos pulm\u00f5es.<\/p>\n<p>O uso de ponteiras de cer\u00e2mica para soldagem de pinos n\u00e3o \u00e9 uma tecnologia nova. Ela vem sendo usada h\u00e1 d\u00e9cadas pelo setor. Os soldadores que usam essas ponteiras conseguem soldar sem se abaixar. As vantagens dessa tecnologia s\u00e3o muitas e ben\u00e9ficas para a sa\u00fade do soldador. Entretanto, o uso desse novo produto n\u00e3o garante seus benef\u00edcios para a seguran\u00e7a do soldador.<\/p>\n<p>O equipamento de soldagem de pinos \u00e9 um trabalho que dura o dia inteiro. Durante um projeto de soldagem de pinos, o soldador e o ferreiro estrutural trabalham juntos para montar o equipamento e realizar o processo de soldagem. Outro trabalhador faz o esmerilhamento dos locais de solda e auxilia na coloca\u00e7\u00e3o dos pinos. Quando a solda \u00e9 conclu\u00edda, a pluma de fuma\u00e7a de solda se desloca do material de base at\u00e9 a zona de respira\u00e7\u00e3o pr\u00f3xima.<\/p>\n<p><strong>Eles s\u00e3o fr\u00e1geis<\/strong><\/p>\n<p>O ferrolho de cer\u00e2mica \u00e9 um anel de prote\u00e7\u00e3o usado para cobrir o pino durante o processo de soldagem. Eles ajudam a evitar que o pino se espalhe durante a soldagem e protegem a \u00e1rea ao redor dos raios UV. A virola de cer\u00e2mica \u00e9 um material muito fr\u00e1gil e, muitas vezes, propenso a se lascar. Por esse motivo, as ponteiras de cer\u00e2mica s\u00e3o partes importantes do processo de soldagem por arco el\u00e9trico.<\/p>\n<p>A soldagem de pinos requer um ferrolho para manter o material de solda derretido no lugar durante o processo de soldagem. O ferrolho de soldagem de pinos \u00e9 moldado para seguir o formato do pino de solda e, normalmente, \u00e9 redondo. No entanto, tamb\u00e9m h\u00e1 formatos el\u00edpticos, quadrados, retangulares e em forma de cotovelo dispon\u00edveis. Al\u00e9m do formato redondo, tamb\u00e9m \u00e9 poss\u00edvel encontrar anilhas nos formatos el\u00edptico, tetraedro ou ell, que s\u00e3o usadas para unir cantoneiras de ferro. O di\u00e2metro da ponteira deve corresponder ao tamanho do pino de solda.<\/p>\n<p>Al\u00e9m de serem fr\u00e1geis, as ponteiras de cer\u00e2mica s\u00e3o caras. Mas s\u00e3o f\u00e1ceis de trabalhar e n\u00e3o ocupam muito espa\u00e7o. No entanto, as op\u00e7\u00f5es dispon\u00edveis s\u00e3o muitas e variam de acordo com suas necessidades. Em geral, recomenda-se a soldagem de pinos por arco el\u00e9trico para materiais de base com um di\u00e2metro de pelo menos 2 mm. Um di\u00e2metro maior ser\u00e1 compat\u00edvel com fixadores maiores.<\/p>\n<p>Um tipo de ponteira de cer\u00e2mica \u00e9 o nitreto de boro. Ela tem baixa ades\u00e3o ao metal e pode ser reutilizada v\u00e1rias vezes. Isso significa que voc\u00ea pode us\u00e1-la novamente. Essa \u00e9 uma considera\u00e7\u00e3o importante para aplica\u00e7\u00f5es de soldagem de pinos. Considerando a fragilidade do material, voc\u00ea deve se certificar de que as ponteiras de cer\u00e2mica usadas sejam dur\u00e1veis o suficiente para suportar o uso repetido.<\/p>\n<p><strong>Eles s\u00e3o um item de uso \u00fanico<\/strong><\/p>\n<p>A virola de cer\u00e2mica \u00e9 usada no processo de soldagem de pinos. A virola de soldagem de pinos \u00e9 projetada para atender a uma fun\u00e7\u00e3o espec\u00edfica e geralmente \u00e9 usada em superf\u00edcies horizontais. Em aplica\u00e7\u00f5es de paredes verticais, a virola de cer\u00e2mica para soldagem de pinos deve ter aberturas em um lado para evitar que o a\u00e7o fundido vaze pela parte inferior. Essas aberturas s\u00e3o incorporadas \u00e0 virola de cer\u00e2mica. Usar uma nova ponteira depois de uma j\u00e1 existente pode representar um s\u00e9rio risco \u00e0 sa\u00fade, e \u00e9 altamente improv\u00e1vel que o operador se sinta confort\u00e1vel em us\u00e1-la novamente.<\/p>\n<p>As ponteiras de cer\u00e2mica para soldagem de pinos podem ser um item de uso \u00fanico, por isso s\u00e3o recomendadas para quem solda apenas algumas vezes. Elas s\u00e3o baratas e podem ser encontradas na maioria das lojas de material de soldagem. Essas ponteiras tamb\u00e9m s\u00e3o feitas de materiais n\u00e3o t\u00f3xicos. Os ferreiros que as utilizaram neste estudo eram membros da Ironworkers Local 89, em Cedar Rapids, IA. Todos os participantes do estudo tinham experi\u00eancia com soldagem de pinos e haviam recebido treinamento do coordenador de treinamento de aprendizagem. Eles tamb\u00e9m eram destros, tinham 1,8 m de altura e 89 kg. Todos os participantes deram consentimento por escrito antes da realiza\u00e7\u00e3o do estudo.<\/p>\n<p>Ao usar anilhas de cer\u00e2mica para soldagem de pinos, voc\u00ea precisa se certificar de que elas tenham o tamanho adequado e que sejam usadas somente para a finalidade desejada. Durante o processo de soldagem, as ponteiras de cer\u00e2mica podem atuar como um escudo de arco. Elas impedem que os contaminantes afetem o metal fundido, o que pode enfraquecer a solda. As ponteiras n\u00e3o s\u00e3o necess\u00e1rias na soldagem de pinos de descarga de capacitores, pois esse processo n\u00e3o apresenta os mesmos riscos de propaga\u00e7\u00e3o do metal fundido para \u00e1reas adjacentes.<\/p>\n<p><strong>Eles s\u00e3o feitos de cer\u00e2mica t\u00e9cnica<\/strong><\/p>\n<p>As ponteiras de cer\u00e2mica para soldagem de pinos s\u00e3o usadas em uma variedade de aplica\u00e7\u00f5es e desempenham v\u00e1rias fun\u00e7\u00f5es durante a soldagem. Elas protegem o pino da atmosfera e atuam como um escudo de arco. Tamb\u00e9m formam um filete que permite a sa\u00edda dos gases de solda. Essas ponteiras s\u00e3o geralmente descart\u00e1veis e s\u00e3o feitas de uma cer\u00e2mica t\u00e9cnica mold\u00e1vel de alto grau. As ponteiras de cer\u00e2mica s\u00e3o ideais para a soldagem de pinos devido \u00e0 sua alta resist\u00eancia e excelente resist\u00eancia ao desgaste. Elas tamb\u00e9m n\u00e3o s\u00e3o deform\u00e1veis, o que as torna ideais para uso em soldagem.<\/p>\n<p>H\u00e1 v\u00e1rios tipos de prisioneiros. Os mais comuns s\u00e3o o tipo rosqueado MD e o tipo n\u00e3o padronizado MPF. Ambos os tipos apresentam um pino rosqueado que se encaixa na ponta da pistola de solda. O passo da rosca do MD \u00e9 de tr\u00eas ou quatro mil\u00edmetros, enquanto o MPF tem um di\u00e2metro de oito mil\u00edmetros.<\/p>\n<p>O principal objetivo dessas ponteiras \u00e9 proteger o banho de solda. Elas tamb\u00e9m ajudam a estabilizar o arco e protegem o operador contra respingos e moldagem por sopro do arco. Elas est\u00e3o dispon\u00edveis em diferentes tamanhos e s\u00e3o fabricadas de acordo com a norma ISO 13918:2008. S\u00e3o projetados para uso em superf\u00edcies planas e horizontais. Tamb\u00e9m est\u00e3o dispon\u00edveis em virolas que incluem aberturas na parte inferior para evitar que o a\u00e7o fundido saia pela parte inferior.<\/p>\n<p>As ponteiras de cer\u00e2mica usadas na soldagem de pinos s\u00e3o muito importantes para garantir o sucesso do processo de soldagem de pinos por arco el\u00e9trico. Elas ajudam a proteger o pino contra contamina\u00e7\u00e3o e permitem que o processo funcione adequadamente. S\u00e3o comumente usadas em uma variedade de aplica\u00e7\u00f5es e est\u00e3o dispon\u00edveis em diferentes formas, tamanhos e especifica\u00e7\u00f5es de material cer\u00e2mico. Este artigo examinar\u00e1 alguns dos benef\u00edcios e usos das ponteiras para soldagem de pinos.<\/p>","protected":false},"excerpt":{"rendered":"<p>If you are doing drawn arc stud welding, you need to know about ceramic ferrules. They are an essential part of the process, because they protect the welder from oxygen exposure. Unfortunately, they are one-use items. Read this article to learn more about their use and advantages. Then, you can decide whether or not they&hellip;&nbsp;<a href=\"https:\/\/advance-ceramics.com\/pt\/ceramic-ferrules-for-stud-welding\/\" class=\"\" rel=\"bookmark\">Continue a ler &raquo;<span class=\"screen-reader-text\">Virolas de cer\u00e2mica para soldagem de pinos<\/span><\/a><\/p>","protected":false},"author":1,"featured_media":0,"parent":0,"menu_order":0,"comment_status":"closed","ping_status":"closed","template":"","meta":{"neve_meta_sidebar":"","neve_meta_container":"","neve_meta_enable_content_width":"","neve_meta_content_width":0,"neve_meta_title_alignment":"","neve_meta_author_avatar":"","neve_post_elements_order":"","neve_meta_disable_header":"","neve_meta_disable_footer":"","neve_meta_disable_title":"","footnotes":""},"aioseo_notices":[],"_links":{"self":[{"href":"https:\/\/advance-ceramics.com\/pt\/wp-json\/wp\/v2\/pages\/116"}],"collection":[{"href":"https:\/\/advance-ceramics.com\/pt\/wp-json\/wp\/v2\/pages"}],"about":[{"href":"https:\/\/advance-ceramics.com\/pt\/wp-json\/wp\/v2\/types\/page"}],"author":[{"embeddable":true,"href":"https:\/\/advance-ceramics.com\/pt\/wp-json\/wp\/v2\/users\/1"}],"replies":[{"embeddable":true,"href":"https:\/\/advance-ceramics.com\/pt\/wp-json\/wp\/v2\/comments?post=116"}],"version-history":[{"count":6,"href":"https:\/\/advance-ceramics.com\/pt\/wp-json\/wp\/v2\/pages\/116\/revisions"}],"predecessor-version":[{"id":164,"href":"https:\/\/advance-ceramics.com\/pt\/wp-json\/wp\/v2\/pages\/116\/revisions\/164"}],"wp:attachment":[{"href":"https:\/\/advance-ceramics.com\/pt\/wp-json\/wp\/v2\/media?parent=116"}],"curies":[{"name":"wp","href":"https:\/\/api.w.org\/{rel}","templated":true}]}}