{"id":57,"date":"2016-08-29T19:41:56","date_gmt":"2016-08-29T11:41:56","guid":{"rendered":"http:\/\/advance-ceramics.com\/?page_id=57"},"modified":"2022-07-08T22:19:48","modified_gmt":"2022-07-08T14:19:48","slug":"advanced-ceramic-solutions","status":"publish","type":"page","link":"https:\/\/advance-ceramics.com\/pl\/","title":{"rendered":"O"},"content":{"rendered":"<p><a href=\"https:\/\/advance-ceramics.com\/pl\/cropped-advanced-ceramics-1-jpg\/\"><img loading=\"lazy\" decoding=\"async\" class=\"alignnone size-full wp-image-52\" src=\"http:\/\/advance-ceramics.com\/wp-content\/uploads\/2016\/08\/cropped-advanced-ceramics-1.jpg\" alt=\"\" width=\"2000\" height=\"520\" srcset=\"https:\/\/advance-ceramics.com\/wp-content\/uploads\/2016\/08\/cropped-advanced-ceramics-1.jpg 2000w, https:\/\/advance-ceramics.com\/wp-content\/uploads\/2016\/08\/cropped-advanced-ceramics-1-300x78.jpg 300w, https:\/\/advance-ceramics.com\/wp-content\/uploads\/2016\/08\/cropped-advanced-ceramics-1-768x200.jpg 768w, https:\/\/advance-ceramics.com\/wp-content\/uploads\/2016\/08\/cropped-advanced-ceramics-1-1024x266.jpg 1024w, https:\/\/advance-ceramics.com\/wp-content\/uploads\/2016\/08\/cropped-advanced-ceramics-1-624x162.jpg 624w\" sizes=\"(max-width: 2000px) 100vw, 2000px\" \/><\/a>Znajdujemy si\u0119 w Szanghaju w Chinach, specjalizujemy si\u0119 w badaniach i rozwoju, produkcji i sprzeda\u017cy produkt\u00f3w z zaawansowanych materia\u0142\u00f3w ceramicznych, w tym tlenku glinu, tlenku cyrkonu, w\u0119glika krzemu, azotku krzemu i innych zaawansowanych materia\u0142\u00f3w ceramicznych.<\/p>\r\n\r\n\r\n\r\n<p>Nasze produkty s\u0105 stosowane g\u0142\u00f3wnie w przemy\u015ble lotniczym, badawczym, przetw\u00f3rstwie \u017cywno\u015bci, obr\u00f3bce p\u0142yn\u00f3w, naukowym, motoryzacyjnym, obronnym, obr\u00f3bce cieplnej, elektronicznym i elektrycznym, kontroli proces\u00f3w, tekstylnym, celulozowo-papierniczym, mechanicznym, przetw\u00f3rstwie szk\u0142a, przetw\u00f3rstwie minera\u0142\u00f3w i innych ga\u0142\u0119ziach przemys\u0142u.<\/p>\r\n\r\n\r\n\r\n<p>Naszym celem jest opracowywanie, wytwarzanie i sprzeda\u017c produkt\u00f3w w spos\u00f3b, kt\u00f3ry jest op\u0142acalny, zapewnia wysok\u0105 jako\u015b\u0107 i bezpiecze\u0144stwo oraz jest przyjazny dla \u015brodowiska. Wszystkie nasze wysi\u0142ki koncentruj\u0105 si\u0119 na zaspokajaniu potrzeb naszych klient\u00f3w i oferowaniu idealnych zaawansowanych rozwi\u0105za\u0144 materia\u0142owych do ka\u017cdego zastosowania.<\/p>","protected":false},"excerpt":{"rendered":"<p>We are located in shanghai,china,specialized in R&amp;D, manufacturing and selling the products of advanced ceramic materials, including Alumina, Zirconia, Silicon Carbide, Silicon Nitride,other advanced ceramics. Our products are mainly used in Aerospace, Research, Food Processing, Fluid Handling, Scientific, Automotive, Defense, Thermal Processing, Electronic and Electrical, Process Control, Textile, Pulp and Paper, Mechanical, Glass Processing, Mineral&hellip;&nbsp;<a href=\"https:\/\/advance-ceramics.com\/pl\/\" class=\"\" rel=\"bookmark\">Czytaj dalej &raquo;<span class=\"screen-reader-text\">O<\/span><\/a><\/p>","protected":false},"author":1,"featured_media":0,"parent":0,"menu_order":0,"comment_status":"closed","ping_status":"closed","template":"","meta":{"neve_meta_sidebar":"","neve_meta_container":"","neve_meta_enable_content_width":"","neve_meta_content_width":0,"neve_meta_title_alignment":"","neve_meta_author_avatar":"","neve_post_elements_order":"","neve_meta_disable_header":"","neve_meta_disable_footer":"","neve_meta_disable_title":"","footnotes":""},"aioseo_notices":[],"_links":{"self":[{"href":"https:\/\/advance-ceramics.com\/pl\/wp-json\/wp\/v2\/pages\/57"}],"collection":[{"href":"https:\/\/advance-ceramics.com\/pl\/wp-json\/wp\/v2\/pages"}],"about":[{"href":"https:\/\/advance-ceramics.com\/pl\/wp-json\/wp\/v2\/types\/page"}],"author":[{"embeddable":true,"href":"https:\/\/advance-ceramics.com\/pl\/wp-json\/wp\/v2\/users\/1"}],"replies":[{"embeddable":true,"href":"https:\/\/advance-ceramics.com\/pl\/wp-json\/wp\/v2\/comments?post=57"}],"version-history":[{"count":10,"href":"https:\/\/advance-ceramics.com\/pl\/wp-json\/wp\/v2\/pages\/57\/revisions"}],"predecessor-version":[{"id":111,"href":"https:\/\/advance-ceramics.com\/pl\/wp-json\/wp\/v2\/pages\/57\/revisions\/111"}],"wp:attachment":[{"href":"https:\/\/advance-ceramics.com\/pl\/wp-json\/wp\/v2\/media?parent=57"}],"curies":[{"name":"wp","href":"https:\/\/api.w.org\/{rel}","templated":true}]}}