{"id":116,"date":"2022-08-24T19:44:43","date_gmt":"2022-08-24T11:44:43","guid":{"rendered":"https:\/\/advance-ceramics.com\/?page_id=116"},"modified":"2022-11-03T15:58:06","modified_gmt":"2022-11-03T07:58:06","slug":"keramiske-hylser-for-boltesveising","status":"publish","type":"page","link":"https:\/\/advance-ceramics.com\/nb\/ceramic-ferrules-for-stud-welding\/","title":{"rendered":"keramiske hylser for boltesveising"},"content":{"rendered":"<p>Hvis du sveiser med trukne lysbuebolter, m\u00e5 du kjenne til keramiske hylser. De er en viktig del av prosessen, fordi de beskytter sveiseren mot oksygeneksponering. Dessverre er de engangsartikler. Les denne artikkelen for \u00e5 l\u00e6re mer om bruken og fordelene. Deretter kan du avgj\u00f8re om det er verdt \u00e5 investere i dem eller ikke. Nedenfor er det listet opp noen ting du b\u00f8r tenke p\u00e5 f\u00f8r du kj\u00f8per dem.<\/p>\n<p><strong>Keramiske hylser er en viktig del av prosessen med trukne lysbueboltesveising<\/strong><\/p>\n<p>Hvis du jobber med pulverbuesveising, har du sikkert h\u00f8rt om keramiske hylser. Under sveiseprosessen festes disse sm\u00e5 metallr\u00f8rene rundt spissen p\u00e5 sveisepistolen. Sveiseprosessen skaper oksider og hydrokarboner som kan v\u00e6re skadelige for en sveis av h\u00f8y kvalitet. Keramiske r\u00f8rhylser gir utmerket motstand mot termisk sjokk og bidrar til \u00e5 redusere disse gassene. I motsetning til andre sveiseprosesser brukes disse hylsene bare \u00e9n gang. For \u00e5 fjerne dem m\u00e5 sveisepistolen utstyres med en annen hylse.<\/p>\n<p>Den keramiske hylsen har mange funksjoner i en boltesveiseprosess. Den beskytter lysbuen og operat\u00f8ren mot forurensninger, bidrar til at sveiseprosessen g\u00e5r smidig, og den danner en kile som bidrar til \u00e5 forhindre forurensning. Hylsen s\u00f8rger ogs\u00e5 for at sveisegassene kan slippe ut. Fordi keramiske hylser er engangsartikler, er prosessen sv\u00e6rt hygienisk. Dessuten er en keramisk hylse vanligvis laget av en st\u00f8pbar keramikk av lav kvalitet. Det betyr at hylsene har st\u00f8rre toleranser enn maskinbearbeiding eller andre prosesser.<\/p>\n<p>keramiske hylser er en viktig komponent i prosessen med trukne lysbueboltesveising. Den beskytter lysbuen og forhindrer sprut fra det smeltede metallet. Den forhindrer ogs\u00e5 at bolten g\u00e5r i oppl\u00f8sning under sveiseprosessen. N\u00e5r sveisingen er fullf\u00f8rt, brytes hylsen av, og sveiseprosessen er fullf\u00f8rt.<\/p>\n<p>Lysbuesveiste elementer brukes i tunge snekkerarbeider og n\u00e5r sveising er trygt. De omfatter blant annet sveisebolter, p\u00e5sveisede gjengeb\u00f8sninger og mange andre elementer. Den vanligste typen lysbuesveising inneb\u00e6rer bruk av en keramisk hylse. Denne hylsen bidrar til \u00e5 holde det smeltede metallet i sveisesonen og hindrer det i \u00e5 oksidere.<\/p>\n<p><strong>De beskytter sveiseren mot eksponering for oksygen<\/strong><\/p>\n<p>keramiske hylser er et beskyttende lag som omgir en sveisebolt under sveisingen. Det hindrer metallet i \u00e5 spre seg ut av sveisesonen og beskytter sveiseren mot eksponering for oksygen. Oksygeneksponering for\u00e5rsaker por\u00f8se sveiser. Den reduserer ogs\u00e5 eksponeringen for ultrafiolett lys i omr\u00e5det rundt. Den keramiske hylsen kan fjernes etter at sveisingen er fullf\u00f8rt.<\/p>\n<p>Hylser varierer i form og st\u00f8rrelse og kan ogs\u00e5 skreddersys for en bestemt funksjon. Flate hylser brukes for eksempel til sveising p\u00e5 horisontale flater. Vertikale vegger krever hylser med ventilasjons\u00e5pninger p\u00e5 den ene siden for \u00e5 hindre at smeltet st\u00e5l renner ut i bunnen. For disse bruksomr\u00e5dene m\u00e5 hylsene spesialdesignes med ventilasjons\u00e5pninger p\u00e5 den ene siden.<\/p>\n<p>Konvensjonelt utstyr for boltesveising kan utsette sveiserne for r\u00f8yk og muskel- og skjelettskader. I tillegg til at sveiseren kan f\u00e5 vondt i korsryggen, utsettes han eller hun for sveiser\u00f8yken n\u00e5r han eller hun b\u00f8yer seg ned. Derfor bidrar keramiske hylser for boltesveising til \u00e5 beskytte sveiserens helse. De hindrer ogs\u00e5 oksygen i \u00e5 n\u00e5 lungene.<\/p>\n<p>Bruken av keramiske hylser til boltesveising er ikke en ny teknologi. Den har v\u00e6rt brukt i industrien i flere ti\u00e5r. Sveisere som bruker disse hylsene, kan sveise uten \u00e5 b\u00f8ye seg. Fordelene med denne teknologien er mange, og de er gunstige for sveiserens helse. Bruken av dette nye produktet garanterer imidlertid ikke at det er til fordel for sveiserens sikkerhet.<\/p>\n<p>Boltsveising er en heldagsjobb. Under et boltesveiseprosjekt samarbeider sveiseren og bygningsarbeideren om \u00e5 sette opp utstyret og utf\u00f8re sveiseprosessen. En annen arbeider sliper sveisepunktene og hjelper til med \u00e5 legge ut boltene. N\u00e5r sveisingen er ferdig, beveger sveiser\u00f8yken seg fra grunnmaterialet til den n\u00e6rmeste pustesonen.<\/p>\n<p><strong>De er spr\u00f8<\/strong><\/p>\n<p>Keramisk hylse er en beskyttelsesring som brukes til \u00e5 dekke bolten under sveiseprosessen. De bidrar til \u00e5 forhindre at bolten sprer seg under sveisingen og beskytter omr\u00e5det rundt mot UV-str\u00e5ler. En keramisk hylse er et sv\u00e6rt spr\u00f8tt materiale, og er ofte utsatt for avflising. Derfor er keramiske hylser en viktig del av prosessen med trukne lysbuer.<\/p>\n<p>Boltsveising krever en hylse for \u00e5 holde det smeltede sveisematerialet p\u00e5 plass under sveiseprosessen. Boltsveisehylsen er formet for \u00e5 f\u00f8lge formen til sveisebolten, og er vanligvis rund. Det finnes imidlertid ogs\u00e5 elliptiske, kvadratiske, rektangul\u00e6re og elliptiske former. I tillegg til den runde formen kan du ogs\u00e5 finne hylser i elliptisk, tetraeder- eller ell-form, som brukes til \u00e5 skj\u00f8te vinkeljern. Hylsens diameter b\u00f8r samsvare med st\u00f8rrelsen p\u00e5 sveisebolten.<\/p>\n<p>I tillegg til \u00e5 v\u00e6re spr\u00f8, er keramiske hylser dyre. Men de er enkle \u00e5 jobbe med og tar ikke mye plass. Du har imidlertid mange valgmuligheter, og de varierer avhengig av behovene dine. Generelt anbefales det \u00e5 bruke lysbueboltesveising p\u00e5 grunnmaterialer med en diameter p\u00e5 minst 2 mm. En st\u00f8rre diameter passer til st\u00f8rre festemidler.<\/p>\n<p>En type keramisk ferrule er bornitrid. Den har lav vedheft til metallet og kan gjenbrukes mange ganger. Det betyr at du kan bruke den om igjen. Dette er en viktig faktor n\u00e5r du skal sveise bolter. Med tanke p\u00e5 materialets spr\u00f8het b\u00f8r du s\u00f8rge for at de keramiske hylsene du bruker, er slitesterke nok til \u00e5 t\u00e5le gjentatt bruk.<\/p>\n<p><strong>De er en engangsartikkel<\/strong><\/p>\n<p>Den keramiske hylsen brukes i boltesveiseprosessen. Boltesveisehylsen er utformet for \u00e5 passe til en bestemt funksjon, og brukes vanligvis p\u00e5 horisontale flater. P\u00e5 vertikale vegger m\u00e5 keramiske hylser for boltesveising ha ventilasjons\u00e5pninger p\u00e5 den ene siden for \u00e5 hindre at smeltet st\u00e5l lekker ut i bunnen. Disse ventilasjons\u00e5pningene er integrert i den keramiske hylsen. Bruk av en ny hylse etter en eksisterende hylse kan utgj\u00f8re en alvorlig helserisiko, og det er h\u00f8yst usannsynlig at en operat\u00f8r vil v\u00e6re komfortabel med \u00e5 bruke den igjen.<\/p>\n<p>Keramiske hylser for boltesveising kan v\u00e6re en engangsartikkel, s\u00e5 de anbefales for dem som bare sveiser noen f\u00e5 ganger. De er rimelige og finnes i de fleste sveiseforretninger. Disse hylsene er ogs\u00e5 laget av giftfrie materialer. Jernarbeiderne som brukte dem i denne studien, var medlemmer av Ironworkers Local 89 i Cedar Rapids, IA. Deltakerne i studien hadde alle erfaring med boltesveising og hadde f\u00e5tt oppl\u00e6ring av koordinatoren for l\u00e6rlingeoppl\u00e6ringen. De var ogs\u00e5 h\u00f8yrehendte, 1,8 m h\u00f8ye og veide 89 kg. Alle deltakerne ga skriftlig samtykke f\u00f8r studien ble gjennomf\u00f8rt.<\/p>\n<p>N\u00e5r du bruker keramiske hylser til boltesveising, m\u00e5 du s\u00f8rge for at de er riktig dimensjonert og at de kun brukes til det \u00f8nskede form\u00e5let. Under sveiseprosessen kan keramiske hylser fungere som et lysbueskjold. De forhindrer at forurensninger p\u00e5virker det smeltede metallet, noe som kan svekke sveisen. Det er ikke n\u00f8dvendig med hylser ved kondensatorutladningsboltsveising, ettersom denne prosessen ikke har samme risiko for at smeltet metall sprer seg til tilst\u00f8tende omr\u00e5der.<\/p>\n<p><strong>De er laget av teknisk keramikk<\/strong><\/p>\n<p>Keramiske hylser for boltesveising brukes til en rekke ulike bruksomr\u00e5der og har flere funksjoner under sveising. De skjermer bolten mot atmosf\u00e6ren og fungerer som lysbueskjold. De danner ogs\u00e5 en fillet som gj\u00f8r at sveisegassene kan slippe ut. Disse hylsene er vanligvis engangsartikler og er laget av formbar teknisk keramikk av h\u00f8y kvalitet. Keramiske hylser er ideelle for boltesveising p\u00e5 grunn av deres h\u00f8ye styrke og utmerkede slitestyrke. De er dessuten ikke deformerbare, noe som gj\u00f8r dem ideelle til sveising.<\/p>\n<p>Det finnes flere typer bolter. De vanligste er den gjengede typen MD og den ikke-standardiserte typen MPF. Begge typene har en gjenget tapp som er gjenget inn i sveisepistolens spiss. Gjengestigningen p\u00e5 MD er tre eller fire millimeter, mens MPF har en diameter p\u00e5 \u00e5tte millimeter.<\/p>\n<p>Hovedform\u00e5let med disse hylsene er \u00e5 beskytte smeltebadet. De bidrar ogs\u00e5 til \u00e5 stabilisere lysbuen og beskytter operat\u00f8ren mot sprut og lysbuest\u00f8ping. De er tilgjengelige i forskjellige st\u00f8rrelser og er produsert i henhold til ISO 13918:2008-standarden. De er konstruert for bruk p\u00e5 flate, horisontale overflater. De er ogs\u00e5 tilgjengelige med hylser som har ventilasjons\u00e5pninger p\u00e5 undersiden for \u00e5 hindre at smeltet st\u00e5l renner ut i bunnen.<\/p>\n<p>De keramiske hylsene som brukes til boltesveising, er sv\u00e6rt viktige for \u00e5 sikre at prosessen med trukne lysbueboltesveising blir vellykket. De bidrar til \u00e5 beskytte bolten mot forurensning og gj\u00f8r at prosessen fungerer som den skal. De brukes ofte til en rekke ulike bruksomr\u00e5der og er tilgjengelige i ulike former, st\u00f8rrelser og keramiske materialspesifikasjoner. Denne artikkelen tar for seg noen av fordelene og bruksomr\u00e5dene til hylser for boltesveising.<\/p>","protected":false},"excerpt":{"rendered":"<p>If you are doing drawn arc stud welding, you need to know about ceramic ferrules. They are an essential part of the process, because they protect the welder from oxygen exposure. Unfortunately, they are one-use items. Read this article to learn more about their use and advantages. Then, you can decide whether or not they&hellip;&nbsp;<a href=\"https:\/\/advance-ceramics.com\/nb\/ceramic-ferrules-for-stud-welding\/\" class=\"\" rel=\"bookmark\">Les mer &raquo;<span class=\"screen-reader-text\">keramiske hylser for boltesveising<\/span><\/a><\/p>","protected":false},"author":1,"featured_media":0,"parent":0,"menu_order":0,"comment_status":"closed","ping_status":"closed","template":"","meta":{"neve_meta_sidebar":"","neve_meta_container":"","neve_meta_enable_content_width":"","neve_meta_content_width":0,"neve_meta_title_alignment":"","neve_meta_author_avatar":"","neve_post_elements_order":"","neve_meta_disable_header":"","neve_meta_disable_footer":"","neve_meta_disable_title":"","footnotes":""},"aioseo_notices":[],"_links":{"self":[{"href":"https:\/\/advance-ceramics.com\/nb\/wp-json\/wp\/v2\/pages\/116"}],"collection":[{"href":"https:\/\/advance-ceramics.com\/nb\/wp-json\/wp\/v2\/pages"}],"about":[{"href":"https:\/\/advance-ceramics.com\/nb\/wp-json\/wp\/v2\/types\/page"}],"author":[{"embeddable":true,"href":"https:\/\/advance-ceramics.com\/nb\/wp-json\/wp\/v2\/users\/1"}],"replies":[{"embeddable":true,"href":"https:\/\/advance-ceramics.com\/nb\/wp-json\/wp\/v2\/comments?post=116"}],"version-history":[{"count":6,"href":"https:\/\/advance-ceramics.com\/nb\/wp-json\/wp\/v2\/pages\/116\/revisions"}],"predecessor-version":[{"id":164,"href":"https:\/\/advance-ceramics.com\/nb\/wp-json\/wp\/v2\/pages\/116\/revisions\/164"}],"wp:attachment":[{"href":"https:\/\/advance-ceramics.com\/nb\/wp-json\/wp\/v2\/media?parent=116"}],"curies":[{"name":"wp","href":"https:\/\/api.w.org\/{rel}","templated":true}]}}