{"id":57,"date":"2016-08-29T19:41:56","date_gmt":"2016-08-29T11:41:56","guid":{"rendered":"http:\/\/advance-ceramics.com\/?page_id=57"},"modified":"2022-07-08T22:19:48","modified_gmt":"2022-07-08T14:19:48","slug":"advanced-ceramic-solutions","status":"publish","type":"page","link":"https:\/\/advance-ceramics.com\/lv\/","title":{"rendered":"PAR"},"content":{"rendered":"<p><a href=\"https:\/\/advance-ceramics.com\/lv\/cropped-advanced-ceramics-1-jpg\/\"><img loading=\"lazy\" decoding=\"async\" class=\"alignnone size-full wp-image-52\" src=\"http:\/\/advance-ceramics.com\/wp-content\/uploads\/2016\/08\/cropped-advanced-ceramics-1.jpg\" alt=\"\" width=\"2000\" height=\"520\" srcset=\"https:\/\/advance-ceramics.com\/wp-content\/uploads\/2016\/08\/cropped-advanced-ceramics-1.jpg 2000w, https:\/\/advance-ceramics.com\/wp-content\/uploads\/2016\/08\/cropped-advanced-ceramics-1-300x78.jpg 300w, https:\/\/advance-ceramics.com\/wp-content\/uploads\/2016\/08\/cropped-advanced-ceramics-1-768x200.jpg 768w, https:\/\/advance-ceramics.com\/wp-content\/uploads\/2016\/08\/cropped-advanced-ceramics-1-1024x266.jpg 1024w, https:\/\/advance-ceramics.com\/wp-content\/uploads\/2016\/08\/cropped-advanced-ceramics-1-624x162.jpg 624w\" sizes=\"(max-width: 2000px) 100vw, 2000px\" \/><\/a>M\u0113s atrodamies \u0160anhaj\u0101, \u0136\u012bn\u0101, specializ\u0113jamies p\u0113tniec\u012bbas un izstr\u0101des, ra\u017eo\u0161anas un p\u0101rdo\u0161anas produktus progres\u012bvu keramikas materi\u0101lu, tostarp alum\u012bnija oks\u012bda, cirkonija, sil\u012bcija karb\u012bda, sil\u012bcija nitr\u012bda, sil\u012bcija nitr\u012bda, citu progres\u012bvu keramikas.<\/p>\r\n\r\n\r\n\r\n<p>M\u016bsu produktus galvenok\u0101rt izmanto kosmosa, p\u0113tniec\u012bbas, p\u0101rtikas p\u0101rstr\u0101des, \u0161\u0137idrumu apstr\u0101des, zin\u0101tnes, autob\u016bves, aizsardz\u012bbas, termisk\u0101s apstr\u0101des, elektronikas un elektrotehnikas, procesu kontroles, tekstila, celulozes un pap\u012bra, meh\u0101nikas, stikla apstr\u0101des, miner\u0101lu apstr\u0101des un cit\u0101s r\u016bpniec\u012bbas nozar\u0113s.<\/p>\r\n\r\n\r\n\r\n<p>M\u016bsu m\u0113r\u0137is ir izstr\u0101d\u0101t, ra\u017eot un p\u0101rdot produktus, kas ir rentabli, nodro\u0161ina augstu kvalit\u0101ti un dro\u0161\u012bbu un ir videi draudz\u012bgi. Visi m\u016bsu centieni ir v\u0113rsti uz to, lai apmierin\u0101tu klientu vajadz\u012bbas un pied\u0101v\u0101tu ide\u0101lu progres\u012bvu materi\u0101lu risin\u0101jumu jebkuram pielietojumam.<\/p>","protected":false},"excerpt":{"rendered":"<p>We are located in shanghai,china,specialized in R&amp;D, manufacturing and selling the products of advanced ceramic materials, including Alumina, Zirconia, Silicon Carbide, Silicon Nitride,other advanced ceramics. Our products are mainly used in Aerospace, Research, Food Processing, Fluid Handling, Scientific, Automotive, Defense, Thermal Processing, Electronic and Electrical, Process Control, Textile, Pulp and Paper, Mechanical, Glass Processing, Mineral&hellip;&nbsp;<a href=\"https:\/\/advance-ceramics.com\/lv\/\" class=\"\" rel=\"bookmark\">Read More &raquo;<span class=\"screen-reader-text\">PAR<\/span><\/a><\/p>","protected":false},"author":1,"featured_media":0,"parent":0,"menu_order":0,"comment_status":"closed","ping_status":"closed","template":"","meta":{"neve_meta_sidebar":"","neve_meta_container":"","neve_meta_enable_content_width":"","neve_meta_content_width":0,"neve_meta_title_alignment":"","neve_meta_author_avatar":"","neve_post_elements_order":"","neve_meta_disable_header":"","neve_meta_disable_footer":"","neve_meta_disable_title":"","footnotes":""},"aioseo_notices":[],"_links":{"self":[{"href":"https:\/\/advance-ceramics.com\/lv\/wp-json\/wp\/v2\/pages\/57"}],"collection":[{"href":"https:\/\/advance-ceramics.com\/lv\/wp-json\/wp\/v2\/pages"}],"about":[{"href":"https:\/\/advance-ceramics.com\/lv\/wp-json\/wp\/v2\/types\/page"}],"author":[{"embeddable":true,"href":"https:\/\/advance-ceramics.com\/lv\/wp-json\/wp\/v2\/users\/1"}],"replies":[{"embeddable":true,"href":"https:\/\/advance-ceramics.com\/lv\/wp-json\/wp\/v2\/comments?post=57"}],"version-history":[{"count":10,"href":"https:\/\/advance-ceramics.com\/lv\/wp-json\/wp\/v2\/pages\/57\/revisions"}],"predecessor-version":[{"id":111,"href":"https:\/\/advance-ceramics.com\/lv\/wp-json\/wp\/v2\/pages\/57\/revisions\/111"}],"wp:attachment":[{"href":"https:\/\/advance-ceramics.com\/lv\/wp-json\/wp\/v2\/media?parent=57"}],"curies":[{"name":"wp","href":"https:\/\/api.w.org\/{rel}","templated":true}]}}