{"id":57,"date":"2016-08-29T19:41:56","date_gmt":"2016-08-29T11:41:56","guid":{"rendered":"http:\/\/advance-ceramics.com\/?page_id=57"},"modified":"2022-07-08T22:19:48","modified_gmt":"2022-07-08T14:19:48","slug":"advanced-ceramic-solutions","status":"publish","type":"page","link":"https:\/\/advance-ceramics.com\/hu\/","title":{"rendered":"A  OLDALR\u00d3L"},"content":{"rendered":"<p><a href=\"https:\/\/advance-ceramics.com\/hu\/cropped-advanced-ceramics-1-jpg\/\"><img loading=\"lazy\" decoding=\"async\" class=\"alignnone size-full wp-image-52\" src=\"http:\/\/advance-ceramics.com\/wp-content\/uploads\/2016\/08\/cropped-advanced-ceramics-1.jpg\" alt=\"\" width=\"2000\" height=\"520\" srcset=\"https:\/\/advance-ceramics.com\/wp-content\/uploads\/2016\/08\/cropped-advanced-ceramics-1.jpg 2000w, https:\/\/advance-ceramics.com\/wp-content\/uploads\/2016\/08\/cropped-advanced-ceramics-1-300x78.jpg 300w, https:\/\/advance-ceramics.com\/wp-content\/uploads\/2016\/08\/cropped-advanced-ceramics-1-768x200.jpg 768w, https:\/\/advance-ceramics.com\/wp-content\/uploads\/2016\/08\/cropped-advanced-ceramics-1-1024x266.jpg 1024w, https:\/\/advance-ceramics.com\/wp-content\/uploads\/2016\/08\/cropped-advanced-ceramics-1-624x162.jpg 624w\" sizes=\"(max-width: 2000px) 100vw, 2000px\" \/><\/a>Mi tal\u00e1lhat\u00f3 shanghai, K\u00edna, szakosodott K + F, gy\u00e1rt\u00e1sa \u00e9s \u00e9rt\u00e9kes\u00edt\u00e9se a term\u00e9kek a fejlett ker\u00e1mia anyagok, bele\u00e9rtve Alumina, cirk\u00f3nium-dioxid, szil\u00edcium-karbid, szil\u00edcium-nitrid, m\u00e1s fejlett ker\u00e1mia.<\/p>\r\n\r\n\r\n\r\n<p>Term\u00e9keinket els\u0151sorban a rep\u00fcl\u0151g\u00e9piparban, a kutat\u00e1sban, az \u00e9lelmiszer-feldolgoz\u00e1sban, a folyad\u00e9kkezel\u00e9sben, a tudom\u00e1nyos, az aut\u00f3ipari, a v\u00e9delmi, a h\u0151feldolgoz\u00e1sban, az elektronikai \u00e9s elektromos, a folyamatszab\u00e1lyoz\u00e1sban, a textiliparban, a cellul\u00f3z- \u00e9s pap\u00edrgy\u00e1rt\u00e1sban, a mechanikai, az \u00fcvegfeldolgoz\u00e1sban, az \u00e1sv\u00e1nyfeldolgoz\u00e1sban \u00e9s m\u00e1s ipari ter\u00fcleteken haszn\u00e1lj\u00e1k.<\/p>\r\n\r\n\r\n\r\n<p>C\u00e9lunk a term\u00e9kek fejleszt\u00e9se, gy\u00e1rt\u00e1sa \u00e9s \u00e9rt\u00e9kes\u00edt\u00e9se k\u00f6lts\u00e9ghat\u00e9kony, magas sz\u00ednvonal\u00fa \u00e9s biztons\u00e1gos, valamint k\u00f6rnyezetbar\u00e1t m\u00f3don. Minden t\u00f6rekv\u00e9s\u00fcnk k\u00f6z\u00e9ppontj\u00e1ban \u00fcgyfeleink ig\u00e9nyeinek kiel\u00e9g\u00edt\u00e9se \u00e1ll, \u00e9s minden alkalmaz\u00e1shoz ide\u00e1lis, korszer\u0171 anyagmegold\u00e1st k\u00edn\u00e1lunk.<\/p>","protected":false},"excerpt":{"rendered":"<p>We are located in shanghai,china,specialized in R&amp;D, manufacturing and selling the products of advanced ceramic materials, including Alumina, Zirconia, Silicon Carbide, Silicon Nitride,other advanced ceramics. Our products are mainly used in Aerospace, Research, Food Processing, Fluid Handling, Scientific, Automotive, Defense, Thermal Processing, Electronic and Electrical, Process Control, Textile, Pulp and Paper, Mechanical, Glass Processing, Mineral&hellip;&nbsp;<a href=\"https:\/\/advance-ceramics.com\/hu\/\" class=\"\" rel=\"bookmark\">Read More &raquo;<span class=\"screen-reader-text\">A  OLDALR\u00d3L<\/span><\/a><\/p>","protected":false},"author":1,"featured_media":0,"parent":0,"menu_order":0,"comment_status":"closed","ping_status":"closed","template":"","meta":{"neve_meta_sidebar":"","neve_meta_container":"","neve_meta_enable_content_width":"","neve_meta_content_width":0,"neve_meta_title_alignment":"","neve_meta_author_avatar":"","neve_post_elements_order":"","neve_meta_disable_header":"","neve_meta_disable_footer":"","neve_meta_disable_title":"","footnotes":""},"aioseo_notices":[],"_links":{"self":[{"href":"https:\/\/advance-ceramics.com\/hu\/wp-json\/wp\/v2\/pages\/57"}],"collection":[{"href":"https:\/\/advance-ceramics.com\/hu\/wp-json\/wp\/v2\/pages"}],"about":[{"href":"https:\/\/advance-ceramics.com\/hu\/wp-json\/wp\/v2\/types\/page"}],"author":[{"embeddable":true,"href":"https:\/\/advance-ceramics.com\/hu\/wp-json\/wp\/v2\/users\/1"}],"replies":[{"embeddable":true,"href":"https:\/\/advance-ceramics.com\/hu\/wp-json\/wp\/v2\/comments?post=57"}],"version-history":[{"count":10,"href":"https:\/\/advance-ceramics.com\/hu\/wp-json\/wp\/v2\/pages\/57\/revisions"}],"predecessor-version":[{"id":111,"href":"https:\/\/advance-ceramics.com\/hu\/wp-json\/wp\/v2\/pages\/57\/revisions\/111"}],"wp:attachment":[{"href":"https:\/\/advance-ceramics.com\/hu\/wp-json\/wp\/v2\/media?parent=57"}],"curies":[{"name":"wp","href":"https:\/\/api.w.org\/{rel}","templated":true}]}}