{"id":116,"date":"2022-08-24T19:44:43","date_gmt":"2022-08-24T11:44:43","guid":{"rendered":"https:\/\/advance-ceramics.com\/?page_id=116"},"modified":"2022-11-03T15:58:06","modified_gmt":"2022-11-03T07:58:06","slug":"keramia-kotoelemek-hegeszteshez","status":"publish","type":"page","link":"https:\/\/advance-ceramics.com\/hu\/ceramic-ferrules-for-stud-welding\/","title":{"rendered":"ker\u00e1mia k\u00f6t\u0151elemek hegeszt\u00e9shez"},"content":{"rendered":"<p>Ha h\u00fazott \u00edv\u0171 hegeszt\u00e9st v\u00e9gez, ismernie kell a ker\u00e1mia k\u00f6t\u0151elemeket. Ezek a folyamat elengedhetetlen r\u00e9sz\u00e9t k\u00e9pezik, mivel megv\u00e9dik a hegeszt\u0151t az oxig\u00e9nhat\u00e1st\u00f3l. Sajnos ezek egyszer haszn\u00e1latos elemek. Olvassa el ezt a cikket, hogy t\u00f6bbet megtudjon a haszn\u00e1latukr\u00f3l \u00e9s el\u0151nyeikr\u0151l. Ezut\u00e1n eld\u00f6ntheti, hogy \u00e9rdemes-e beruh\u00e1zni r\u00e1juk. Az al\u00e1bbiakban felsorolunk n\u00e9h\u00e1ny dolgot, amit \u00e9rdemes figyelembe venni, miel\u0151tt megv\u00e1s\u00e1rolja \u0151ket.<\/p>\n<p><strong>A ker\u00e1mia huzalok a h\u00fazott \u00edv\u0171 hegeszt\u00e9si folyamat alapvet\u0151 r\u00e9sz\u00e9t k\u00e9pezik.<\/strong><\/p>\n<p>Ha \u00d6n is foglalkozik h\u00fazott \u00edv\u0171 hegeszt\u00e9ssel, akkor val\u00f3sz\u00edn\u0171leg hallott m\u00e1r a ker\u00e1mia k\u00f6t\u0151elemekr\u0151l. A hegeszt\u00e9si folyamat sor\u00e1n ezek a kis f\u00e9mcs\u00f6vek a hegeszt\u0151pisztoly hegye k\u00f6r\u00e9 r\u00f6gz\u00fclnek. A hegeszt\u00e9si folyamat sor\u00e1n oxidok \u00e9s sz\u00e9nhidrog\u00e9nek keletkeznek, amelyek k\u00e1rosak lehetnek a j\u00f3 min\u0151s\u00e9g\u0171 hegeszt\u00e9s szempontj\u00e1b\u00f3l. A ker\u00e1mia k\u00f6t\u0151elemek kiv\u00e1l\u00f3 ellen\u00e1ll\u00e1st biztos\u00edtanak a termikus sokkokkal szemben, \u00e9s seg\u00edtenek cs\u00f6kkenteni ezeket a g\u00e1zokat. M\u00e1s hegeszt\u00e9si elj\u00e1r\u00e1sokkal ellent\u00e9tben ezeket a gy\u0171r\u0171ket csak egyszer kell haszn\u00e1lni. Elt\u00e1vol\u00edt\u00e1sukhoz a hegeszt\u0151pisztolyra egy m\u00e1sik gy\u0171r\u0171t kell felszerelni.<\/p>\n<p>A ker\u00e1mia ferrule sz\u00e1mos funkci\u00f3t t\u00f6lt be a hegeszt\u00e9si folyamat sor\u00e1n. Megv\u00e9di az \u00edvet \u00e9s a kezel\u0151t a szennyez\u0151d\u00e9sekt\u0151l, seg\u00edti a hegeszt\u00e9si folyamat z\u00f6kken\u0151mentes lefut\u00e1s\u00e1t, \u00e9s a szennyez\u0151d\u00e9sek megel\u0151z\u00e9se \u00e9rdek\u00e9ben kialak\u00edtja a t\u00f6m\u00edt\u00e9st. A k\u00f6t\u0151gy\u0171r\u0171 szell\u0151z\u0151ny\u00edl\u00e1sokat is biztos\u00edt a hegeszt\u00e9si g\u00e1zok t\u00e1voz\u00e1s\u00e1hoz. Mivel a ker\u00e1mia gy\u0171r\u0171k eldobhat\u00f3ak, a folyamat rendk\u00edv\u00fcl higi\u00e9nikus. Emellett a ker\u00e1mia gy\u0171r\u0171 \u00e1ltal\u00e1ban alacsony min\u0151s\u00e9g\u0171, \u00f6nthet\u0151 ker\u00e1mi\u00e1b\u00f3l k\u00e9sz\u00fcl. Ez azt jelenti, hogy a gy\u0171r\u0171k nagyobb t\u0171r\u00e9shat\u00e1rokkal rendelkeznek, mint a megmunk\u00e1l\u00e1s vagy m\u00e1s elj\u00e1r\u00e1sok.<\/p>\n<p>A ker\u00e1mia huzalok a h\u00fazott \u00edv\u0171 hegeszt\u00e9si folyamat fontos elemei. V\u00e9di az \u00edvet \u00e9s megakad\u00e1lyozza az olvadt f\u00e9m fr\u00f6ccsen\u00e9s\u00e9t. Megakad\u00e1lyozza tov\u00e1bb\u00e1, hogy a hegeszt\u00e9si folyamat sor\u00e1n a csap sz\u00e9tesik. A hegeszt\u00e9s befejez\u00e9se ut\u00e1n a gyutacsot let\u00f6rik, \u00e9s a hegeszt\u00e9si folyamat befejez\u0151dik.<\/p>\n<p>Az \u00edvhegesztett elemeket neh\u00e9z \u00e1csmunk\u00e1kn\u00e1l \u00e9s akkor haszn\u00e1lj\u00e1k, ha a hegeszt\u00e9s biztons\u00e1gos. Ezek k\u00f6z\u00e9 tartoznak a hegeszt\u0151csavarok, a hegesztett menetes perselyek \u00e9s sok m\u00e1s elem. A h\u00fazott \u00edv\u0171 hegeszt\u00e9s leggyakoribb t\u00edpusa ker\u00e1mia k\u00f6t\u0151gy\u0171r\u0171 haszn\u00e1lat\u00e1t jelenti. Ez a gy\u0171r\u0171 seg\u00edt az olvadt f\u00e9met a hegeszt\u00e9si z\u00f3n\u00e1ban tartani, \u00e9s megakad\u00e1lyozza annak oxid\u00e1l\u00f3d\u00e1s\u00e1t.<\/p>\n<p><strong>Megv\u00e9dik a hegeszt\u0151t az oxig\u00e9nhat\u00e1st\u00f3l<\/strong><\/p>\n<p>A ker\u00e1mia ferrula egy v\u00e9d\u0151r\u00e9teg, amely a hegeszt\u00e9si varratot a hegeszt\u00e9s sor\u00e1n k\u00f6r\u00fclveszi. Megakad\u00e1lyozza a f\u00e9m sz\u00e9tterjed\u00e9s\u00e9t a hegeszt\u00e9si z\u00f3n\u00e1b\u00f3l, \u00e9s megv\u00e9di a hegeszt\u0151t az oxig\u00e9nnek val\u00f3 kitetts\u00e9gt\u0151l. Az oxig\u00e9nnek val\u00f3 kitetts\u00e9g por\u00f3zus hegeszt\u00e9si varratokat okoz. Emellett cs\u00f6kkenti az ultraibolya f\u00e9nynek val\u00f3 kitetts\u00e9get a k\u00f6rnyez\u0151 ter\u00fcleten. A ker\u00e1miak\u00f6t\u0151 a hegeszt\u00e9s befejez\u00e9se ut\u00e1n elt\u00e1vol\u00edthat\u00f3.<\/p>\n<p>A cs\u0151gumik alakja \u00e9s m\u00e9rete v\u00e1ltoz\u00f3, \u00e9s egy adott funkci\u00f3hoz egyedi m\u00e9retben is elk\u00e9sz\u00edthet\u0151k. A lapos vasalatok p\u00e9ld\u00e1ul v\u00edzszintes fel\u00fcletek hegeszt\u00e9s\u00e9hez haszn\u00e1latosak. A f\u00fcgg\u0151leges fal\u00fa alkalmaz\u00e1sokhoz olyan vasalatokra van sz\u00fcks\u00e9g, amelyek egyik oldal\u00e1n szell\u0151z\u0151ny\u00edl\u00e1sokkal rendelkeznek, hogy megakad\u00e1lyozz\u00e1k az olvadt ac\u00e9l kifoly\u00e1s\u00e1t az alj\u00e1n. Ezekhez az alkalmaz\u00e1sokhoz a vasalatoknak speci\u00e1lisan az egyik oldalon szell\u0151z\u0151ny\u00edl\u00e1sokkal kell rendelkezni\u00fck.<\/p>\n<p>A hagyom\u00e1nyos hegeszt\u0151berendez\u00e9sek a hegeszt\u0151ket f\u00fcstg\u00e1znak \u00e9s mozg\u00e1sszervi vesz\u00e9lyeknek tehetik ki. A der\u00e9kf\u00e1j\u00e1s lehet\u0151s\u00e9ge mellett a g\u00f6rnyedt testhelyzet a hegeszt\u0151f\u00fcst f\u00fcstj\u00e9be helyezi a l\u00e9gz\u00e9si z\u00f3n\u00e1t. K\u00f6vetkez\u00e9sk\u00e9ppen a hegeszt\u0151 hegeszt\u00e9shez haszn\u00e1latos ker\u00e1miabet\u00e9tek seg\u00edtenek megv\u00e9deni a hegeszt\u0151 eg\u00e9szs\u00e9g\u00e9t. Emellett megakad\u00e1lyozz\u00e1k, hogy az oxig\u00e9n el\u00e9rje a t\u00fcd\u0151t.<\/p>\n<p>A ker\u00e1miaszer\u0171 k\u00f6t\u0151elemek haszn\u00e1lata a szegecshegeszt\u00e9shez nem \u00faj technol\u00f3gia. Az ipar m\u00e1r \u00e9vtizedek \u00f3ta alkalmazza. Az ezeket a huzalokat haszn\u00e1l\u00f3 hegeszt\u0151k k\u00e9pesek lehajol\u00e1s n\u00e9lk\u00fcl hegeszteni. Ennek a technol\u00f3gi\u00e1nak sz\u00e1mos el\u0151nye van, \u00e9s a hegeszt\u0151 eg\u00e9szs\u00e9g\u00e9re is j\u00f3t\u00e9konyan hat. Ennek az \u00faj term\u00e9knek a haszn\u00e1lata azonban nem garant\u00e1lja a hegeszt\u0151k biztons\u00e1g\u00e1ra gyakorolt el\u0151nyeit.<\/p>\n<p>A hegeszt\u0151berendez\u00e9sek hegeszt\u00e9se eg\u00e9sz napos munka. A hegeszt\u0151 \u00e9s a vasszerkezeti munk\u00e1s a hegeszt\u00e9si projekt sor\u00e1n egy\u00fctt dolgozik a berendez\u00e9s be\u00e1ll\u00edt\u00e1s\u00e1n \u00e9s a hegeszt\u00e9si folyamat elv\u00e9gz\u00e9s\u00e9n. Egy m\u00e1sik munk\u00e1s v\u00e9gzi a hegeszt\u00e9si helyek csiszol\u00e1s\u00e1t, \u00e9s seg\u00edt a csapok elhelyez\u00e9s\u00e9ben. Amikor a hegeszt\u00e9s befejez\u0151dik, a hegeszt\u00e9si f\u00fcstfelh\u0151 az alapanyagb\u00f3l a k\u00f6zeli l\u00e9gz\u00e9si z\u00f3n\u00e1ba jut.<\/p>\n<p><strong>T\u00f6r\u00e9kenyek<\/strong><\/p>\n<p>A ker\u00e1mia ferrule egy v\u00e9d\u0151gy\u0171r\u0171, amely a hegeszt\u00e9si folyamat sor\u00e1n a csapot takarja. Seg\u00edtenek megakad\u00e1lyozni, hogy a hegeszt\u00e9s sor\u00e1n a csap sz\u00e9tter\u00fclj\u00f6n, \u00e9s v\u00e9dik a k\u00f6rnyez\u0151 ter\u00fcletet az UV-sugarakt\u00f3l. A ker\u00e1mia ferrule nagyon t\u00f6r\u00e9keny anyag, \u00e9s gyakran hajlamos a lepattogz\u00e1sra. Emiatt a ker\u00e1mia gy\u0171r\u0171k fontos r\u00e9szei a h\u00fazott \u00edv\u0171 hegeszt\u00e9si folyamatnak.<\/p>\n<p>A hegeszt\u0151szeghegeszt\u00e9sn\u00e9l a hegeszt\u00e9si folyamat sor\u00e1n az olvadt hegeszt\u00e9si anyag helyben tart\u00e1s\u00e1hoz gy\u0171r\u0171re van sz\u00fcks\u00e9g.A hegeszt\u0151szeghegeszt\u0151 gy\u0171r\u0171 a hegeszt\u0151szeg alakj\u00e1nak megfelel\u0151en van kialak\u00edtva, \u00e9s \u00e1ltal\u00e1ban kerek. L\u00e9teznek azonban elliptikus, n\u00e9gyzet, t\u00e9glalap \u00e9s ell alak\u00faak is. A kerek alak mellett elliptikus, tetra\u00e9der vagy ell alak\u00fa ferr\u0171t is tal\u00e1lhat, amelyeket sz\u00f6gvasak \u00f6sszek\u00f6t\u00e9s\u00e9re haszn\u00e1lnak. A gy\u0171r\u0171 \u00e1tm\u00e9r\u0151j\u00e9nek meg kell egyeznie a hegeszt\u0151szeg m\u00e9ret\u00e9vel.<\/p>\n<p>Amellett, hogy t\u00f6r\u00e9kenyek, a ker\u00e1mia k\u00f6t\u0151elemek dr\u00e1g\u00e1k. De k\u00f6nny\u0171 vel\u00fck dolgozni, \u00e9s nem foglalnak sok helyet. Az \u00d6n rendelkez\u00e9s\u00e9re \u00e1ll\u00f3 v\u00e1laszt\u00e1si lehet\u0151s\u00e9gek azonban sokf\u00e9l\u00e9k, \u00e9s az \u00d6n ig\u00e9nyeit\u0151l f\u00fcgg\u0151en v\u00e1ltoznak. \u00c1ltal\u00e1ban a h\u00fazott \u00edv\u0171 hegeszt\u0151szegek haszn\u00e1lata aj\u00e1nlott legal\u00e1bb 2 mm \u00e1tm\u00e9r\u0151j\u0171 alapanyagokhoz. A nagyobb \u00e1tm\u00e9r\u0151 nagyobb k\u00f6t\u0151elemekhez illeszkedik.<\/p>\n<p>A ker\u00e1mia ferrule egyik t\u00edpusa a b\u00f3r-nitrid. Alacsony a f\u00e9mhez val\u00f3 tapad\u00e1sa, \u00e9s sokszor \u00fajra felhaszn\u00e1lhat\u00f3. Ez azt jelenti, hogy \u00fajra \u00e9s \u00fajra felhaszn\u00e1lhat\u00f3. Ez fontos szempont a csaphegeszt\u00e9si alkalmaz\u00e1sokn\u00e1l. Figyelembe v\u00e9ve az anyag t\u00f6r\u00e9kenys\u00e9g\u00e9t, meg kell gy\u0151z\u0151dnie arr\u00f3l, hogy az \u00d6n \u00e1ltal haszn\u00e1lt ker\u00e1mia vasalatok el\u00e9g tart\u00f3sak ahhoz, hogy ellen\u00e1lljanak az ism\u00e9telt haszn\u00e1latnak.<\/p>\n<p><strong>Egyszer haszn\u00e1latos term\u00e9k<\/strong><\/p>\n<p>A ker\u00e1miak\u00f6t\u0151gy\u0171r\u0171t a csaphegeszt\u00e9si elj\u00e1r\u00e1s sor\u00e1n haszn\u00e1lj\u00e1k. a csaphegeszt\u0151gy\u0171r\u0171t \u00fagy tervezt\u00e9k, hogy egy adott funkci\u00f3hoz illeszkedjen, \u00e9s \u00e1ltal\u00e1ban v\u00edzszintes fel\u00fcleteken haszn\u00e1lj\u00e1k. F\u00fcgg\u0151leges fal\u00fa alkalmaz\u00e1sokn\u00e1l a csaphegeszt\u00e9shez haszn\u00e1lt ker\u00e1mia ferrule-nak az egyik oldalon szell\u0151z\u0151ny\u00edl\u00e1sokkal kell rendelkeznie, hogy az olvadt ac\u00e9l ne sziv\u00e1rogjon ki az alj\u00e1n. Ezek a szell\u0151z\u0151ny\u00edl\u00e1sok a ker\u00e1mia k\u00f6t\u0151gy\u0171r\u0171be vannak be\u00e9p\u00edtve. Egy \u00faj ferrule haszn\u00e1lata egy megl\u00e9v\u0151 ferrule ut\u00e1n komoly eg\u00e9szs\u00e9g\u00fcgyi kock\u00e1zatot jelenthet, \u00e9s nagyon val\u00f3sz\u00edn\u0171tlen, hogy a kezel\u0151 k\u00e9nyelmesen fogja haszn\u00e1lni azt \u00fajra.<\/p>\n<p>A csaphegeszt\u00e9shez haszn\u00e1lt ker\u00e1mia k\u00f6t\u0151elemek egyszer haszn\u00e1latosak lehetnek, ez\u00e9rt azok sz\u00e1m\u00e1ra aj\u00e1nlottak, akik csak n\u00e9h\u00e1ny alkalommal hegesztenek. Olcs\u00f3ak, \u00e9s a legt\u00f6bb hegeszt\u0151ell\u00e1t\u00f3 \u00fczletben megtal\u00e1lhat\u00f3k. Ezek a vasalatok szint\u00e9n nem m\u00e9rgez\u0151 anyagokb\u00f3l k\u00e9sz\u00fclnek. Azok a vasmunk\u00e1sok, akik ebben a tanulm\u00e1nyban haszn\u00e1lt\u00e1k \u0151ket, a 89-es Vasmunk\u00e1sok Helyi Szervezet\u00e9nek tagjai voltak, Cedar Rapidsban, IA-ban. A vizsg\u00e1latban r\u00e9sztvev\u0151k mindannyian tapasztaltak voltak a szegecshegeszt\u00e9sben, \u00e9s a szakmunk\u00e1sk\u00e9pz\u00e9s koordin\u00e1tor\u00e1t\u00f3l kaptak k\u00e9pz\u00e9st. Emellett jobbkezesek, 1,8 m magasak \u00e9s 89 kg-osak voltak. A vizsg\u00e1lat elv\u00e9gz\u00e9se el\u0151tt minden r\u00e9sztvev\u0151 \u00edr\u00e1sbeli beleegyez\u00e9s\u00e9t adta.<\/p>\n<p>Ha ker\u00e1mia k\u00f6t\u0151elemeket haszn\u00e1l a csaphegeszt\u00e9shez, meg kell gy\u0151z\u0151dnie arr\u00f3l, hogy azok megfelel\u0151 m\u00e9ret\u0171ek, \u00e9s hogy csak a k\u00edv\u00e1nt c\u00e9lra haszn\u00e1lj\u00e1k \u0151ket. A hegeszt\u00e9si folyamat sor\u00e1n a ker\u00e1mia vasalatok \u00edvpajzsk\u00e9nt m\u0171k\u00f6dhetnek. Megakad\u00e1lyozz\u00e1k, hogy szennyez\u0151d\u00e9sek \u00e9rj\u00e9k az olvadt f\u00e9met, ami gyeng\u00edtheti a hegeszt\u00e9st. A ferul\u00e1kra nincs sz\u00fcks\u00e9g a kondenz\u00e1tor kis\u00fcl\u00e9ses csaphegeszt\u00e9sn\u00e9l, mivel enn\u00e9l az elj\u00e1r\u00e1sn\u00e1l nincs meg az olvadt f\u00e9m szomsz\u00e9dos ter\u00fcletekre val\u00f3 \u00e1tterjed\u00e9s\u00e9nek kock\u00e1zata.<\/p>\n<p><strong>M\u0171szaki ker\u00e1mi\u00e1b\u00f3l k\u00e9sz\u00fclnek<\/strong><\/p>\n<p>A hegeszt\u0151hegeszt\u00e9shez haszn\u00e1lt ker\u00e1mia k\u00f6t\u0151elemeket sz\u00e1mos alkalmaz\u00e1sban haszn\u00e1lj\u00e1k, \u00e9s a hegeszt\u00e9s sor\u00e1n sz\u00e1mos funkci\u00f3t l\u00e1tnak el. Megv\u00e9dik a csapot a l\u00e9gk\u00f6rt\u0151l, \u00e9s \u00edvpajzsk\u00e9nt m\u0171k\u00f6dnek. Emellett olyan t\u00f6m\u00edt\u00e9st k\u00e9peznek, amely lehet\u0151v\u00e9 teszi a hegeszt\u00e9si g\u00e1zok t\u00e1voz\u00e1s\u00e1t. Ezek a gy\u0171r\u0171k \u00e1ltal\u00e1ban eldobhat\u00f3ak, \u00e9s kiv\u00e1l\u00f3 min\u0151s\u00e9g\u0171 \u00f6nthet\u0151 m\u0171szaki ker\u00e1mi\u00e1b\u00f3l k\u00e9sz\u00fclnek. A ker\u00e1mia vasalatok nagy szil\u00e1rds\u00e1guknak \u00e9s kiv\u00e1l\u00f3 kop\u00e1s\u00e1ll\u00f3s\u00e1guknak k\u00f6sz\u00f6nhet\u0151en ide\u00e1lisak a hegeszt\u0151csapok hegeszt\u00e9s\u00e9hez. Emellett nem deform\u00e1l\u00f3dnak, ez\u00e9rt ide\u00e1lisak a hegeszt\u00e9shez.<\/p>\n<p>T\u00f6bbf\u00e9le szegecs l\u00e9tezik. A leggyakoribbak a menetes MD t\u00edpus \u00e9s a nem szabv\u00e1nyos\u00edtott MPF t\u00edpus. Mindk\u00e9t t\u00edpusn\u00e1l van egy menetes szegecs, amely a hegeszt\u0151pisztoly hegy\u00e9re van felcsavarozva. Az MD menett\u00e1vols\u00e1ga h\u00e1rom vagy n\u00e9gy millim\u00e9ter, m\u00edg az MPF \u00e1tm\u00e9r\u0151je nyolc millim\u00e9ter.<\/p>\n<p>E k\u00f6t\u0151elemek f\u0151 c\u00e9lja a hegeszt\u00e9si medence v\u00e9delme. Seg\u00edtenek tov\u00e1bb\u00e1 stabiliz\u00e1lni az \u00edvet, \u00e9s megv\u00e9dik a kezel\u0151t a fr\u00f6ccsen\u00e9st\u0151l \u00e9s az \u00edvf\u00fav\u00e1s-form\u00e1z\u00f3d\u00e1st\u00f3l. K\u00fcl\u00f6nb\u00f6z\u0151 m\u00e9retekben kaphat\u00f3k, \u00e9s az ISO 13918:2008 szabv\u00e1ny szerint k\u00e9sz\u00fclnek. S\u00edk, v\u00edzszintes fel\u00fcleteken t\u00f6rt\u00e9n\u0151 haszn\u00e1latra tervezt\u00e9k \u0151ket. Olyan vasalatok is kaphat\u00f3k, amelyek als\u00f3 oldal\u00e1n szell\u0151z\u0151ny\u00edl\u00e1sokkal rendelkeznek, hogy megakad\u00e1lyozz\u00e1k az olvadt ac\u00e9l kifoly\u00e1s\u00e1t az alj\u00e1n.<\/p>\n<p>A csaphegeszt\u00e9shez haszn\u00e1lt ker\u00e1miaszer\u0171 gy\u0171r\u0171k nagyon fontosak a h\u00fazott \u00edv\u0171 csaphegeszt\u00e9si folyamat siker\u00e9nek biztos\u00edt\u00e1s\u00e1hoz. Seg\u00edtenek megv\u00e9deni a csapot a szennyez\u0151d\u00e9sekt\u0151l, \u00e9s lehet\u0151v\u00e9 teszik a folyamat megfelel\u0151 m\u0171k\u00f6d\u00e9s\u00e9t. \u00c1ltal\u00e1ban sz\u00e1mos alkalmaz\u00e1shoz haszn\u00e1lj\u00e1k \u0151ket, \u00e9s k\u00fcl\u00f6nb\u00f6z\u0151 form\u00e1kban, m\u00e9retekben \u00e9s ker\u00e1mia anyagspecifik\u00e1ci\u00f3kban kaphat\u00f3k. Ez a cikk megvizsg\u00e1l n\u00e9h\u00e1nyat a hegeszt\u0151bet\u00e9tek el\u0151nyei \u00e9s felhaszn\u00e1l\u00e1sa k\u00f6z\u00fcl.<\/p>","protected":false},"excerpt":{"rendered":"<p>If you are doing drawn arc stud welding, you need to know about ceramic ferrules. They are an essential part of the process, because they protect the welder from oxygen exposure. Unfortunately, they are one-use items. Read this article to learn more about their use and advantages. Then, you can decide whether or not they&hellip;&nbsp;<a href=\"https:\/\/advance-ceramics.com\/hu\/ceramic-ferrules-for-stud-welding\/\" class=\"\" rel=\"bookmark\">Read More &raquo;<span class=\"screen-reader-text\">ker\u00e1mia k\u00f6t\u0151elemek hegeszt\u00e9shez<\/span><\/a><\/p>","protected":false},"author":1,"featured_media":0,"parent":0,"menu_order":0,"comment_status":"closed","ping_status":"closed","template":"","meta":{"neve_meta_sidebar":"","neve_meta_container":"","neve_meta_enable_content_width":"","neve_meta_content_width":0,"neve_meta_title_alignment":"","neve_meta_author_avatar":"","neve_post_elements_order":"","neve_meta_disable_header":"","neve_meta_disable_footer":"","neve_meta_disable_title":"","footnotes":""},"aioseo_notices":[],"_links":{"self":[{"href":"https:\/\/advance-ceramics.com\/hu\/wp-json\/wp\/v2\/pages\/116"}],"collection":[{"href":"https:\/\/advance-ceramics.com\/hu\/wp-json\/wp\/v2\/pages"}],"about":[{"href":"https:\/\/advance-ceramics.com\/hu\/wp-json\/wp\/v2\/types\/page"}],"author":[{"embeddable":true,"href":"https:\/\/advance-ceramics.com\/hu\/wp-json\/wp\/v2\/users\/1"}],"replies":[{"embeddable":true,"href":"https:\/\/advance-ceramics.com\/hu\/wp-json\/wp\/v2\/comments?post=116"}],"version-history":[{"count":6,"href":"https:\/\/advance-ceramics.com\/hu\/wp-json\/wp\/v2\/pages\/116\/revisions"}],"predecessor-version":[{"id":164,"href":"https:\/\/advance-ceramics.com\/hu\/wp-json\/wp\/v2\/pages\/116\/revisions\/164"}],"wp:attachment":[{"href":"https:\/\/advance-ceramics.com\/hu\/wp-json\/wp\/v2\/media?parent=116"}],"curies":[{"name":"wp","href":"https:\/\/api.w.org\/{rel}","templated":true}]}}