{"id":116,"date":"2022-08-24T19:44:43","date_gmt":"2022-08-24T11:44:43","guid":{"rendered":"https:\/\/advance-ceramics.com\/?page_id=116"},"modified":"2022-11-03T15:58:06","modified_gmt":"2022-11-03T07:58:06","slug":"bagues-en-ceramique-pour-le-soudage-de-goujons","status":"publish","type":"page","link":"https:\/\/advance-ceramics.com\/fr\/ceramic-ferrules-for-stud-welding\/","title":{"rendered":"bagues en c\u00e9ramique pour le soudage de goujons"},"content":{"rendered":"<p>Si vous effectuez des soudures \u00e0 l'arc, vous devez conna\u00eetre les bagues en c\u00e9ramique. Elles constituent un \u00e9l\u00e9ment essentiel du processus, car elles prot\u00e8gent le soudeur de l'exposition \u00e0 l'oxyg\u00e8ne. Malheureusement, il s'agit d'articles \u00e0 usage unique. Lisez cet article pour en savoir plus sur leur utilisation et leurs avantages. Vous pourrez ensuite d\u00e9cider s'il vaut la peine d'investir dans ce type d'\u00e9quipement. Vous trouverez ci-dessous quelques \u00e9l\u00e9ments \u00e0 prendre en compte avant de les acheter.<\/p>\n<p><strong>Les bagues en c\u00e9ramique sont un \u00e9l\u00e9ment essentiel du processus de soudage des goujons \u00e0 l'arc \u00e9tir\u00e9.<\/strong><\/p>\n<p>Si vous pratiquez le soudage de goujons \u00e0 l'arc \u00e9tir\u00e9, vous avez probablement entendu parler des bagues en c\u00e9ramique. Pendant le processus de soudage, ces petits tubes m\u00e9talliques sont fix\u00e9s autour de la pointe du pistolet de soudage. Le processus de soudage g\u00e9n\u00e8re des oxydes et des hydrocarbures qui peuvent nuire \u00e0 la qualit\u00e9 de la soudure. Les bagues en c\u00e9ramique offrent une excellente r\u00e9sistance aux chocs thermiques et contribuent \u00e0 r\u00e9duire ces gaz. Contrairement \u00e0 d'autres proc\u00e9d\u00e9s de soudage, ces bagues ne sont utilis\u00e9es qu'une seule fois. Pour les retirer, il faut \u00e9quiper le pistolet de soudage d'une autre virole.<\/p>\n<p>La virole en c\u00e9ramique remplit de nombreuses fonctions dans un processus de soudage de goujons. Elle prot\u00e8ge l'arc et l'op\u00e9rateur des contaminants, contribue au bon d\u00e9roulement du processus de soudage et forme le cong\u00e9 de raccordement afin d'\u00e9viter toute contamination. La virole fournit \u00e9galement des \u00e9vents permettant aux gaz de soudure de s'\u00e9chapper. Les bagues en c\u00e9ramique \u00e9tant jetables, le processus est tr\u00e8s hygi\u00e9nique. En outre, une virole en c\u00e9ramique est g\u00e9n\u00e9ralement fabriqu\u00e9e \u00e0 partir d'une c\u00e9ramique moulable de qualit\u00e9 inf\u00e9rieure. Cela signifie que les bagues ont des tol\u00e9rances plus importantes que l'usinage ou d'autres proc\u00e9d\u00e9s.<\/p>\n<p>Les bagues en c\u00e9ramique sont un \u00e9l\u00e9ment important du processus de soudage des goujons \u00e0 l'arc \u00e9tir\u00e9. Elle prot\u00e8ge l'arc et emp\u00eache les projections de m\u00e9tal en fusion. Elle emp\u00eache \u00e9galement la d\u00e9sint\u00e9gration du goujon pendant le processus de soudage. Une fois la soudure termin\u00e9e, la virole est cass\u00e9e et le processus de soudage est achev\u00e9.<\/p>\n<p>Les \u00e9l\u00e9ments soud\u00e9s \u00e0 l'arc sont utilis\u00e9s dans la charpenterie lourde et lorsque le soudage est sans danger. Il s'agit notamment de boulons \u00e0 goujons soud\u00e9s, de douilles filet\u00e9es soud\u00e9es et de nombreux autres \u00e9l\u00e9ments. Le type le plus courant de soudage \u00e0 l'arc \u00e9tir\u00e9 implique l'utilisation d'une virole en c\u00e9ramique. Cette virole permet de maintenir le m\u00e9tal en fusion dans la zone de soudure et l'emp\u00eache de s'oxyder.<\/p>\n<p><strong>Ils prot\u00e8gent le soudeur de l'exposition \u00e0 l'oxyg\u00e8ne<\/strong><\/p>\n<p>Les bagues en c\u00e9ramique sont une couche protectrice qui entoure le goujon pendant la soudure. Elle emp\u00eache le m\u00e9tal de se r\u00e9pandre hors de la zone de soudure et prot\u00e8ge le soudeur de l'exposition \u00e0 l'oxyg\u00e8ne. L'exposition \u00e0 l'oxyg\u00e8ne provoque des soudures poreuses. Elle r\u00e9duit \u00e9galement l'exposition \u00e0 la lumi\u00e8re ultraviolette dans la zone environnante. La virole en c\u00e9ramique peut \u00eatre retir\u00e9e une fois la soudure termin\u00e9e.<\/p>\n<p>Les bagues varient en forme et en taille et peuvent \u00e9galement \u00eatre fabriqu\u00e9es sur mesure pour une fonction sp\u00e9cifique. Par exemple, les viroles plates sont utilis\u00e9es pour le soudage sur des surfaces horizontales. Les applications sur parois verticales n\u00e9cessitent des viroles avec des \u00e9vents d'un c\u00f4t\u00e9 pour \u00e9viter que l'acier fondu ne s'\u00e9coule par le bas. Pour ces applications, les viroles doivent \u00eatre sp\u00e9cialement con\u00e7ues avec des \u00e9vents d'un c\u00f4t\u00e9.<\/p>\n<p>Les \u00e9quipements conventionnels de soudage de goujons peuvent exposer les soudeurs \u00e0 des fum\u00e9es et \u00e0 des risques musculo-squelettiques. Outre la possibilit\u00e9 de souffrir de douleurs lombaires, la position pench\u00e9e place la zone de respiration dans le panache des fum\u00e9es de soudage. Par cons\u00e9quent, les bagues en c\u00e9ramique pour le soudage de goujons contribuent \u00e0 prot\u00e9ger la sant\u00e9 du soudeur. Elles emp\u00eachent \u00e9galement l'oxyg\u00e8ne d'atteindre les poumons.<\/p>\n<p>L'utilisation de bagues en c\u00e9ramique pour le soudage de goujons n'est pas une nouvelle technologie. Elle est utilis\u00e9e depuis des d\u00e9cennies par l'industrie. Les soudeurs qui utilisent ces bagues sont capables de souder sans se baisser. Les avantages de cette technologie sont nombreux et b\u00e9n\u00e9fiques pour la sant\u00e9 du soudeur. Cependant, l'utilisation de ce nouveau produit ne garantit pas ses avantages pour la s\u00e9curit\u00e9 du soudeur.<\/p>\n<p>Le soudage de goujons est un travail qui dure toute la journ\u00e9e. Au cours d'un projet de soudage de goujons, le soudeur et le monteur de charpentes m\u00e9talliques travaillent ensemble pour installer l'\u00e9quipement et effectuer le processus de soudage. Un autre ouvrier meule les points de soudure et aide \u00e0 poser les goujons. Lorsque la soudure est termin\u00e9e, le panache de fum\u00e9es de soudure se d\u00e9place du mat\u00e9riau de base vers la zone respiratoire proche.<\/p>\n<p><strong>Ils sont fragiles<\/strong><\/p>\n<p>La virole c\u00e9ramique est un anneau de protection utilis\u00e9 pour recouvrir le goujon pendant le processus de soudage. Elle emp\u00eache le goujon de s'\u00e9carter pendant la soudure et prot\u00e8ge la zone environnante des rayons UV. Une virole en c\u00e9ramique est un mat\u00e9riau tr\u00e8s fragile qui a souvent tendance \u00e0 s'\u00e9cailler. C'est pourquoi les viroles en c\u00e9ramique sont des \u00e9l\u00e9ments importants du processus de soudage \u00e0 l'arc \u00e9tir\u00e9.<\/p>\n<p>Le soudage de goujons n\u00e9cessite une virole pour maintenir le mat\u00e9riau de soudure en fusion en place pendant le processus de soudage. La virole de soudage de goujons est con\u00e7ue pour suivre la forme du goujon de soudure et est g\u00e9n\u00e9ralement ronde. Toutefois, il existe \u00e9galement des formes elliptiques, carr\u00e9es, rectangulaires et circulaires. Outre la forme ronde, vous pouvez \u00e9galement trouver des bagues de forme elliptique, t\u00e9tra\u00e9drique ou elliptique, qui sont utilis\u00e9es pour assembler des corni\u00e8res. Le diam\u00e8tre de la virole doit correspondre \u00e0 la taille du goujon \u00e0 souder.<\/p>\n<p>Outre leur fragilit\u00e9, les embouts en c\u00e9ramique sont co\u00fbteux. Mais elles sont faciles \u00e0 travailler et peu encombrantes. Cependant, les choix qui s'offrent \u00e0 vous sont nombreux et varient en fonction de vos besoins. En g\u00e9n\u00e9ral, le soudage de goujons \u00e0 l'arc \u00e9tir\u00e9 est recommand\u00e9 pour les mat\u00e9riaux de base d'un diam\u00e8tre d'au moins 2 mm. Un diam\u00e8tre plus important correspond \u00e0 des fixations plus grandes.<\/p>\n<p>Le nitrure de bore est un type de virole en c\u00e9ramique. Elle adh\u00e8re peu au m\u00e9tal et peut \u00eatre r\u00e9utilis\u00e9e plusieurs fois. Cela signifie que vous pouvez l'utiliser \u00e0 nouveau. Il s'agit d'une consid\u00e9ration importante pour les applications de soudage de goujons. Compte tenu de la fragilit\u00e9 du mat\u00e9riau, vous devez vous assurer que les bagues en c\u00e9ramique que vous utilisez sont suffisamment durables pour r\u00e9sister \u00e0 un usage r\u00e9p\u00e9t\u00e9.<\/p>\n<p><strong>Ils sont \u00e0 usage unique<\/strong><\/p>\n<p>La virole en c\u00e9ramique est utilis\u00e9e dans le processus de soudage de goujons. La virole de soudage de goujons est con\u00e7ue pour r\u00e9pondre \u00e0 une fonction sp\u00e9cifique et est g\u00e9n\u00e9ralement utilis\u00e9e sur des surfaces horizontales. Dans les applications sur parois verticales, la virole c\u00e9ramique pour le soudage de goujons doit comporter des \u00e9vents d'un c\u00f4t\u00e9 pour emp\u00eacher l'acier fondu de s'\u00e9couler par le bas. Ces \u00e9vents sont incorpor\u00e9s dans la virole en c\u00e9ramique. L'utilisation d'une nouvelle virole apr\u00e8s une virole existante peut pr\u00e9senter un risque s\u00e9rieux pour la sant\u00e9, et il est tr\u00e8s peu probable qu'un op\u00e9rateur soit \u00e0 l'aise pour l'utiliser \u00e0 nouveau.<\/p>\n<p>Les bagues en c\u00e9ramique pour le soudage de goujons peuvent \u00eatre \u00e0 usage unique, et sont donc recommand\u00e9es pour ceux qui ne soudent que quelques fois. Elles sont peu co\u00fbteuses et peuvent \u00eatre trouv\u00e9es dans la plupart des magasins de fournitures de soudage. Ces bagues sont \u00e9galement fabriqu\u00e9es \u00e0 partir de mat\u00e9riaux non toxiques. Les monteurs qui les ont utilis\u00e9es pour cette \u00e9tude \u00e9taient membres de l'Ironworkers Local 89, \u00e0 Cedar Rapids, IA. Les participants \u00e0 l'\u00e9tude avaient tous de l'exp\u00e9rience en mati\u00e8re de soudage de goujons et avaient \u00e9t\u00e9 form\u00e9s par le coordinateur de la formation en apprentissage. Ils \u00e9taient \u00e9galement droitiers, mesuraient 1,8 m et pesaient 89 kg. Tous les participants ont donn\u00e9 leur consentement \u00e9crit avant la r\u00e9alisation de l'\u00e9tude.<\/p>\n<p>Lorsque vous utilisez des bagues en c\u00e9ramique pour le soudage de goujons, vous devez vous assurer qu'elles sont correctement dimensionn\u00e9es et qu'elles ne seront utilis\u00e9es qu'aux fins souhait\u00e9es. Pendant le processus de soudage, les bagues en c\u00e9ramique peuvent servir de bouclier \u00e0 l'arc. Elles emp\u00eachent les contaminants d'affecter le m\u00e9tal en fusion, ce qui pourrait affaiblir la soudure. Les viroles ne sont pas n\u00e9cessaires pour le soudage de goujons \u00e0 d\u00e9charge de condensateur, car ce proc\u00e9d\u00e9 ne pr\u00e9sente pas les m\u00eames risques de propagation du m\u00e9tal en fusion aux zones adjacentes.<\/p>\n<p><strong>Ils sont fabriqu\u00e9s en c\u00e9ramique technique<\/strong><\/p>\n<p>Les bagues en c\u00e9ramique pour le soudage de goujons sont utilis\u00e9es pour une vari\u00e9t\u00e9 d'applications et remplissent plusieurs fonctions pendant le soudage. Elles prot\u00e8gent le goujon de l'atmosph\u00e8re et agissent comme un bouclier d'arc. Elles forment \u00e9galement un cong\u00e9 qui permet aux gaz de soudure de s'\u00e9chapper. Ces bagues sont g\u00e9n\u00e9ralement jetables et fabriqu\u00e9es \u00e0 partir d'une c\u00e9ramique technique moulable de haute qualit\u00e9. Les bagues en c\u00e9ramique sont id\u00e9ales pour le soudage de goujons en raison de leur grande solidit\u00e9 et de leur excellente r\u00e9sistance \u00e0 l'usure. Elles sont \u00e9galement ind\u00e9formables, ce qui les rend id\u00e9ales pour le soudage.<\/p>\n<p>Il existe plusieurs types de goujons. Les plus courants sont le type filet\u00e9 MD et le type non standardis\u00e9 MPF. Les deux types comportent un goujon filet\u00e9 qui se visse sur l'embout du pistolet de soudage. Le pas de filetage du MD est de trois ou quatre millim\u00e8tres, tandis que le MPF a un diam\u00e8tre de huit millim\u00e8tres.<\/p>\n<p>L'objectif principal de ces viroles est de prot\u00e9ger le bain de soudure. Elles contribuent \u00e9galement \u00e0 stabiliser l'arc et \u00e0 prot\u00e9ger l'op\u00e9rateur des projections et du soufflage de l'arc. Elles sont disponibles en diff\u00e9rentes tailles et sont fabriqu\u00e9es conform\u00e9ment \u00e0 la norme ISO 13918:2008. Ils sont con\u00e7us pour \u00eatre utilis\u00e9s sur des surfaces planes et horizontales. Ils sont \u00e9galement disponibles dans des viroles qui comprennent des \u00e9vents sur la face inf\u00e9rieure pour emp\u00eacher l'acier fondu de s'\u00e9couler par le bas.<\/p>\n<p>Les bagues en c\u00e9ramique utilis\u00e9es pour le soudage de goujons sont tr\u00e8s importantes pour garantir la r\u00e9ussite du processus de soudage de goujons \u00e0 l'arc \u00e9tir\u00e9. Elles prot\u00e8gent le goujon de la contamination et permettent au processus de fonctionner correctement. Elles sont couramment utilis\u00e9es pour une vari\u00e9t\u00e9 d'applications et sont disponibles dans diff\u00e9rentes formes, tailles et sp\u00e9cifications de mat\u00e9riaux c\u00e9ramiques. Cet article examine quelques-uns des avantages et des utilisations des bagues pour le soudage de goujons.<\/p>","protected":false},"excerpt":{"rendered":"<p>If you are doing drawn arc stud welding, you need to know about ceramic ferrules. They are an essential part of the process, because they protect the welder from oxygen exposure. Unfortunately, they are one-use items. Read this article to learn more about their use and advantages. Then, you can decide whether or not they&hellip;&nbsp;<a href=\"https:\/\/advance-ceramics.com\/fr\/ceramic-ferrules-for-stud-welding\/\" class=\"\" rel=\"bookmark\">Lire la suite &raquo;<span class=\"screen-reader-text\">bagues en c\u00e9ramique pour le soudage de goujons<\/span><\/a><\/p>","protected":false},"author":1,"featured_media":0,"parent":0,"menu_order":0,"comment_status":"closed","ping_status":"closed","template":"","meta":{"neve_meta_sidebar":"","neve_meta_container":"","neve_meta_enable_content_width":"","neve_meta_content_width":0,"neve_meta_title_alignment":"","neve_meta_author_avatar":"","neve_post_elements_order":"","neve_meta_disable_header":"","neve_meta_disable_footer":"","neve_meta_disable_title":"","footnotes":""},"aioseo_notices":[],"_links":{"self":[{"href":"https:\/\/advance-ceramics.com\/fr\/wp-json\/wp\/v2\/pages\/116"}],"collection":[{"href":"https:\/\/advance-ceramics.com\/fr\/wp-json\/wp\/v2\/pages"}],"about":[{"href":"https:\/\/advance-ceramics.com\/fr\/wp-json\/wp\/v2\/types\/page"}],"author":[{"embeddable":true,"href":"https:\/\/advance-ceramics.com\/fr\/wp-json\/wp\/v2\/users\/1"}],"replies":[{"embeddable":true,"href":"https:\/\/advance-ceramics.com\/fr\/wp-json\/wp\/v2\/comments?post=116"}],"version-history":[{"count":6,"href":"https:\/\/advance-ceramics.com\/fr\/wp-json\/wp\/v2\/pages\/116\/revisions"}],"predecessor-version":[{"id":164,"href":"https:\/\/advance-ceramics.com\/fr\/wp-json\/wp\/v2\/pages\/116\/revisions\/164"}],"wp:attachment":[{"href":"https:\/\/advance-ceramics.com\/fr\/wp-json\/wp\/v2\/media?parent=116"}],"curies":[{"name":"wp","href":"https:\/\/api.w.org\/{rel}","templated":true}]}}