{"id":57,"date":"2016-08-29T19:41:56","date_gmt":"2016-08-29T11:41:56","guid":{"rendered":"http:\/\/advance-ceramics.com\/?page_id=57"},"modified":"2022-07-08T22:19:48","modified_gmt":"2022-07-08T14:19:48","slug":"advanced-ceramic-solutions","status":"publish","type":"page","link":"https:\/\/advance-ceramics.com\/fi\/","title":{"rendered":"TIETOJA"},"content":{"rendered":"<p><a href=\"https:\/\/advance-ceramics.com\/fi\/cropped-advanced-ceramics-1-jpg\/\"><img loading=\"lazy\" decoding=\"async\" class=\"alignnone size-full wp-image-52\" src=\"http:\/\/advance-ceramics.com\/wp-content\/uploads\/2016\/08\/cropped-advanced-ceramics-1.jpg\" alt=\"\" width=\"2000\" height=\"520\" srcset=\"https:\/\/advance-ceramics.com\/wp-content\/uploads\/2016\/08\/cropped-advanced-ceramics-1.jpg 2000w, https:\/\/advance-ceramics.com\/wp-content\/uploads\/2016\/08\/cropped-advanced-ceramics-1-300x78.jpg 300w, https:\/\/advance-ceramics.com\/wp-content\/uploads\/2016\/08\/cropped-advanced-ceramics-1-768x200.jpg 768w, https:\/\/advance-ceramics.com\/wp-content\/uploads\/2016\/08\/cropped-advanced-ceramics-1-1024x266.jpg 1024w, https:\/\/advance-ceramics.com\/wp-content\/uploads\/2016\/08\/cropped-advanced-ceramics-1-624x162.jpg 624w\" sizes=\"(max-width: 2000px) 100vw, 2000px\" \/><\/a>Sijaitsemme shanghai, Kiina, erikoistunut T &amp; K, valmistus ja myynti tuotteiden kehittyneit\u00e4 keraamisia materiaaleja, kuten alumiinioksidi, Zirkonia, piikarbidi, pii nitridi, muut kehittyneet keramiikka.<\/p>\r\n\r\n\r\n\r\n<p>Tuotteitamme k\u00e4ytet\u00e4\u00e4n p\u00e4\u00e4asiassa ilmailu- ja avaruusalalla, tutkimuksessa, elintarvikkeiden k\u00e4sittelyss\u00e4, nesteiden k\u00e4sittelyss\u00e4, tieteellisess\u00e4, autoteollisuudessa, puolustuksessa, l\u00e4mp\u00f6k\u00e4sittelyss\u00e4, elektroniikassa ja s\u00e4hk\u00f6tekniikassa, prosessinvalvonnassa, tekstiiliteollisuudessa, massan ja paperin valmistuksessa, mekaanisessa, lasinjalostuksessa, mineraalien k\u00e4sittelyss\u00e4 ja muussa teollisuudessa.<\/p>\r\n\r\n\r\n\r\n<p>Tavoitteenamme on kehitt\u00e4\u00e4, valmistaa ja myyd\u00e4 tuotteita kustannustehokkaasti, laadukkaasti, turvallisesti ja ymp\u00e4rist\u00f6yst\u00e4v\u00e4llisesti. Kaikkien ponnistelujemme keskipisteen\u00e4 on asiakkaidemme tarpeiden tyydytt\u00e4minen ja ihanteellisen edistyksellisen materiaaliratkaisun tarjoaminen kaikkiin sovelluksiin.<\/p>","protected":false},"excerpt":{"rendered":"<p>We are located in shanghai,china,specialized in R&amp;D, manufacturing and selling the products of advanced ceramic materials, including Alumina, Zirconia, Silicon Carbide, Silicon Nitride,other advanced ceramics. Our products are mainly used in Aerospace, Research, Food Processing, Fluid Handling, Scientific, Automotive, Defense, Thermal Processing, Electronic and Electrical, Process Control, Textile, Pulp and Paper, Mechanical, Glass Processing, Mineral&hellip;&nbsp;<a href=\"https:\/\/advance-ceramics.com\/fi\/\" class=\"\" rel=\"bookmark\">Lue lis\u00e4\u00e4 &raquo;<span class=\"screen-reader-text\">TIETOJA<\/span><\/a><\/p>","protected":false},"author":1,"featured_media":0,"parent":0,"menu_order":0,"comment_status":"closed","ping_status":"closed","template":"","meta":{"neve_meta_sidebar":"","neve_meta_container":"","neve_meta_enable_content_width":"","neve_meta_content_width":0,"neve_meta_title_alignment":"","neve_meta_author_avatar":"","neve_post_elements_order":"","neve_meta_disable_header":"","neve_meta_disable_footer":"","neve_meta_disable_title":"","footnotes":""},"aioseo_notices":[],"_links":{"self":[{"href":"https:\/\/advance-ceramics.com\/fi\/wp-json\/wp\/v2\/pages\/57"}],"collection":[{"href":"https:\/\/advance-ceramics.com\/fi\/wp-json\/wp\/v2\/pages"}],"about":[{"href":"https:\/\/advance-ceramics.com\/fi\/wp-json\/wp\/v2\/types\/page"}],"author":[{"embeddable":true,"href":"https:\/\/advance-ceramics.com\/fi\/wp-json\/wp\/v2\/users\/1"}],"replies":[{"embeddable":true,"href":"https:\/\/advance-ceramics.com\/fi\/wp-json\/wp\/v2\/comments?post=57"}],"version-history":[{"count":10,"href":"https:\/\/advance-ceramics.com\/fi\/wp-json\/wp\/v2\/pages\/57\/revisions"}],"predecessor-version":[{"id":111,"href":"https:\/\/advance-ceramics.com\/fi\/wp-json\/wp\/v2\/pages\/57\/revisions\/111"}],"wp:attachment":[{"href":"https:\/\/advance-ceramics.com\/fi\/wp-json\/wp\/v2\/media?parent=57"}],"curies":[{"name":"wp","href":"https:\/\/api.w.org\/{rel}","templated":true}]}}