{"id":116,"date":"2022-08-24T19:44:43","date_gmt":"2022-08-24T11:44:43","guid":{"rendered":"https:\/\/advance-ceramics.com\/?page_id=116"},"modified":"2022-11-03T15:58:06","modified_gmt":"2022-11-03T07:58:06","slug":"keraamiset-sulakkeet-pulttihitsausta-varten","status":"publish","type":"page","link":"https:\/\/advance-ceramics.com\/fi\/ceramic-ferrules-for-stud-welding\/","title":{"rendered":"keraamiset sulakkeet pulttihitsausta varten"},"content":{"rendered":"<p>Jos teet vetokaaripistoshitsausta, sinun on tiedett\u00e4v\u00e4 keraamisista p\u00e4itt\u00e4islaitteista. Ne ovat olennainen osa prosessia, koska ne suojaavat hitsaajaa happialtistukselta. Valitettavasti ne ovat kertak\u00e4ytt\u00f6isi\u00e4. Lue t\u00e4m\u00e4 artikkeli saadaksesi lis\u00e4tietoja niiden k\u00e4yt\u00f6st\u00e4 ja eduista. Sen j\u00e4lkeen voit p\u00e4\u00e4tt\u00e4\u00e4, kannattaako niihin investoida. Alla on lueteltu muutamia asioita, jotka kannattaa ottaa huomioon ennen niiden ostamista.<\/p>\n<p><strong>Keraamiset raudat ovat olennainen osa vetokaaripistoshitsausprosessia.<\/strong><\/p>\n<p>Jos olet mukana vetokaaripistoshitsauksessa, olet luultavasti kuullut keraamisista p\u00e4itt\u00e4isliitoksista. Hitsausprosessin aikana n\u00e4m\u00e4 pienet metalliputket kiinnitet\u00e4\u00e4n hitsauspistoolin k\u00e4rjen ymp\u00e4rille. Hitsausprosessissa syntyy oksideja ja hiilivetyj\u00e4, jotka voivat olla haitallisia laadukkaan hitsin kannalta. Keraamiset sulakkeet kest\u00e4v\u00e4t erinomaisesti l\u00e4mp\u00f6shokkia ja auttavat v\u00e4hent\u00e4m\u00e4\u00e4n n\u00e4it\u00e4 kaasuja. Toisin kuin muissa hitsausprosesseissa, n\u00e4it\u00e4 lankoja k\u00e4ytet\u00e4\u00e4n vain kerran. Niiden poistaminen edellytt\u00e4\u00e4, ett\u00e4 hitsauspistooliin asennetaan uusi ferruuna.<\/p>\n<p>Keraamisella sulakkeella on monia teht\u00e4vi\u00e4 pulttihitsausprosessissa. Se suojaa valokaarta ja k\u00e4ytt\u00e4j\u00e4\u00e4 ep\u00e4puhtauksilta, auttaa hitsausprosessin sujuvuutta ja muodostaa viilun, joka auttaa est\u00e4m\u00e4\u00e4n ep\u00e4puhtauksia. Sulku tarjoaa my\u00f6s tuuletusaukot hitsauskaasujen poistumiselle. Koska keraamiset sulakkeet ovat kertak\u00e4ytt\u00f6isi\u00e4, prosessi on eritt\u00e4in hygieeninen. Sit\u00e4 paitsi keraaminen ferruuna valmistetaan yleens\u00e4 heikkolaatuisesta muokattavasta keramiikasta. T\u00e4m\u00e4 tarkoittaa sit\u00e4, ett\u00e4 ferruuleissa on suuremmat toleranssit kuin koneistuksessa tai muissa prosesseissa.<\/p>\n<p>on t\u00e4rke\u00e4 osa vetokaaripistoshitsausprosessia. Se suojaa valokaarta ja est\u00e4\u00e4 sulan metallin roiskumisen. Se est\u00e4\u00e4 my\u00f6s pultin hajoamisen hitsausprosessin aikana. Kun hitsaus on valmis, sulku katkaistaan ja hitsausprosessi on valmis.<\/p>\n<p>Kaarihitsattuja elementtej\u00e4 k\u00e4ytet\u00e4\u00e4n raskaissa puusep\u00e4nt\u00f6iss\u00e4 ja silloin, kun hitsaus on turvallista. Niit\u00e4 ovat esimerkiksi hitsauspultit, hitsatut kierteitetyt holkit ja monet muut elementit. Yleisimp\u00e4\u00e4n vedettyyn kaarihitsaukseen liittyy keraamisen raudan k\u00e4ytt\u00f6. T\u00e4m\u00e4 ferruuna auttaa pit\u00e4m\u00e4\u00e4n sulan metallin hitsausvy\u00f6hykkeess\u00e4 ja est\u00e4\u00e4 sit\u00e4 hapettumasta.<\/p>\n<p><strong>Ne suojaavat hitsaajaa happialtistukselta<\/strong><\/p>\n<p>keraamiset raudat ovat suojakerros, joka ymp\u00e4r\u00f6i hitsauspistoketta hitsauksen aikana. Se est\u00e4\u00e4 metallia levi\u00e4m\u00e4st\u00e4 ulos hitsausvy\u00f6hykkeest\u00e4 ja suojaa hitsaajaa hapelle altistumiselta. Happialtistus aiheuttaa huokoisia hitsej\u00e4. Se v\u00e4hent\u00e4\u00e4 my\u00f6s altistumista ymp\u00e4r\u00f6iv\u00e4n alueen ultraviolettivalolle. Keraaminen suojus voidaan poistaa hitsauksen p\u00e4\u00e4tytty\u00e4.<\/p>\n<p>Rautasukat vaihtelevat muodoltaan ja kooltaan, ja ne voidaan my\u00f6s valmistaa mittatilausty\u00f6n\u00e4 tietty\u00e4 toimintoa varten. Esimerkiksi litteit\u00e4 lankoja k\u00e4ytet\u00e4\u00e4n vaakapintojen hitsaamiseen. Pystysuuntaisissa sein\u00e4sovelluksissa tarvitaan sulakkeita, joissa on tuuletusaukot toisella puolella, jotta sula ter\u00e4s ei p\u00e4\u00e4se valumaan ulos pohjasta. T\u00e4llaisia sovelluksia varten on erityisesti suunniteltava sulkia, joissa on tuuletusaukot toisella puolella.<\/p>\n<p>Tavanomaiset pulttihitsauslaitteet voivat altistaa hitsaajat h\u00f6yryille ja tuki- ja liikuntaelimist\u00f6n vaaroille. Mahdollisen alaselk\u00e4kivun lis\u00e4ksi kyykkyasento asettaa hengitysalueen hitsaushuurujen savupilveen. N\u00e4in ollen pulttihitsauksessa k\u00e4ytett\u00e4v\u00e4t keraamiset sulakkeet auttavat suojaamaan hitsaajan terveytt\u00e4. Ne my\u00f6s est\u00e4v\u00e4t hapen p\u00e4\u00e4syn keuhkoihin.<\/p>\n<p>Keraamisten lankojen k\u00e4ytt\u00f6 pulttihitsauksessa ei ole uusi tekniikka. Teollisuus on k\u00e4ytt\u00e4nyt sit\u00e4 jo vuosikymmeni\u00e4. N\u00e4it\u00e4 lankoja k\u00e4ytt\u00e4v\u00e4t hitsaajat pystyv\u00e4t hitsaamaan kumartumatta. T\u00e4m\u00e4n tekniikan edut ovat moninaiset, ja niist\u00e4 on hy\u00f6ty\u00e4 hitsaajan terveydelle. T\u00e4m\u00e4n uuden tuotteen k\u00e4ytt\u00f6 ei kuitenkaan takaa sen etuja hitsaajan turvallisuudelle.<\/p>\n<p>Pulttihitsauslaitteiden hitsaaminen on koko p\u00e4iv\u00e4n ty\u00f6t\u00e4. Pulttihitsaushankkeen aikana hitsaaja ja rakennerautaty\u00f6mies ty\u00f6skentelev\u00e4t yhdess\u00e4 laitteiston asentamiseksi ja hitsausprosessin suorittamiseksi. Toinen ty\u00f6ntekij\u00e4 suorittaa hitsauskohtien hionnan ja avustaa pulttien asettelussa. Kun hitsaus on valmis, hitsaussumu kulkeutuu perusmateriaalista l\u00e4hihengitysvy\u00f6hykkeelle.<\/p>\n<p><strong>Ne ovat hauraita<\/strong><\/p>\n<p>keraaminen suojus on suojarengas, jota k\u00e4ytet\u00e4\u00e4n peitt\u00e4m\u00e4\u00e4n tappi hitsausprosessin aikana. Ne auttavat est\u00e4m\u00e4\u00e4n nastan levi\u00e4misen hitsauksen aikana ja suojaavat ymp\u00e4r\u00f6iv\u00e4\u00e4 aluetta UV-s\u00e4teilt\u00e4. Keraaminen suojus on hyvin haurasta materiaalia, ja se on usein altis lohkeilemaan pois. T\u00e4m\u00e4n vuoksi keraamiset raudat ovat t\u00e4rkeit\u00e4 osia vetokaarihitsausprosessissa.<\/p>\n<p>Nastahitsauksessa tarvitaan suojus, joka pit\u00e4\u00e4 sulan hitsiaineen paikallaan hitsausprosessin aikana. nastahitsauksen suojus on muotoiltu hitsausnastan muodon mukaiseksi, ja se on tyypillisesti py\u00f6re\u00e4. Saatavilla on kuitenkin my\u00f6s ellipsin, neli\u00f6n, suorakaiteen ja ellin muotoisia. Py\u00f6re\u00e4n muodon lis\u00e4ksi voit l\u00f6yt\u00e4\u00e4 my\u00f6s elliptisen, tetraedrin tai ellin muotoisia lankoja, joita k\u00e4ytet\u00e4\u00e4n kulmarautojen yhdist\u00e4miseen. Sulakkeen halkaisijan on vastattava hitsausnastan kokoa.<\/p>\n<p>Sen lis\u00e4ksi, ett\u00e4 ne ovat hauraita, keraamiset juoksup\u00e4\u00e4t ovat kalliita. Niit\u00e4 on kuitenkin helppo ty\u00f6st\u00e4\u00e4, eiv\u00e4tk\u00e4 ne vie paljon tilaa. K\u00e4ytett\u00e4viss\u00e4si on kuitenkin monia vaihtoehtoja, ja ne vaihtelevat tarpeidesi mukaan. Yleens\u00e4 vetokaaripistoshitsausta suositellaan kantamateriaaleille, joiden halkaisija on v\u00e4hint\u00e4\u00e4n 2 mm. Suurempi halkaisija sopii suurempiin kiinnittimiin.<\/p>\n<p>Yksi keraamisen ferruulin tyyppi on boorinitridi. Sen tarttuvuus metalliin on heikko, ja sit\u00e4 voidaan k\u00e4ytt\u00e4\u00e4 monta kertaa uudelleen. T\u00e4m\u00e4 tarkoittaa, ett\u00e4 voit k\u00e4ytt\u00e4\u00e4 sit\u00e4 uudelleen. T\u00e4m\u00e4 on t\u00e4rke\u00e4 n\u00e4k\u00f6kohta pulttihitsaussovelluksissa. Kun otetaan huomioon materiaalin hauraus, sinun on varmistettava, ett\u00e4 k\u00e4ytt\u00e4m\u00e4si keraamiset raudat ovat riitt\u00e4v\u00e4n kest\u00e4vi\u00e4 kest\u00e4m\u00e4\u00e4n toistuvaa k\u00e4ytt\u00f6\u00e4.<\/p>\n<p><strong>Ne ovat kertak\u00e4ytt\u00f6isi\u00e4<\/strong><\/p>\n<p>Keraamisia sulakkeita k\u00e4ytet\u00e4\u00e4n nastahitsausprosessissa. nastahitsaus sulake on suunniteltu sopimaan tiettyyn teht\u00e4v\u00e4\u00e4n, ja sit\u00e4 k\u00e4ytet\u00e4\u00e4n yleens\u00e4 vaakasuorilla pinnoilla. Pystysuorissa sein\u00e4sovelluksissa nastahitsaukseen tarkoitetuissa keraamisissa ferruleissa on oltava tuuletusaukot toisella puolella, jotta sula ter\u00e4s ei p\u00e4\u00e4se vuotamaan ulos pohjasta. N\u00e4m\u00e4 tuuletusaukot on sis\u00e4llytetty keraamiseen sulkuun. Uuden ferruulin k\u00e4ytt\u00e4minen olemassa olevan ferruulin j\u00e4lkeen voi aiheuttaa vakavan terveysriskin, ja on eritt\u00e4in ep\u00e4todenn\u00e4k\u00f6ist\u00e4, ett\u00e4 k\u00e4ytt\u00e4j\u00e4 k\u00e4ytt\u00e4\u00e4 sit\u00e4 mielell\u00e4\u00e4n uudelleen.<\/p>\n<p>Keraamiset puikkohitsausholkit voivat olla kertak\u00e4ytt\u00f6isi\u00e4, joten niit\u00e4 suositellaan niille, jotka hitsaavat vain muutaman kerran. Ne ovat edullisia, ja niit\u00e4 l\u00f6ytyy useimmista hitsaustarvikeliikkeist\u00e4. N\u00e4m\u00e4 lankat on my\u00f6s valmistettu myrkytt\u00f6mist\u00e4 materiaaleista. Rautaty\u00f6l\u00e4iset, jotka k\u00e4yttiv\u00e4t niit\u00e4 t\u00e4ss\u00e4 tutkimuksessa, olivat Cedar Rapidsissa, IA:ssa sijaitsevan Ironworkers Local 89 -j\u00e4rjest\u00f6n j\u00e4seni\u00e4. Tutkimukseen osallistuneet olivat kaikki kokeneita puikkohitsauksesta, ja he olivat saaneet koulutusta oppisopimuskoulutuksen koordinaattorilta. He olivat my\u00f6s oikeak\u00e4tisi\u00e4, 1,8 m pitki\u00e4 ja 89 kg painavia. Kaikki osallistujat antoivat kirjallisen suostumuksen ennen tutkimuksen suorittamista.<\/p>\n<p>Kun k\u00e4yt\u00e4t keraamisia lankoja pulttihitsaukseen, sinun on varmistettava, ett\u00e4 ne ovat oikein mitoitettuja ja ett\u00e4 niit\u00e4 k\u00e4ytet\u00e4\u00e4n vain haluttuun tarkoitukseen. Hitsausprosessin aikana keraamiset raudat voivat toimia valokaarisuojana. Ne est\u00e4v\u00e4t ep\u00e4puhtauksia vaikuttamasta sulaan metalliin, mik\u00e4 voi heikent\u00e4\u00e4 hitsi\u00e4. Ferruleita ei tarvita kondensaattoripurkauspistoshitsauksessa, koska t\u00e4ss\u00e4 prosessissa ei ole samoja riskej\u00e4 sulan metallin levi\u00e4misest\u00e4 viereisiin alueisiin.<\/p>\n<p><strong>Ne on valmistettu teknisest\u00e4 keramiikasta<\/strong><\/p>\n<p>Keraamisia puikkohitsaussulakkeita k\u00e4ytet\u00e4\u00e4n useissa eri sovelluksissa, ja niill\u00e4 on useita teht\u00e4vi\u00e4 hitsauksen aikana. Ne suojaavat pultin ilmakeh\u00e4lt\u00e4 ja toimivat valokaarisuojana. Ne muodostavat my\u00f6s t\u00e4ytteen, joka mahdollistaa hitsauskaasujen poistumisen. N\u00e4m\u00e4 sulakkeet ovat tyypillisesti kertak\u00e4ytt\u00f6isi\u00e4, ja ne on valmistettu korkealaatuisesta muokattavasta teknisest\u00e4 keramiikasta. Keraamiset sulakkeet ovat ihanteellisia pulttihitsaukseen niiden suuren lujuuden ja erinomaisen kulutuskest\u00e4vyyden ansiosta. Ne ovat my\u00f6s muotoutumattomia, mik\u00e4 tekee niist\u00e4 ihanteellisia k\u00e4ytett\u00e4v\u00e4ksi hitsauksessa.<\/p>\n<p>Nastoja on useita erilaisia. Yleisimpi\u00e4 ovat kierteitetty MD-tyyppi ja ep\u00e4tyypillinen MPF-tyyppi. Molemmissa tyypeiss\u00e4 on kierteitetty tappi, joka kierteitet\u00e4\u00e4n hitsauspistoolin k\u00e4rkeen. MD-tyypin kierteiden nousu on kolme tai nelj\u00e4 millimetri\u00e4, kun taas MPF-tyypin halkaisija on kahdeksan millimetri\u00e4.<\/p>\n<p>N\u00e4iden lankojen p\u00e4\u00e4tarkoitus on suojata hitsausallas. Ne auttavat my\u00f6s vakauttamaan valokaaren ja suojaavat k\u00e4ytt\u00e4j\u00e4\u00e4 roiskeilta ja valokaaren puhallusmuotoilulta. Niit\u00e4 on saatavana erikokoisina, ja ne valmistetaan ISO 13918:2008 -standardin mukaisesti. Ne on suunniteltu k\u00e4ytett\u00e4v\u00e4ksi tasaisilla, vaakasuorilla pinnoilla. Niit\u00e4 on saatavana my\u00f6s lankoina, joiden alapuolella on tuuletusaukot, jotka est\u00e4v\u00e4t sulan ter\u00e4ksen valumisen ulos pohjasta.<\/p>\n<p>Puikkohitsauksessa k\u00e4ytett\u00e4v\u00e4t keraamiset sulakkeet ovat eritt\u00e4in t\u00e4rkeit\u00e4 vetokaaripuikkohitsauksen onnistumisen varmistamiseksi. Ne auttavat suojaamaan pistint\u00e4 ep\u00e4puhtauksilta ja mahdollistavat prosessin moitteettoman toiminnan. Niit\u00e4 k\u00e4ytet\u00e4\u00e4n yleisesti useissa eri sovelluksissa, ja niit\u00e4 on saatavana eri muotoisina, kokoisina ja keraamisia materiaaleja sis\u00e4lt\u00e4vin\u00e4. T\u00e4ss\u00e4 artikkelissa tarkastellaan muutamia pulttihitsauksessa k\u00e4ytett\u00e4vien lankojen etuja ja k\u00e4ytt\u00f6tarkoituksia.<\/p>","protected":false},"excerpt":{"rendered":"<p>If you are doing drawn arc stud welding, you need to know about ceramic ferrules. They are an essential part of the process, because they protect the welder from oxygen exposure. Unfortunately, they are one-use items. Read this article to learn more about their use and advantages. Then, you can decide whether or not they&hellip;&nbsp;<a href=\"https:\/\/advance-ceramics.com\/fi\/ceramic-ferrules-for-stud-welding\/\" class=\"\" rel=\"bookmark\">Lue lis\u00e4\u00e4 &raquo;<span class=\"screen-reader-text\">keraamiset sulakkeet pulttihitsausta varten<\/span><\/a><\/p>","protected":false},"author":1,"featured_media":0,"parent":0,"menu_order":0,"comment_status":"closed","ping_status":"closed","template":"","meta":{"neve_meta_sidebar":"","neve_meta_container":"","neve_meta_enable_content_width":"","neve_meta_content_width":0,"neve_meta_title_alignment":"","neve_meta_author_avatar":"","neve_post_elements_order":"","neve_meta_disable_header":"","neve_meta_disable_footer":"","neve_meta_disable_title":"","footnotes":""},"aioseo_notices":[],"_links":{"self":[{"href":"https:\/\/advance-ceramics.com\/fi\/wp-json\/wp\/v2\/pages\/116"}],"collection":[{"href":"https:\/\/advance-ceramics.com\/fi\/wp-json\/wp\/v2\/pages"}],"about":[{"href":"https:\/\/advance-ceramics.com\/fi\/wp-json\/wp\/v2\/types\/page"}],"author":[{"embeddable":true,"href":"https:\/\/advance-ceramics.com\/fi\/wp-json\/wp\/v2\/users\/1"}],"replies":[{"embeddable":true,"href":"https:\/\/advance-ceramics.com\/fi\/wp-json\/wp\/v2\/comments?post=116"}],"version-history":[{"count":6,"href":"https:\/\/advance-ceramics.com\/fi\/wp-json\/wp\/v2\/pages\/116\/revisions"}],"predecessor-version":[{"id":164,"href":"https:\/\/advance-ceramics.com\/fi\/wp-json\/wp\/v2\/pages\/116\/revisions\/164"}],"wp:attachment":[{"href":"https:\/\/advance-ceramics.com\/fi\/wp-json\/wp\/v2\/media?parent=116"}],"curies":[{"name":"wp","href":"https:\/\/api.w.org\/{rel}","templated":true}]}}