{"id":57,"date":"2016-08-29T19:41:56","date_gmt":"2016-08-29T11:41:56","guid":{"rendered":"http:\/\/advance-ceramics.com\/?page_id=57"},"modified":"2022-07-08T22:19:48","modified_gmt":"2022-07-08T14:19:48","slug":"advanced-ceramic-solutions","status":"publish","type":"page","link":"https:\/\/advance-ceramics.com\/et\/","title":{"rendered":"KOHTA"},"content":{"rendered":"<p><a href=\"https:\/\/advance-ceramics.com\/et\/cropped-advanced-ceramics-1-jpg\/\"><img loading=\"lazy\" decoding=\"async\" class=\"alignnone size-full wp-image-52\" src=\"http:\/\/advance-ceramics.com\/wp-content\/uploads\/2016\/08\/cropped-advanced-ceramics-1.jpg\" alt=\"\" width=\"2000\" height=\"520\" srcset=\"https:\/\/advance-ceramics.com\/wp-content\/uploads\/2016\/08\/cropped-advanced-ceramics-1.jpg 2000w, https:\/\/advance-ceramics.com\/wp-content\/uploads\/2016\/08\/cropped-advanced-ceramics-1-300x78.jpg 300w, https:\/\/advance-ceramics.com\/wp-content\/uploads\/2016\/08\/cropped-advanced-ceramics-1-768x200.jpg 768w, https:\/\/advance-ceramics.com\/wp-content\/uploads\/2016\/08\/cropped-advanced-ceramics-1-1024x266.jpg 1024w, https:\/\/advance-ceramics.com\/wp-content\/uploads\/2016\/08\/cropped-advanced-ceramics-1-624x162.jpg 624w\" sizes=\"(max-width: 2000px) 100vw, 2000px\" \/><\/a>Asume shanghai, Hiina, spetsialiseerunud teadus- ja arendustegevuse, tootmise ja m\u00fc\u00fcgi toodete arenenud keraamiliste materjalide, sealhulgas alumiiniumoksiidi, tsirkooniumoksiidi, r\u00e4nikarbiidi, r\u00e4nidioksiid, r\u00e4nidioksiid, muud arenenud keraamika.<\/p>\r\n\r\n\r\n\r\n<p>Meie tooteid kasutatakse peamiselt lennunduses, teadusuuringutes, toiduainete t\u00f6\u00f6tlemisel, vedelike k\u00e4itlemisel, teaduses, autot\u00f6\u00f6stuses, kaitses, termilises t\u00f6\u00f6tlemises, elektroonika- ja elektrotehnikas, protsessijuhtimises, tekstiili, tselluloosi ja paberi t\u00f6\u00f6tlemisel, mehaanikas, klaasit\u00f6\u00f6tlemises, mineraalide t\u00f6\u00f6tlemisel ja muudes t\u00f6\u00f6stusharudes.<\/p>\r\n\r\n\r\n\r\n<p>Meie eesm\u00e4rk on arendada, toota ja m\u00fc\u00fca tooteid nii, et need oleksid kulut\u00f5husad, tagaksid k\u00f5rge kvaliteedi ja ohutuse ning oleksid keskkonnas\u00f5bralikud. K\u00f5ik meie j\u00f5upingutused keskenduvad meie klientide vajaduste rahuldamisele ja pakuvad ideaalset t\u00e4iustatud materjalilahendust igaks rakenduseks.<\/p>","protected":false},"excerpt":{"rendered":"<p>We are located in shanghai,china,specialized in R&amp;D, manufacturing and selling the products of advanced ceramic materials, including Alumina, Zirconia, Silicon Carbide, Silicon Nitride,other advanced ceramics. Our products are mainly used in Aerospace, Research, Food Processing, Fluid Handling, Scientific, Automotive, Defense, Thermal Processing, Electronic and Electrical, Process Control, Textile, Pulp and Paper, Mechanical, Glass Processing, Mineral&hellip;&nbsp;<a href=\"https:\/\/advance-ceramics.com\/et\/\" class=\"\" rel=\"bookmark\">Read More &raquo;<span class=\"screen-reader-text\">KOHTA<\/span><\/a><\/p>","protected":false},"author":1,"featured_media":0,"parent":0,"menu_order":0,"comment_status":"closed","ping_status":"closed","template":"","meta":{"neve_meta_sidebar":"","neve_meta_container":"","neve_meta_enable_content_width":"","neve_meta_content_width":0,"neve_meta_title_alignment":"","neve_meta_author_avatar":"","neve_post_elements_order":"","neve_meta_disable_header":"","neve_meta_disable_footer":"","neve_meta_disable_title":"","footnotes":""},"aioseo_notices":[],"_links":{"self":[{"href":"https:\/\/advance-ceramics.com\/et\/wp-json\/wp\/v2\/pages\/57"}],"collection":[{"href":"https:\/\/advance-ceramics.com\/et\/wp-json\/wp\/v2\/pages"}],"about":[{"href":"https:\/\/advance-ceramics.com\/et\/wp-json\/wp\/v2\/types\/page"}],"author":[{"embeddable":true,"href":"https:\/\/advance-ceramics.com\/et\/wp-json\/wp\/v2\/users\/1"}],"replies":[{"embeddable":true,"href":"https:\/\/advance-ceramics.com\/et\/wp-json\/wp\/v2\/comments?post=57"}],"version-history":[{"count":10,"href":"https:\/\/advance-ceramics.com\/et\/wp-json\/wp\/v2\/pages\/57\/revisions"}],"predecessor-version":[{"id":111,"href":"https:\/\/advance-ceramics.com\/et\/wp-json\/wp\/v2\/pages\/57\/revisions\/111"}],"wp:attachment":[{"href":"https:\/\/advance-ceramics.com\/et\/wp-json\/wp\/v2\/media?parent=57"}],"curies":[{"name":"wp","href":"https:\/\/api.w.org\/{rel}","templated":true}]}}