{"id":116,"date":"2022-08-24T19:44:43","date_gmt":"2022-08-24T11:44:43","guid":{"rendered":"https:\/\/advance-ceramics.com\/?page_id=116"},"modified":"2022-11-03T15:58:06","modified_gmt":"2022-11-03T07:58:06","slug":"casquillos-ceramicos-para-soldadura-de-esparragos","status":"publish","type":"page","link":"https:\/\/advance-ceramics.com\/es_pe\/ceramic-ferrules-for-stud-welding\/","title":{"rendered":"casquillos cer\u00e1micos para soldadura de esp\u00e1rragos"},"content":{"rendered":"<p>Si realizas soldadura por puntos con arco trazado, debes conocer las f\u00e9rulas cer\u00e1micas. Son una parte esencial del proceso, ya que protegen al soldador de la exposici\u00f3n al ox\u00edgeno. Desafortunadamente, son art\u00edculos de un solo uso. Lee este art\u00edculo para obtener m\u00e1s informaci\u00f3n sobre su uso y sus ventajas. As\u00ed podr\u00e1s decidir si vale la pena invertir en ellas. A continuaci\u00f3n, te indicamos algunos aspectos que debes tener en cuenta antes de comprarlas.<\/p>\n<p><strong>Los casquillos cer\u00e1micos son una parte esencial del proceso de soldadura por pernos con arco de tracci\u00f3n<\/strong><\/p>\n<p>Si te dedicas a la soldadura por puntos con arco de tracci\u00f3n, probablemente hayas o\u00eddo hablar de los casquillos cer\u00e1micos. Durante el proceso de soldadura, estos peque\u00f1os tubos met\u00e1licos se colocan alrededor de la punta de la pistola de soldadura. El proceso de soldadura genera \u00f3xidos e hidrocarburos que pueden afectar negativamente a la calidad de la soldadura. Los casquillos cer\u00e1micos ofrecen una excelente resistencia al choque t\u00e9rmico y ayudan a reducir estos gases. A diferencia de otros procesos de soldadura, estos casquillos solo se utilizan una vez. Para retirarlas, es necesario colocar un casquillo diferente en la pistola de soldadura.<\/p>\n<p>El casquillo cer\u00e1mico cumple muchas funciones en el proceso de soldadura de pernos. Protege el arco y al operador de los contaminantes, contribuye a que el proceso de soldadura se desarrolle sin problemas y forma el filete para ayudar a prevenir la contaminaci\u00f3n. La f\u00e9rula tambi\u00e9n cuenta con orificios de ventilaci\u00f3n para que se escapen los gases de soldadura. Dado que las f\u00e9rulas cer\u00e1micas son desechables, el proceso es altamente higi\u00e9nico. Adem\u00e1s, una f\u00e9rula cer\u00e1mica suele estar fabricada con cer\u00e1mica moldeable de baja calidad. Esto significa que las f\u00e9rulas tienen tolerancias mayores que las del mecanizado u otros procesos.<\/p>\n<p>Los casquillos cer\u00e1micos son un componente importante del proceso de soldadura por arco de pernos estirados. Protegen el arco y evitan las salpicaduras del metal fundido. Adem\u00e1s, evitan que el perno se desintegre durante el proceso de soldadura. Una vez finalizada la soldadura, el casquillo se rompe y el proceso de soldadura queda completado.<\/p>\n<p>Los elementos soldados por arco se utilizan en carpinter\u00eda pesada y cuando la soldadura se puede realizar de forma segura. Entre ellos se incluyen pernos de soldadura, casquillos roscados para soldar y muchos otros elementos. El tipo m\u00e1s com\u00fan de soldadura por arco con extrusi\u00f3n implica el uso de un casquillo cer\u00e1mico. Este casquillo ayuda a mantener el metal fundido en la zona de soldadura y evita que se oxide.<\/p>\n<p><strong>Protegen al soldador de la exposici\u00f3n al ox\u00edgeno<\/strong><\/p>\n<p>Las f\u00e9rulas cer\u00e1micas son una capa protectora que rodea un perno de soldadura durante el proceso de soldadura. Evitan que el metal se extienda fuera de la zona de soldadura y protegen al soldador de la exposici\u00f3n al ox\u00edgeno. La exposici\u00f3n al ox\u00edgeno provoca soldaduras porosas. Adem\u00e1s, reducen la exposici\u00f3n a la luz ultravioleta en el \u00e1rea circundante. La f\u00e9rula cer\u00e1mica se puede retirar una vez finalizada la soldadura.<\/p>\n<p>Los casquillos var\u00edan en forma y tama\u00f1o, y tambi\u00e9n pueden fabricarse a medida para una funci\u00f3n espec\u00edfica. Por ejemplo, los casquillos planos se utilizan para soldar en superficies horizontales. Las aplicaciones en paredes verticales requieren casquillos con orificios de ventilaci\u00f3n en un lado para evitar que el acero fundido se salga por la parte inferior. Para estas aplicaciones, los casquillos deben dise\u00f1arse especialmente con orificios de ventilaci\u00f3n en un lado.<\/p>\n<p>Los equipos convencionales de soldadura de pernos pueden exponer a los soldadores a humos y riesgos musculoesquel\u00e9ticos. Adem\u00e1s de la posibilidad de sufrir dolor lumbar, la postura encorvada hace que la zona de respiraci\u00f3n quede expuesta a la nube de humos de soldadura. Por lo tanto, los casquillos cer\u00e1micos para la soldadura de pernos ayudan a proteger la salud del soldador. Tambi\u00e9n evitan que el ox\u00edgeno llegue a los pulmones.<\/p>\n<p>El uso de casquillos cer\u00e1micos para la soldadura de pernos no es una tecnolog\u00eda nueva. La industria lleva d\u00e9cadas utiliz\u00e1ndola. Los soldadores que utilizan estos casquillos pueden soldar sin tener que agacharse. Las ventajas de esta tecnolog\u00eda son numerosas y benefician la salud del soldador. Sin embargo, el uso de este nuevo producto no garantiza sus beneficios para la seguridad del soldador.<\/p>\n<p>El uso de equipos de soldadura de pernos es un trabajo que dura todo el d\u00eda. Durante un proyecto de soldadura de pernos, el soldador y el montador de estructuras colaboran para montar el equipo y llevar a cabo el proceso de soldadura. Otro trabajador se encarga de pulir las zonas soldadas y ayuda a colocar los pernos. Una vez finalizada la soldadura, la nube de humos se desplaza desde el material base hacia la zona de respiraci\u00f3n cercana.<\/p>\n<p><strong>Son fr\u00e1giles<\/strong><\/p>\n<p>La f\u00e9rula cer\u00e1mica es un anillo protector que se utiliza para cubrir el perno durante el proceso de soldadura. Ayuda a evitar que el perno se deforme durante la soldadura y protege la zona circundante de los rayos UV. La f\u00e9rula cer\u00e1mica es un material muy fr\u00e1gil y suele ser propensa a astillarse. Por ello, las f\u00e9rulas cer\u00e1micas son componentes importantes del proceso de soldadura por arco de tracci\u00f3n.<\/p>\n<p>La soldadura de pernos requiere una f\u00e9rula para mantener el material de soldadura fundido en su lugar durante el proceso de soldadura. La f\u00e9rula para soldadura de pernos tiene una forma que se adapta a la del perno de soldadura y suele ser redonda. Sin embargo, tambi\u00e9n hay disponibles formas el\u00edpticas, cuadradas, rectangulares y en forma de L. Adem\u00e1s de la forma redonda, tambi\u00e9n se pueden encontrar casquillos con formas el\u00edpticas, tetra\u00e9dricas o de L, que se utilizan para unir \u00e1ngulos de hierro. El di\u00e1metro del casquillo debe coincidir con el tama\u00f1o del perno de soldadura.<\/p>\n<p>Adem\u00e1s de ser fr\u00e1giles, los casquillos cer\u00e1micos son caros. Sin embargo, son f\u00e1ciles de manejar y no ocupan mucho espacio. No obstante, hay muchas opciones disponibles, y var\u00edan seg\u00fan tus necesidades. Por lo general, se recomienda la soldadura por pernos de arco estirado para materiales base con un di\u00e1metro de al menos 2 mm. Un di\u00e1metro mayor se adapta a elementos de fijaci\u00f3n m\u00e1s grandes.<\/p>\n<p>Un tipo de casquillo cer\u00e1mico es el de nitruro de boro. Presenta una baja adherencia al metal y puede reutilizarse muchas veces. Esto significa que se puede volver a utilizar. Este es un factor importante a tener en cuenta en aplicaciones de soldadura de pernos. Dada la fragilidad del material, debe asegurarse de que los casquillos cer\u00e1micos que utilice sean lo suficientemente resistentes como para soportar un uso repetido.<\/p>\n<p><strong>Son art\u00edculos de un solo uso<\/strong><\/p>\n<p>El casquillo cer\u00e1mico se utiliza en el proceso de soldadura de pernos. El casquillo para soldadura de pernos est\u00e1 dise\u00f1ado para cumplir una funci\u00f3n espec\u00edfica y, por lo general, se utiliza en superficies horizontales. En aplicaciones en paredes verticales, el casquillo cer\u00e1mico para soldadura de pernos debe tener orificios de ventilaci\u00f3n en un lado para evitar que el acero fundido se escape por la parte inferior. Estos orificios de ventilaci\u00f3n est\u00e1n incorporados en el casquillo cer\u00e1mico. Usar un casquillo nuevo despu\u00e9s de uno ya usado puede suponer un grave riesgo para la salud, y es muy poco probable que un operador se sienta c\u00f3modo us\u00e1ndolo de nuevo.<\/p>\n<p>Los casquillos cer\u00e1micos para la soldadura de pernos pueden ser de un solo uso, por lo que se recomiendan para quienes solo sueldan unas pocas veces. Son econ\u00f3micos y se pueden encontrar en la mayor\u00eda de las tiendas de suministros de soldadura. Adem\u00e1s, estos casquillos est\u00e1n fabricados con materiales no t\u00f3xicos. Los trabajadores metal\u00fargicos que las utilizaron para este estudio eran miembros del Sindicato Local 89 de Trabajadores Metal\u00fargicos, en Cedar Rapids, Iowa. Todos los participantes en el estudio ten\u00edan experiencia en la soldadura de pernos y hab\u00edan recibido capacitaci\u00f3n del coordinador de formaci\u00f3n de aprendices. Adem\u00e1s, eran diestros, med\u00edan 1,8 m de altura y pesaban 89 kg. Todos los participantes dieron su consentimiento por escrito antes de que se llevara a cabo el estudio.<\/p>\n<p>Al utilizar casquillos cer\u00e1micos para la soldadura por pernos, es necesario asegurarse de que tengan el tama\u00f1o adecuado y de que se utilicen \u00fanicamente para el fin previsto. Durante el proceso de soldadura, los casquillos cer\u00e1micos pueden actuar como protecci\u00f3n contra el arco. Evitan que los contaminantes afecten al metal fundido, lo que podr\u00eda debilitar la soldadura. Los casquillos no son necesarios en la soldadura por pernos con descarga de condensador, ya que este proceso no presenta los mismos riesgos de que el metal fundido se extienda a las zonas adyacentes.<\/p>\n<p><strong>Est\u00e1n fabricados en cer\u00e1mica t\u00e9cnica<\/strong><\/p>\n<p>Los casquillos cer\u00e1micos para la soldadura de pernos se utilizan en diversas aplicaciones y cumplen varias funciones durante el proceso de soldadura. Protegen el perno de la atm\u00f3sfera y act\u00faan como pantalla de arco. Adem\u00e1s, forman un reborde que permite que se escapen los gases de soldadura. Estos casquillos suelen ser desechables y est\u00e1n fabricados con cer\u00e1mica t\u00e9cnica moldeable de alta calidad. Los casquillos cer\u00e1micos son ideales para la soldadura de pernos debido a su alta resistencia y excelente resistencia al desgaste. Adem\u00e1s, no se deforman, lo que los hace ideales para su uso en soldadura.<\/p>\n<p>Existen varios tipos de pernos. Los m\u00e1s comunes son el tipo roscado MD y el tipo no estandarizado MPF. Ambos tipos cuentan con un perno roscado que se enrosca en la punta de la pistola de soldadura. El paso de rosca del MD es de tres o cuatro mil\u00edmetros, mientras que el MPF tiene un di\u00e1metro de ocho mil\u00edmetros.<\/p>\n<p>El objetivo principal de estos casquillos es proteger el ba\u00f1o de fusi\u00f3n. Adem\u00e1s, ayudan a estabilizar el arco y protegen al operador de las salpicaduras y del efecto de soplado del arco. Est\u00e1n disponibles en diferentes tama\u00f1os y se fabrican de acuerdo con la norma ISO 13918:2008. Est\u00e1n dise\u00f1ados para su uso en superficies planas y horizontales. Tambi\u00e9n hay disponibles casquillos que incluyen orificios de ventilaci\u00f3n en la parte inferior para evitar que el acero fundido se salga por la parte de abajo.<\/p>\n<p>Los casquillos cer\u00e1micos utilizados en la soldadura de pernos son fundamentales para garantizar el \u00e9xito del proceso de soldadura de pernos por arco extra\u00eddo. Ayudan a proteger el perno de la contaminaci\u00f3n y permiten que el proceso funcione correctamente. Se utilizan habitualmente en una amplia variedad de aplicaciones y est\u00e1n disponibles en diferentes formas, tama\u00f1os y especificaciones de materiales cer\u00e1micos. En este art\u00edculo se analizar\u00e1n algunas de las ventajas y usos de los casquillos para la soldadura de pernos.<\/p>","protected":false},"excerpt":{"rendered":"<p>If you are doing drawn arc stud welding, you need to know about ceramic ferrules. They are an essential part of the process, because they protect the welder from oxygen exposure. Unfortunately, they are one-use items. Read this article to learn more about their use and advantages. Then, you can decide whether or not they&hellip;&nbsp;<a href=\"https:\/\/advance-ceramics.com\/es_pe\/ceramic-ferrules-for-stud-welding\/\" class=\"\" rel=\"bookmark\">Read More &raquo;<span class=\"screen-reader-text\">casquillos cer\u00e1micos para soldadura de esp\u00e1rragos<\/span><\/a><\/p>","protected":false},"author":1,"featured_media":0,"parent":0,"menu_order":0,"comment_status":"closed","ping_status":"closed","template":"","meta":{"neve_meta_sidebar":"","neve_meta_container":"","neve_meta_enable_content_width":"","neve_meta_content_width":0,"neve_meta_title_alignment":"","neve_meta_author_avatar":"","neve_post_elements_order":"","neve_meta_disable_header":"","neve_meta_disable_footer":"","neve_meta_disable_title":"","footnotes":""},"aioseo_notices":[],"_links":{"self":[{"href":"https:\/\/advance-ceramics.com\/es_pe\/wp-json\/wp\/v2\/pages\/116"}],"collection":[{"href":"https:\/\/advance-ceramics.com\/es_pe\/wp-json\/wp\/v2\/pages"}],"about":[{"href":"https:\/\/advance-ceramics.com\/es_pe\/wp-json\/wp\/v2\/types\/page"}],"author":[{"embeddable":true,"href":"https:\/\/advance-ceramics.com\/es_pe\/wp-json\/wp\/v2\/users\/1"}],"replies":[{"embeddable":true,"href":"https:\/\/advance-ceramics.com\/es_pe\/wp-json\/wp\/v2\/comments?post=116"}],"version-history":[{"count":6,"href":"https:\/\/advance-ceramics.com\/es_pe\/wp-json\/wp\/v2\/pages\/116\/revisions"}],"predecessor-version":[{"id":164,"href":"https:\/\/advance-ceramics.com\/es_pe\/wp-json\/wp\/v2\/pages\/116\/revisions\/164"}],"wp:attachment":[{"href":"https:\/\/advance-ceramics.com\/es_pe\/wp-json\/wp\/v2\/media?parent=116"}],"curies":[{"name":"wp","href":"https:\/\/api.w.org\/{rel}","templated":true}]}}