{"id":116,"date":"2022-08-24T19:44:43","date_gmt":"2022-08-24T11:44:43","guid":{"rendered":"https:\/\/advance-ceramics.com\/?page_id=116"},"modified":"2022-11-03T15:58:06","modified_gmt":"2022-11-03T07:58:06","slug":"casquillos-ceramicos-para-soldadura-de-esparragos","status":"publish","type":"page","link":"https:\/\/advance-ceramics.com\/es\/ceramic-ferrules-for-stud-welding\/","title":{"rendered":"casquillos cer\u00e1micos para soldadura de esp\u00e1rragos"},"content":{"rendered":"<p>Si realiza soldadura de pernos por arco estirado, debe conocer las f\u00e9rulas cer\u00e1micas. Son una parte esencial del proceso, porque protegen al soldador de la exposici\u00f3n al ox\u00edgeno. Por desgracia, son art\u00edculos de un solo uso. Lea este art\u00edculo para saber m\u00e1s sobre su uso y ventajas. A continuaci\u00f3n, podr\u00e1 decidir si merece la pena invertir en ellas. A continuaci\u00f3n se enumeran algunas cosas a tener en cuenta antes de comprarlos.<\/p>\n<p><strong>Los casquillos cer\u00e1micos son una parte esencial del proceso de soldadura de esp\u00e1rragos por arco estirado<\/strong><\/p>\n<p>Si se dedica a la soldadura de pernos por arco estirado, probablemente haya o\u00eddo hablar de los casquillos cer\u00e1micos. Durante el proceso de soldadura, estos peque\u00f1os tubos met\u00e1licos se fijan alrededor de la punta de la pistola de soldar. El proceso de soldadura crea \u00f3xidos e hidrocarburos que pueden ser perjudiciales para una soldadura de alta calidad. Las f\u00e9rulas cer\u00e1micas ofrecen una excelente resistencia al choque t\u00e9rmico y ayudan a reducir estos gases. A diferencia de otros procesos de soldadura, estas f\u00e9rulas s\u00f3lo se utilizan una vez. Para retirarlas, es necesario equipar la pistola de soldadura con una virola diferente.<\/p>\n<p>La virola cer\u00e1mica cumple muchas funciones en el proceso de soldadura de pernos. Protege el arco y al operario de los contaminantes, ayuda a que el proceso de soldadura se desarrolle sin problemas y forma el filete para evitar la contaminaci\u00f3n. La virola tambi\u00e9n proporciona respiraderos para que escapen los gases de la soldadura. Como los casquillos cer\u00e1micos son desechables, el proceso es muy higi\u00e9nico. Adem\u00e1s, los casquillos cer\u00e1micos suelen estar fabricados con cer\u00e1mica moldeable de baja calidad. Esto significa que los casquillos tienen mayores tolerancias que el mecanizado u otros procesos.<\/p>\n<p>La virola cer\u00e1mica es un componente importante del proceso de soldadura de pernos por arco estirado. Protege el arco y evita las salpicaduras del metal fundido. Tambi\u00e9n evita que el esp\u00e1rrago se desintegre durante el proceso de soldadura. Una vez finalizada la soldadura, la virola se rompe y el proceso de soldadura queda completado.<\/p>\n<p>Los elementos soldados por arco se utilizan en carpinter\u00eda pesada y cuando la soldadura es segura. Incluyen la soldadura de pernos prisioneros, casquillos roscados soldados y muchos otros elementos. El tipo m\u00e1s com\u00fan de soldadura por arco estirado implica el uso de una virola cer\u00e1mica. Esta virola ayuda a mantener el metal fundido en la zona de soldadura y evita que se oxide.<\/p>\n<p><strong>Protegen al soldador de la exposici\u00f3n al ox\u00edgeno<\/strong><\/p>\n<p>La virola cer\u00e1mica es una capa protectora que rodea al cord\u00f3n de soldadura durante la soldadura. Impide que el metal se extienda fuera de la zona de soldadura y protege al soldador de la exposici\u00f3n al ox\u00edgeno. La exposici\u00f3n al ox\u00edgeno provoca soldaduras porosas. Tambi\u00e9n reduce la exposici\u00f3n a la luz ultravioleta en la zona circundante. La virola cer\u00e1mica puede retirarse una vez finalizada la soldadura.<\/p>\n<p>Las f\u00e9rulas var\u00edan en forma y tama\u00f1o y tambi\u00e9n pueden fabricarse a medida para una funci\u00f3n espec\u00edfica. Por ejemplo, las f\u00e9rulas planas se utilizan para soldar en superficies horizontales. Las aplicaciones en paredes verticales requieren virolas con orificios de ventilaci\u00f3n en un lado para evitar que el acero fundido salga por la parte inferior. Para estas aplicaciones, las f\u00e9rulas deben dise\u00f1arse especialmente con respiraderos en un lado.<\/p>\n<p>Los equipos convencionales de soldadura de esp\u00e1rragos pueden exponer a los soldadores a humos y riesgos musculoesquel\u00e9ticos. Adem\u00e1s de la posibilidad de sufrir lumbalgia, la posici\u00f3n encorvada sit\u00faa la zona de respiraci\u00f3n en el penacho de humos de soldadura. Por consiguiente, los casquillos cer\u00e1micos para soldadura de pernos ayudan a proteger la salud del soldador. Tambi\u00e9n impiden que el ox\u00edgeno llegue a los pulmones.<\/p>\n<p>El uso de casquillos cer\u00e1micos para la soldadura de esp\u00e1rragos no es una tecnolog\u00eda nueva. La industria lleva d\u00e9cadas utiliz\u00e1ndola. Los soldadores que utilizan estos casquillos pueden soldar sin agacharse. Las ventajas de esta tecnolog\u00eda son muchas y beneficiosas para la salud del soldador. Sin embargo, el uso de este nuevo producto no garantiza sus beneficios para la seguridad del soldador.<\/p>\n<p>El equipo de soldadura de esp\u00e1rragos es un trabajo de todo el d\u00eda. Durante un proyecto de soldadura de esp\u00e1rragos, el soldador y el ferrallista estructural trabajan juntos para preparar el equipo y realizar el proceso de soldadura. Otro trabajador esmerila los puntos de soldadura y ayuda a colocar los esp\u00e1rragos. Una vez finalizada la soldadura, el penacho de humos de soldadura se desplaza desde el material base hasta la zona de respiraci\u00f3n cercana.<\/p>\n<p><strong>Son fr\u00e1giles<\/strong><\/p>\n<p>La virola cer\u00e1mica es un anillo protector que se utiliza para cubrir el esp\u00e1rrago durante el proceso de soldadura. Ayudan a evitar que el esp\u00e1rrago se extienda durante la soldadura y protegen la zona circundante de los rayos UV. Los casquillos cer\u00e1micos son un material muy fr\u00e1gil y a menudo tienden a astillarse. Por este motivo, los casquillos cer\u00e1micos son piezas importantes del proceso de soldadura por arco estirado.<\/p>\n<p>La soldadura por esp\u00e1rragos requiere una virola para mantener el material de soldadura fundido en su sitio durante el proceso de soldadura. La virola de soldadura por esp\u00e1rragos tiene la forma del esp\u00e1rrago de soldadura y suele ser redonda. Sin embargo, tambi\u00e9n existen formas el\u00edpticas, cuadradas, rectangulares y el\u00edpticas. Adem\u00e1s de la forma redonda, tambi\u00e9n se pueden encontrar virolas de forma el\u00edptica, tetra\u00e9drica o el\u00edptica, que se utilizan para unir \u00e1ngulos de hierro. El di\u00e1metro de la virola debe coincidir con el tama\u00f1o del esp\u00e1rrago de soldadura.<\/p>\n<p>Adem\u00e1s de fr\u00e1giles, los casquillos cer\u00e1micos son caros. Pero son f\u00e1ciles de trabajar y no ocupan mucho espacio. Sin embargo, las opciones disponibles son muchas y var\u00edan en funci\u00f3n de sus necesidades. Por lo general, la soldadura de esp\u00e1rragos por arco estirado se recomienda para materiales de base con un di\u00e1metro m\u00ednimo de 2 mm. Un di\u00e1metro mayor se adaptar\u00e1 a fijaciones m\u00e1s grandes.<\/p>\n<p>Un tipo de virola cer\u00e1mica es la de nitruro de boro. Tiene poca adherencia al metal y puede reutilizarse muchas veces. Esto significa que se puede volver a utilizar. Esta es una consideraci\u00f3n importante para las aplicaciones de soldadura de esp\u00e1rragos. Teniendo en cuenta la fragilidad del material, debe asegurarse de que las f\u00e9rulas cer\u00e1micas que utilice sean lo suficientemente duraderas como para soportar un uso repetido.<\/p>\n<p><strong>Son de un solo uso<\/strong><\/p>\n<p>La virola cer\u00e1mica se utiliza en el proceso de soldadura de esp\u00e1rragos. La virola para soldadura de esp\u00e1rragos est\u00e1 dise\u00f1ada para una funci\u00f3n espec\u00edfica y suele utilizarse en superficies horizontales. En aplicaciones de paredes verticales, los casquillos cer\u00e1micos para soldadura de esp\u00e1rragos deben tener respiraderos en un lado para evitar que el acero fundido salga por la parte inferior. Estos respiraderos est\u00e1n incorporados en la virola cer\u00e1mica. El uso de una nueva virola despu\u00e9s de una ya existente puede suponer un grave riesgo para la salud, y es muy poco probable que el operario se sienta c\u00f3modo utiliz\u00e1ndola de nuevo.<\/p>\n<p>Los casquillos cer\u00e1micos para soldadura de esp\u00e1rragos pueden ser de un solo uso, por lo que se recomiendan para quienes s\u00f3lo sueldan unas pocas veces. Son econ\u00f3micas y se pueden encontrar en la mayor\u00eda de las tiendas de suministros de soldadura. Estas f\u00e9rulas tambi\u00e9n est\u00e1n fabricadas con materiales no t\u00f3xicos. Los soldadores que las utilizaron para este estudio eran miembros del Local 89 de soldadores, en Cedar Rapids, IA. Todos los participantes en el estudio ten\u00edan experiencia en la soldadura de esp\u00e1rragos y hab\u00edan recibido formaci\u00f3n del coordinador de formaci\u00f3n de aprendices. Tambi\u00e9n eran diestros, med\u00edan 1,8 m y pesaban 89 kg. Todos los participantes dieron su consentimiento por escrito antes de realizar el estudio.<\/p>\n<p>Cuando utilice virolas cer\u00e1micas para soldar esp\u00e1rragos, aseg\u00farese de que su tama\u00f1o es el adecuado y de que s\u00f3lo se utilizar\u00e1n para el fin deseado. Durante el proceso de soldadura, las virolas cer\u00e1micas pueden actuar como escudo del arco. Evitan que los contaminantes afecten al metal fundido, lo que puede debilitar la soldadura. Las f\u00e9rulas no son necesarias en la soldadura de esp\u00e1rragos por descarga de condensador, ya que este proceso no presenta los mismos riesgos de propagaci\u00f3n del metal fundido a las zonas adyacentes.<\/p>\n<p><strong>Son de cer\u00e1mica t\u00e9cnica<\/strong><\/p>\n<p>Los casquillos cer\u00e1micos para soldadura de esp\u00e1rragos se utilizan en diversas aplicaciones y cumplen varias funciones durante la soldadura. Protegen el esp\u00e1rrago de la atm\u00f3sfera y act\u00faan como escudo del arco. Tambi\u00e9n forman un filete que permite la salida de los gases de soldadura. Estas f\u00e9rulas suelen ser desechables y est\u00e1n fabricadas con cer\u00e1mica t\u00e9cnica moldeable de alta calidad. Las f\u00e9rulas cer\u00e1micas son ideales para la soldadura de esp\u00e1rragos debido a su gran solidez y excelente resistencia al desgaste. Tambi\u00e9n son indeformables, lo que las hace ideales para la soldadura.<\/p>\n<p>Existen varios tipos de esp\u00e1rragos. Los m\u00e1s comunes son el tipo roscado MD y el tipo no normalizado MPF. Ambos tipos presentan un esp\u00e1rrago roscado que se enrosca en la punta de la pistola de soldar. El paso de rosca del MD es de tres o cuatro mil\u00edmetros, mientras que el MPF tiene un di\u00e1metro de ocho mil\u00edmetros.<\/p>\n<p>El objetivo principal de estas virolas es proteger el ba\u00f1o de soldadura. Tambi\u00e9n ayudan a estabilizar el arco y protegen al operario de las salpicaduras y el soplado del arco. Est\u00e1n disponibles en diferentes tama\u00f1os y se fabrican de acuerdo con la norma ISO 13918:2008. Est\u00e1n dise\u00f1ados para su uso en superficies planas y horizontales. Tambi\u00e9n est\u00e1n disponibles en virolas que incluyen respiraderos en la parte inferior para evitar que el acero fundido salga por la parte inferior.<\/p>\n<p>Los casquillos cer\u00e1micos utilizados para la soldadura de esp\u00e1rragos son muy importantes para garantizar el \u00e9xito del proceso de soldadura de esp\u00e1rragos por arco estirado. Ayudan a proteger el esp\u00e1rrago de la contaminaci\u00f3n y permiten que el proceso funcione correctamente. Se utilizan habitualmente para diversas aplicaciones y est\u00e1n disponibles en diferentes formas, tama\u00f1os y especificaciones de material cer\u00e1mico. En este art\u00edculo se examinan algunas de las ventajas y usos de las f\u00e9rulas para la soldadura de esp\u00e1rragos.<\/p>","protected":false},"excerpt":{"rendered":"<p>If you are doing drawn arc stud welding, you need to know about ceramic ferrules. They are an essential part of the process, because they protect the welder from oxygen exposure. Unfortunately, they are one-use items. Read this article to learn more about their use and advantages. Then, you can decide whether or not they&hellip;&nbsp;<a href=\"https:\/\/advance-ceramics.com\/es\/ceramic-ferrules-for-stud-welding\/\" class=\"\" rel=\"bookmark\">Leer m\u00e1s &raquo;<span class=\"screen-reader-text\">casquillos cer\u00e1micos para soldadura de esp\u00e1rragos<\/span><\/a><\/p>","protected":false},"author":1,"featured_media":0,"parent":0,"menu_order":0,"comment_status":"closed","ping_status":"closed","template":"","meta":{"neve_meta_sidebar":"","neve_meta_container":"","neve_meta_enable_content_width":"","neve_meta_content_width":0,"neve_meta_title_alignment":"","neve_meta_author_avatar":"","neve_post_elements_order":"","neve_meta_disable_header":"","neve_meta_disable_footer":"","neve_meta_disable_title":"","footnotes":""},"aioseo_notices":[],"_links":{"self":[{"href":"https:\/\/advance-ceramics.com\/es\/wp-json\/wp\/v2\/pages\/116"}],"collection":[{"href":"https:\/\/advance-ceramics.com\/es\/wp-json\/wp\/v2\/pages"}],"about":[{"href":"https:\/\/advance-ceramics.com\/es\/wp-json\/wp\/v2\/types\/page"}],"author":[{"embeddable":true,"href":"https:\/\/advance-ceramics.com\/es\/wp-json\/wp\/v2\/users\/1"}],"replies":[{"embeddable":true,"href":"https:\/\/advance-ceramics.com\/es\/wp-json\/wp\/v2\/comments?post=116"}],"version-history":[{"count":6,"href":"https:\/\/advance-ceramics.com\/es\/wp-json\/wp\/v2\/pages\/116\/revisions"}],"predecessor-version":[{"id":164,"href":"https:\/\/advance-ceramics.com\/es\/wp-json\/wp\/v2\/pages\/116\/revisions\/164"}],"wp:attachment":[{"href":"https:\/\/advance-ceramics.com\/es\/wp-json\/wp\/v2\/media?parent=116"}],"curies":[{"name":"wp","href":"https:\/\/api.w.org\/{rel}","templated":true}]}}