{"id":116,"date":"2022-08-24T19:44:43","date_gmt":"2022-08-24T11:44:43","guid":{"rendered":"https:\/\/advance-ceramics.com\/?page_id=116"},"modified":"2022-11-03T15:58:06","modified_gmt":"2022-11-03T07:58:06","slug":"keramikhulsen-fur-das-bolzenschweisen","status":"publish","type":"page","link":"https:\/\/advance-ceramics.com\/de_at\/ceramic-ferrules-for-stud-welding\/","title":{"rendered":"Keramikh\u00fclsen f\u00fcr das Bolzenschwei\u00dfen"},"content":{"rendered":"<p>Wenn Sie Bolzenschwei\u00dfen mit Hubz\u00fcndung betreiben, m\u00fcssen Sie \u00fcber Keramikh\u00fclsen Bescheid wissen. Sie sind ein wesentlicher Bestandteil des Prozesses, da sie den Schwei\u00dfer vor Sauerstoffeinwirkung sch\u00fctzen. Leider sind sie nur f\u00fcr den einmaligen Gebrauch bestimmt. Lesen Sie diesen Artikel, um mehr \u00fcber ihre Verwendung und Vorteile zu erfahren. Dann k\u00f6nnen Sie entscheiden, ob es sich lohnt, in sie zu investieren oder nicht. Im Folgenden finden Sie einige Punkte, die Sie vor dem Kauf beachten sollten.<\/p>\n<p><strong>Keramikh\u00fclsen sind ein wesentlicher Bestandteil des Bolzenschwei\u00dfverfahrens mit Hubz\u00fcndung<\/strong><\/p>\n<p>Wenn Sie mit Bolzenschwei\u00dfen mit Hubz\u00fcndung zu tun haben, dann haben Sie wahrscheinlich schon von Keramikh\u00fclsen geh\u00f6rt. W\u00e4hrend des Schwei\u00dfvorgangs werden diese kleinen Metallr\u00f6hrchen um die Spitze der Schwei\u00dfpistole angebracht. Beim Schwei\u00dfen entstehen Oxide und Kohlenwasserstoffe, die f\u00fcr eine qualitativ hochwertige Schwei\u00dfnaht sch\u00e4dlich sein k\u00f6nnen. Keramikh\u00fclsen bieten eine hervorragende Temperaturwechselbest\u00e4ndigkeit und tragen zur Reduzierung dieser Gase bei. Im Gegensatz zu anderen Schwei\u00dfverfahren werden diese H\u00fclsen nur einmal verwendet. Um sie zu entfernen, muss die Schwei\u00dfpistole mit einer anderen H\u00fclse ausgestattet werden.<\/p>\n<p>Der keramische Pressring erf\u00fcllt beim Bolzenschwei\u00dfen viele Funktionen. Er schirmt den Lichtbogen und den Bediener vor Verunreinigungen ab, tr\u00e4gt zum reibungslosen Ablauf des Schwei\u00dfprozesses bei und formt die Kehle, um Verunreinigungen zu vermeiden. Die H\u00fclse bietet auch Entl\u00fcftungs\u00f6ffnungen f\u00fcr Schwei\u00dfgase. Da Keramikzwingen Einwegprodukte sind, ist das Verfahren \u00e4u\u00dferst hygienisch. Au\u00dferdem wird eine keramische Aderendh\u00fclse in der Regel aus einer minderwertigen, formbaren Keramik hergestellt. Das bedeutet, dass die Aderendh\u00fclsen gr\u00f6\u00dfere Toleranzen aufweisen als maschinelle oder andere Verfahren.<\/p>\n<p>Keramikh\u00fclsen sind ein wichtiger Bestandteil des Bolzenschwei\u00dfverfahrens mit Hubz\u00fcndung. Sie sch\u00fctzt den Lichtbogen und verhindert Spritzer des geschmolzenen Metalls. Au\u00dferdem verhindert sie, dass der Bolzen w\u00e4hrend des Schwei\u00dfvorgangs zerf\u00e4llt. Nach Abschluss der Schwei\u00dfung wird die H\u00fclse abgebrochen und der Schwei\u00dfvorgang ist beendet.<\/p>\n<p>Lichtbogengeschwei\u00dfte Elemente werden bei schweren Tischlerarbeiten und in F\u00e4llen, in denen das Schwei\u00dfen sicher ist, verwendet. Dazu geh\u00f6ren Schwei\u00dfbolzen, angeschwei\u00dfte Gewindebuchsen und viele andere Elemente. Die g\u00e4ngigste Art des Hubz\u00fcndungsschwei\u00dfens ist die Verwendung eines Keramikringes. Dieser Ring hilft, das geschmolzene Metall in der Schwei\u00dfzone zu halten und verhindert, dass es oxidiert.<\/p>\n<p><strong>Sie sch\u00fctzen den Schwei\u00dfer vor Sauerstoffeinwirkung<\/strong><\/p>\n<p>Die keramische Umh\u00fcllung ist eine Schutzschicht, die den Schwei\u00dfbolzen w\u00e4hrend der Schwei\u00dfung umgibt. Sie verhindert, dass sich das Metall aus der Schwei\u00dfzone ausbreitet und sch\u00fctzt den Schwei\u00dfer vor Sauerstoffeinwirkung. Sauerstoffeinwirkung verursacht por\u00f6se Schwei\u00dfn\u00e4hte. Au\u00dferdem verringert sie die Exposition gegen\u00fcber ultraviolettem Licht in der Umgebung. Der Keramikring kann nach Abschluss der Schwei\u00dfung entfernt werden.<\/p>\n<p>Aderendh\u00fclsen variieren in Form und Gr\u00f6\u00dfe und k\u00f6nnen auch speziell f\u00fcr eine bestimmte Funktion angefertigt werden. So werden beispielsweise flache Aderendh\u00fclsen zum Schwei\u00dfen auf horizontalen Fl\u00e4chen verwendet. F\u00fcr Anwendungen an vertikalen W\u00e4nden sind Aderendh\u00fclsen mit Entl\u00fcftungs\u00f6ffnungen auf einer Seite erforderlich, um zu verhindern, dass geschmolzener Stahl nach unten ausl\u00e4uft. F\u00fcr diese Anwendungen m\u00fcssen die Aderendh\u00fclsen speziell mit Entl\u00fcftungs\u00f6ffnungen auf einer Seite konstruiert werden.<\/p>\n<p>Herk\u00f6mmliche Bolzenschwei\u00dfger\u00e4te k\u00f6nnen Schwei\u00dfer D\u00e4mpfen und Gefahren f\u00fcr den Bewegungsapparat aussetzen. Neben der M\u00f6glichkeit, Schmerzen im unteren R\u00fcckenbereich zu erleiden, f\u00fchrt die geb\u00fcckte Haltung dazu, dass der Atembereich in die Schwei\u00dfrauchfahne ger\u00e4t. Daher tragen keramische Bolzenschwei\u00dfdr\u00e4hte zum Schutz der Gesundheit des Schwei\u00dfers bei. Au\u00dferdem verhindern sie, dass Sauerstoff in die Lunge gelangt.<\/p>\n<p>Die Verwendung von Keramikh\u00fclsen beim Bolzenschwei\u00dfen ist keine neue Technologie. Sie wird bereits seit Jahrzehnten in der Industrie eingesetzt. Schwei\u00dfer, die diese Zwingen verwenden, k\u00f6nnen ohne sich zu b\u00fccken schwei\u00dfen. Die Vorteile dieser Technologie sind vielf\u00e4ltig und kommen der Gesundheit der Schwei\u00dfer zugute. Die Verwendung dieses neuen Produkts ist jedoch keine Garantie f\u00fcr seine Vorteile f\u00fcr die Sicherheit der Schwei\u00dfer.<\/p>\n<p>Das Bolzenschwei\u00dfen ist eine ganzt\u00e4gige Arbeit. Bei einem Bolzenschwei\u00dfprojekt arbeiten der Schwei\u00dfer und der Eisenbauschlosser zusammen, um die Anlage einzurichten und den Schwei\u00dfvorgang durchzuf\u00fchren. Ein weiterer Arbeiter schleift die Schwei\u00dfstellen und hilft beim Auslegen der Bolzen. Wenn die Schwei\u00dfung abgeschlossen ist, steigt die Schwei\u00dfrauchfahne vom Grundmaterial in die nahe Atemzone auf.<\/p>\n<p><strong>Sie sind spr\u00f6de<\/strong><\/p>\n<p>Der Keramikring ist ein Schutzring, der den Bolzen w\u00e4hrend des Schwei\u00dfvorgangs abdeckt. Sie verhindern, dass sich der Bolzen w\u00e4hrend der Schwei\u00dfung ausbreitet und sch\u00fctzen die Umgebung vor UV-Strahlen. Eine keramische H\u00fclse ist ein sehr spr\u00f6des Material und neigt oft zum Abplatzen. Aus diesem Grund sind keramische Zwingen ein wichtiger Bestandteil des Hubz\u00fcndungsschwei\u00dfverfahrens.<\/p>\n<p>Beim Bolzenschwei\u00dfen wird ein Ring ben\u00f6tigt, der das geschmolzene Schwei\u00dfgut w\u00e4hrend des Schwei\u00dfvorgangs an Ort und Stelle h\u00e4lt. Der Bolzenschwei\u00dfring ist so geformt, dass er der Form des Schwei\u00dfbolzens folgt, und ist in der Regel rund. Es sind jedoch auch elliptische, quadratische, rechteckige und ellf\u00f6rmige Formen erh\u00e4ltlich. Neben der runden Form gibt es auch elliptische, tetraedrische oder ellf\u00f6rmige Zwingen, die f\u00fcr die Verbindung von Winkeleisen verwendet werden. Der Durchmesser der Aderendh\u00fclse sollte auf die Gr\u00f6\u00dfe des Schwei\u00dfbolzens abgestimmt sein.<\/p>\n<p>Keramikh\u00fclsen sind nicht nur spr\u00f6de, sondern auch teuer. Aber sie sind leicht zu verarbeiten und nehmen nicht viel Platz weg. Die Auswahlm\u00f6glichkeiten sind jedoch vielf\u00e4ltig und h\u00e4ngen von Ihren Bed\u00fcrfnissen ab. Im Allgemeinen wird das Bolzenschwei\u00dfen mit Hubz\u00fcndung f\u00fcr Grundwerkstoffe mit einem Durchmesser von mindestens 2 mm empfohlen. Ein gr\u00f6\u00dferer Durchmesser ist f\u00fcr gr\u00f6\u00dfere Befestigungselemente geeignet.<\/p>\n<p>Eine Art von keramischer H\u00fclse ist Bornitrid. Sie haftet nur wenig am Metall und kann viele Male wiederverwendet werden. Das bedeutet, dass man sie immer wieder verwenden kann. Dies ist ein wichtiger Aspekt bei Bolzenschwei\u00dfanwendungen. In Anbetracht der Spr\u00f6digkeit des Materials sollten Sie darauf achten, dass die von Ihnen verwendeten keramischen Zwingen haltbar genug sind, um einer wiederholten Verwendung standzuhalten.<\/p>\n<p><strong>Sie sind ein Einwegartikel<\/strong><\/p>\n<p>Der Keramikring wird beim Bolzenschwei\u00dfen verwendet. Der Bolzenschwei\u00dfring ist f\u00fcr eine bestimmte Funktion ausgelegt und wird in der Regel an horizontalen Fl\u00e4chen verwendet. Bei vertikalen W\u00e4nden muss der keramische Bolzenschwei\u00dfring auf einer Seite Entl\u00fcftungs\u00f6ffnungen haben, um zu verhindern, dass geschmolzener Stahl an der Unterseite ausl\u00e4uft. Diese Entl\u00fcftungs\u00f6ffnungen sind in die Keramikh\u00fclse integriert. Die Verwendung einer neuen H\u00fclse nach der Verwendung einer alten H\u00fclse kann ein ernsthaftes Gesundheitsrisiko darstellen, und es ist sehr unwahrscheinlich, dass ein Bediener diese H\u00fclse noch einmal verwenden m\u00f6chte.<\/p>\n<p>Keramikh\u00fclsen f\u00fcr das Bolzenschwei\u00dfen k\u00f6nnen f\u00fcr den einmaligen Gebrauch bestimmt sein, so dass sie f\u00fcr diejenigen empfohlen werden, die nur wenige Male schwei\u00dfen. Sie sind preiswert und k\u00f6nnen in den meisten Schwei\u00dfzubeh\u00f6rgesch\u00e4ften gefunden werden. Sie sind au\u00dferdem aus ungiftigen Materialien hergestellt. Die Eisenflechter, die sie f\u00fcr diese Studie verwendeten, waren Mitglieder der Ironworkers Local 89 in Cedar Rapids, IA. Die Studienteilnehmer hatten alle Erfahrung mit dem Bolzenschwei\u00dfen und waren vom Koordinator f\u00fcr die Lehrlingsausbildung geschult worden. Au\u00dferdem waren sie Rechtsh\u00e4nder, 1,8 m gro\u00df und 89 kg schwer. Alle Teilnehmer gaben vor der Durchf\u00fchrung der Studie ihr schriftliches Einverst\u00e4ndnis.<\/p>\n<p>Bei der Verwendung von Keramikh\u00fclsen f\u00fcr das Bolzenschwei\u00dfen ist darauf zu achten, dass sie die richtige Gr\u00f6\u00dfe haben und nur f\u00fcr den gew\u00fcnschten Zweck verwendet werden. W\u00e4hrend des Schwei\u00dfvorgangs k\u00f6nnen Keramikh\u00fclsen als Lichtbogenschutz dienen. Sie verhindern, dass Verunreinigungen in das geschmolzene Metall eindringen, was die Schwei\u00dfnaht schw\u00e4chen k\u00f6nnte. Beim Bolzenschwei\u00dfen mit Spitzenz\u00fcndung werden keine Ferrulen ben\u00f6tigt, da bei diesem Verfahren nicht die gleiche Gefahr besteht, dass sich das geschmolzene Metall auf angrenzende Bereiche ausbreitet.<\/p>\n<p><strong>Sie sind aus technischer Keramik gefertigt<\/strong><\/p>\n<p>keramische Bolzenschwei\u00dfh\u00fclsen werden f\u00fcr eine Vielzahl von Anwendungen eingesetzt und erf\u00fcllen beim Schwei\u00dfen mehrere Funktionen. Sie schirmen den Bolzen von der Atmosph\u00e4re ab und dienen als Lichtbogenschutz. Au\u00dferdem bilden sie eine Kehle, durch die Schwei\u00dfgase entweichen k\u00f6nnen. Diese H\u00fclsen sind in der Regel Einwegh\u00fclsen und werden aus einer hochwertigen, formbaren technischen Keramik hergestellt. Keramikh\u00fclsen sind aufgrund ihrer hohen Festigkeit und hervorragenden Verschlei\u00dffestigkeit ideal f\u00fcr das Bolzenschwei\u00dfen geeignet. Au\u00dferdem sind sie nicht verformbar, was sie f\u00fcr die Verwendung beim Schwei\u00dfen ideal macht.<\/p>\n<p>Es gibt verschiedene Arten von Bolzen. Die gebr\u00e4uchlichsten sind der Gewindetyp MD und der nicht genormte Typ MPF. Beide Typen haben einen Gewindebolzen, der auf die Spitze der Schwei\u00dfpistole geschraubt wird. Die Gewindesteigung des MD betr\u00e4gt drei oder vier Millimeter, w\u00e4hrend der MPF einen Durchmesser von acht Millimetern hat.<\/p>\n<p>Der Hauptzweck dieser Aderendh\u00fclsen besteht darin, das Schwei\u00dfbad zu sch\u00fctzen. Sie tragen auch zur Stabilisierung des Lichtbogens bei und sch\u00fctzen den Bediener vor Spritzern und Lichtbogenblasformen. Sie sind in verschiedenen Gr\u00f6\u00dfen erh\u00e4ltlich und werden nach der Norm ISO 13918:2008 hergestellt. Sie sind f\u00fcr den Einsatz auf flachen, horizontalen Oberfl\u00e4chen konzipiert. Sie sind auch mit Entl\u00fcftungs\u00f6ffnungen an der Unterseite erh\u00e4ltlich, um zu verhindern, dass geschmolzener Stahl an der Unterseite herausl\u00e4uft.<\/p>\n<p>Die beim Bolzenschwei\u00dfen verwendeten Keramikh\u00fclsen sind sehr wichtig f\u00fcr den Erfolg des Bolzenschwei\u00dfverfahrens mit Hubz\u00fcndung. Sie tragen dazu bei, den Bolzen vor Verunreinigungen zu sch\u00fctzen und erm\u00f6glichen einen reibungslosen Ablauf des Verfahrens. Sie werden \u00fcblicherweise f\u00fcr eine Vielzahl von Anwendungen verwendet und sind in verschiedenen Formen, Gr\u00f6\u00dfen und Spezifikationen des Keramikmaterials erh\u00e4ltlich. In diesem Artikel werden einige der Vorteile und Verwendungszwecke von Bolzenschwei\u00dfh\u00fclsen f\u00fcr das Bolzenschwei\u00dfen untersucht.<\/p>","protected":false},"excerpt":{"rendered":"<p>If you are doing drawn arc stud welding, you need to know about ceramic ferrules. They are an essential part of the process, because they protect the welder from oxygen exposure. Unfortunately, they are one-use items. Read this article to learn more about their use and advantages. Then, you can decide whether or not they&hellip;&nbsp;<a href=\"https:\/\/advance-ceramics.com\/de_at\/ceramic-ferrules-for-stud-welding\/\" class=\"\" rel=\"bookmark\">Weiterlesen &raquo;<span class=\"screen-reader-text\">Keramikh\u00fclsen f\u00fcr das Bolzenschwei\u00dfen<\/span><\/a><\/p>","protected":false},"author":1,"featured_media":0,"parent":0,"menu_order":0,"comment_status":"closed","ping_status":"closed","template":"","meta":{"neve_meta_sidebar":"","neve_meta_container":"","neve_meta_enable_content_width":"","neve_meta_content_width":0,"neve_meta_title_alignment":"","neve_meta_author_avatar":"","neve_post_elements_order":"","neve_meta_disable_header":"","neve_meta_disable_footer":"","neve_meta_disable_title":"","footnotes":""},"aioseo_notices":[],"_links":{"self":[{"href":"https:\/\/advance-ceramics.com\/de_at\/wp-json\/wp\/v2\/pages\/116"}],"collection":[{"href":"https:\/\/advance-ceramics.com\/de_at\/wp-json\/wp\/v2\/pages"}],"about":[{"href":"https:\/\/advance-ceramics.com\/de_at\/wp-json\/wp\/v2\/types\/page"}],"author":[{"embeddable":true,"href":"https:\/\/advance-ceramics.com\/de_at\/wp-json\/wp\/v2\/users\/1"}],"replies":[{"embeddable":true,"href":"https:\/\/advance-ceramics.com\/de_at\/wp-json\/wp\/v2\/comments?post=116"}],"version-history":[{"count":6,"href":"https:\/\/advance-ceramics.com\/de_at\/wp-json\/wp\/v2\/pages\/116\/revisions"}],"predecessor-version":[{"id":164,"href":"https:\/\/advance-ceramics.com\/de_at\/wp-json\/wp\/v2\/pages\/116\/revisions\/164"}],"wp:attachment":[{"href":"https:\/\/advance-ceramics.com\/de_at\/wp-json\/wp\/v2\/media?parent=116"}],"curies":[{"name":"wp","href":"https:\/\/api.w.org\/{rel}","templated":true}]}}