{"id":57,"date":"2016-08-29T19:41:56","date_gmt":"2016-08-29T11:41:56","guid":{"rendered":"http:\/\/advance-ceramics.com\/?page_id=57"},"modified":"2022-07-08T22:19:48","modified_gmt":"2022-07-08T14:19:48","slug":"advanced-ceramic-solutions","status":"publish","type":"page","link":"https:\/\/advance-ceramics.com\/de\/","title":{"rendered":"\u00dcBER"},"content":{"rendered":"<p><a href=\"https:\/\/advance-ceramics.com\/de\/cropped-advanced-ceramics-1-jpg\/\"><img loading=\"lazy\" decoding=\"async\" class=\"alignnone size-full wp-image-52\" src=\"http:\/\/advance-ceramics.com\/wp-content\/uploads\/2016\/08\/cropped-advanced-ceramics-1.jpg\" alt=\"\" width=\"2000\" height=\"520\" srcset=\"https:\/\/advance-ceramics.com\/wp-content\/uploads\/2016\/08\/cropped-advanced-ceramics-1.jpg 2000w, https:\/\/advance-ceramics.com\/wp-content\/uploads\/2016\/08\/cropped-advanced-ceramics-1-300x78.jpg 300w, https:\/\/advance-ceramics.com\/wp-content\/uploads\/2016\/08\/cropped-advanced-ceramics-1-768x200.jpg 768w, https:\/\/advance-ceramics.com\/wp-content\/uploads\/2016\/08\/cropped-advanced-ceramics-1-1024x266.jpg 1024w, https:\/\/advance-ceramics.com\/wp-content\/uploads\/2016\/08\/cropped-advanced-ceramics-1-624x162.jpg 624w\" sizes=\"(max-width: 2000px) 100vw, 2000px\" \/><\/a>Wir sind in Shanghai, China, ans\u00e4ssig und spezialisiert auf Forschung und Entwicklung, Herstellung und Verkauf von Produkten aus Hochleistungskeramik, einschlie\u00dflich Aluminiumoxid, Zirkonoxid, Siliziumkarbid, Siliziumnitrid und anderen Hochleistungskeramiken.<\/p>\r\n\r\n\r\n\r\n<p>Unsere Produkte werden haupts\u00e4chlich in der Luft- und Raumfahrt, in der Forschung, in der Lebensmittelverarbeitung, im Fluid-Handling, in der Wissenschaft, im Automobilbau, in der Verteidigung, in der thermischen Verarbeitung, in der Elektronik und Elektrik, in der Prozesssteuerung, in der Textilindustrie, in der Zellstoff- und Papierindustrie, im Maschinenbau, in der Glasverarbeitung, in der Mineralienverarbeitung und in anderen Industriezweigen eingesetzt.<\/p>\r\n\r\n\r\n\r\n<p>Unser Ziel ist es, Produkte zu entwickeln, herzustellen und zu verkaufen, die kosteneffizient sind, hohe Qualit\u00e4t und Sicherheit gew\u00e4hrleisten und umweltfreundlich sind. Unsere Bem\u00fchungen konzentrieren sich darauf, die Bed\u00fcrfnisse unserer Kunden zu befriedigen und f\u00fcr jede Anwendung die ideale L\u00f6sung aus fortschrittlichen Materialien anzubieten.<\/p>","protected":false},"excerpt":{"rendered":"<p>We are located in shanghai,china,specialized in R&amp;D, manufacturing and selling the products of advanced ceramic materials, including Alumina, Zirconia, Silicon Carbide, Silicon Nitride,other advanced ceramics. Our products are mainly used in Aerospace, Research, Food Processing, Fluid Handling, Scientific, Automotive, Defense, Thermal Processing, Electronic and Electrical, Process Control, Textile, Pulp and Paper, Mechanical, Glass Processing, Mineral&hellip;&nbsp;<a href=\"https:\/\/advance-ceramics.com\/de\/\" class=\"\" rel=\"bookmark\">Weiterlesen &raquo;<span class=\"screen-reader-text\">\u00dcBER<\/span><\/a><\/p>","protected":false},"author":1,"featured_media":0,"parent":0,"menu_order":0,"comment_status":"closed","ping_status":"closed","template":"","meta":{"neve_meta_sidebar":"","neve_meta_container":"","neve_meta_enable_content_width":"","neve_meta_content_width":0,"neve_meta_title_alignment":"","neve_meta_author_avatar":"","neve_post_elements_order":"","neve_meta_disable_header":"","neve_meta_disable_footer":"","neve_meta_disable_title":"","footnotes":""},"aioseo_notices":[],"_links":{"self":[{"href":"https:\/\/advance-ceramics.com\/de\/wp-json\/wp\/v2\/pages\/57"}],"collection":[{"href":"https:\/\/advance-ceramics.com\/de\/wp-json\/wp\/v2\/pages"}],"about":[{"href":"https:\/\/advance-ceramics.com\/de\/wp-json\/wp\/v2\/types\/page"}],"author":[{"embeddable":true,"href":"https:\/\/advance-ceramics.com\/de\/wp-json\/wp\/v2\/users\/1"}],"replies":[{"embeddable":true,"href":"https:\/\/advance-ceramics.com\/de\/wp-json\/wp\/v2\/comments?post=57"}],"version-history":[{"count":10,"href":"https:\/\/advance-ceramics.com\/de\/wp-json\/wp\/v2\/pages\/57\/revisions"}],"predecessor-version":[{"id":111,"href":"https:\/\/advance-ceramics.com\/de\/wp-json\/wp\/v2\/pages\/57\/revisions\/111"}],"wp:attachment":[{"href":"https:\/\/advance-ceramics.com\/de\/wp-json\/wp\/v2\/media?parent=57"}],"curies":[{"name":"wp","href":"https:\/\/api.w.org\/{rel}","templated":true}]}}