{"id":116,"date":"2022-08-24T19:44:43","date_gmt":"2022-08-24T11:44:43","guid":{"rendered":"https:\/\/advance-ceramics.com\/?page_id=116"},"modified":"2022-11-03T15:58:06","modified_gmt":"2022-11-03T07:58:06","slug":"keramiske-hylstre-til-stiftsvejsning","status":"publish","type":"page","link":"https:\/\/advance-ceramics.com\/da\/ceramic-ferrules-for-stud-welding\/","title":{"rendered":"Keramiske hylstre til stiftsvejsning"},"content":{"rendered":"<p>Hvis du svejser med trukket lysbue, skal du kende til keramiske hylstre. De er en vigtig del af processen, fordi de beskytter svejseren mod ilteksponering. Desv\u00e6rre er de engangsartikler. L\u00e6s denne artikel for at l\u00e6re mere om deres brug og fordele. Derefter kan du beslutte, om de er v\u00e6rd at investere i eller ej. Nedenfor er listet et par ting, du skal overveje, f\u00f8r du k\u00f8ber dem.<\/p>\n<p><strong>Keramiske hylstre er en vigtig del af svejseprocessen med trukket lysbue.<\/strong><\/p>\n<p>Hvis du er involveret i svejsning med trukne lysbuer, har du sikkert h\u00f8rt om keramiske hylstre. Under svejseprocessen fastg\u00f8res disse sm\u00e5 metalr\u00f8r omkring svejsepistolens spids. Svejseprocessen skaber oxider og kulbrinter, som kan v\u00e6re skadelige for en svejsning af h\u00f8j kvalitet. Keramiske r\u00f8rringe giver fremragende modstandsdygtighed over for termisk chok og hj\u00e6lper med at reducere disse gasser. I mods\u00e6tning til andre svejseprocesser bruges disse r\u00f8rringe kun \u00e9n gang. Hvis de skal fjernes, kr\u00e6ver det, at svejsepistolen udstyres med en anden hylse.<\/p>\n<p>En keramisk hylse har mange funktioner i en boltsvejseproces. Den beskytter lysbuen og operat\u00f8ren mod forurening, hj\u00e6lper med at f\u00e5 svejseprocessen til at forl\u00f8be gnidningsl\u00f8st og danner fileten for at forhindre forurening. Hylsteret giver ogs\u00e5 ventilations\u00e5bninger, s\u00e5 svejsegasser kan slippe ud. Da keramiske hylstre er til engangsbrug, er processen meget hygiejnisk. Desuden er en keramisk ferrule normalt lavet af en formbar keramik af lav kvalitet. Det betyder, at hylstrene har st\u00f8rre tolerancer end bearbejdning eller andre processer.<\/p>\n<p>Keramiske hylstre er en vigtig komponent i svejseprocessen med trukket lysbue. Den beskytter lysbuen og forhindrer spr\u00f8jt fra det smeltede metal. Den forhindrer ogs\u00e5, at bolten g\u00e5r i opl\u00f8sning under svejseprocessen. N\u00e5r svejsningen er f\u00e6rdig, br\u00e6kkes hylsteret af, og svejseprocessen er afsluttet.<\/p>\n<p>Lysbuesvejsede elementer bruges i tungt t\u00f8mrerarbejde, og n\u00e5r svejsning er sikker. De omfatter svejsede bolte, p\u00e5svejsede gevindb\u00f8sninger og mange andre ting. Den mest almindelige form for trukket lysbuesvejsning indeb\u00e6rer brug af en keramisk hylse. Denne hylse hj\u00e6lper med at holde det smeltede metal i svejsezonen og forhindrer det i at oxidere.<\/p>\n<p><strong>De beskytter svejseren mod ilteksponering<\/strong><\/p>\n<p>Keramiske ferruler er et beskyttende lag, der omgiver en svejsebolt under svejsningen. Det forhindrer metallet i at sprede sig ud af svejsezonen og beskytter svejseren mod at blive udsat for ilt. Iltp\u00e5virkning for\u00e5rsager por\u00f8se svejsninger. Det reducerer ogs\u00e5 eksponeringen for ultraviolet lys i det omgivende omr\u00e5de. Den keramiske ferrule kan fjernes, n\u00e5r svejsningen er f\u00e6rdig.<\/p>\n<p>Hylstre varierer i form og st\u00f8rrelse og kan ogs\u00e5 specialfremstilles til en bestemt funktion. Flade hylstre bruges f.eks. til svejsning p\u00e5 vandrette overflader. Lodrette v\u00e6gge kr\u00e6ver r\u00f8r med ventilations\u00e5bninger p\u00e5 den ene side for at forhindre, at smeltet st\u00e5l flyder ud i bunden. Til disse anvendelser skal hylstrene specialdesignes med ventilations\u00e5bninger p\u00e5 den ene side.<\/p>\n<p>Konventionelt udstyr til boltsvejsning kan uds\u00e6tte svejserne for r\u00f8g og risici for bev\u00e6geapparatet. Ud over muligheden for at f\u00e5 l\u00e6ndesmerter bringer den foroverb\u00f8jede stilling \u00e5ndedr\u00e6tszonen ind i svejser\u00f8gens r\u00f8gfane. Derfor hj\u00e6lper keramiske hylstre til boltsvejsning med at beskytte svejserens helbred. De forhindrer ogs\u00e5 ilt i at n\u00e5 ned i lungerne.<\/p>\n<p>Brugen af keramiske hylstre til boltsvejsning er ikke en ny teknologi. Den har v\u00e6ret brugt i \u00e5rtier af industrien. Svejsere, der bruger disse hylstre, er i stand til at svejse uden at bukke sig ned. Fordelene ved denne teknologi er mange, og de er gavnlige for svejserens helbred. Men brugen af dette nye produkt garanterer ikke dets fordele for svejsernes sikkerhed.<\/p>\n<p>Boltsvejseudstyr er et heldagsjob. Under et boltsvejseprojekt arbejder svejseren og bygningsarbejderen sammen om at opstille udstyret og udf\u00f8re svejseprocessen. En anden arbejder sliber svejsestederne og hj\u00e6lper med at l\u00e6gge boltene ud. N\u00e5r svejsningen er f\u00e6rdig, bev\u00e6ger svejser\u00f8gen sig fra grundmaterialet til den n\u00e6rmeste ind\u00e5ndingszone.<\/p>\n<p><strong>De er skr\u00f8belige<\/strong><\/p>\n<p>Keramisk ferrule er en beskyttelsesring, der bruges til at d\u00e6kke bolten under svejseprocessen. De hj\u00e6lper med at forhindre bolten i at sprede sig under svejsningen og beskytter det omgivende omr\u00e5de mod UV-str\u00e5ler. En keramisk ferrule er et meget sk\u00f8rt materiale og er ofte tilb\u00f8jelig til at flosse v\u00e6k. Derfor er keramiske hylstre vigtige dele af svejseprocessen med trukket lysbue.<\/p>\n<p>Boltsvejsning kr\u00e6ver en hylse til at holde det smeltede svejsemateriale p\u00e5 plads under svejseprocessen. Boltsvejsehylsen er formet til at f\u00f8lge svejseboltens form og er typisk rund. Der findes dog ogs\u00e5 elliptiske, firkantede, rektangul\u00e6re og elliptiske former. Ud over den runde form kan du ogs\u00e5 finde hylstre i elliptisk, tetraeder- eller ell-form, som bruges til at samle vinkeljern. Hylsens diameter skal passe til svejseboltens st\u00f8rrelse.<\/p>\n<p>Udover at v\u00e6re skr\u00f8belige er keramiske hylstre dyre. Men de er nemme at arbejde med og fylder ikke meget. Der er dog mange valgmuligheder, og de varierer afh\u00e6ngigt af dine behov. Generelt anbefales trukne svejsebolte til grundmaterialer med en diameter p\u00e5 mindst 2 mm. En st\u00f8rre diameter passer til st\u00f8rre bef\u00e6stelseselementer.<\/p>\n<p>En type keramisk ferrule er bornitrid. Den har lav vedh\u00e6ftning til metallet og kan genbruges mange gange. Det betyder, at du kan bruge den igen og igen. Det er en vigtig overvejelse i forbindelse med boltsvejsning. I betragtning af materialets sk\u00f8rhed b\u00f8r du sikre dig, at de keramiske hylstre, du bruger, er holdbare nok til at modst\u00e5 gentagen brug.<\/p>\n<p><strong>De er til engangsbrug<\/strong><\/p>\n<p>Den keramiske ferrule bruges i boltsvejseprocessen. Boltsvejseferrule er designet til at passe til en bestemt funktion og bruges normalt p\u00e5 vandrette overflader. Ved lodrette v\u00e6gge skal keramiske hylstre til boltsvejsning have ventilations\u00e5bninger p\u00e5 den ene side for at forhindre smeltet st\u00e5l i at l\u00f8be ud i bunden. Disse ventilations\u00e5bninger er indbygget i den keramiske ferrule. Det kan udg\u00f8re en alvorlig sundhedsrisiko at bruge en ny ferrule efter en eksisterende, og det er h\u00f8jst usandsynligt, at en operat\u00f8r vil v\u00e6re tryg ved at bruge den igen.<\/p>\n<p>Keramiske hylstre til boltsvejsning kan v\u00e6re til engangsbrug, s\u00e5 de anbefales til dem, der kun svejser f\u00e5 gange. De er billige og kan findes i de fleste svejsebutikker. Disse hylstre er ogs\u00e5 lavet af ugiftige materialer. De jernarbejdere, der brugte dem i denne unders\u00f8gelse, var medlemmer af Ironworkers Local 89 i Cedar Rapids, IA. Deltagerne i unders\u00f8gelsen havde alle erfaring med boltsvejsning og var blevet opl\u00e6rt af koordinatoren for l\u00e6rlingeuddannelsen. De var ogs\u00e5 h\u00f8jreh\u00e5ndede, 1,8 m h\u00f8je og vejede 89 kg. Alle deltagere gav skriftligt samtykke, f\u00f8r unders\u00f8gelsen blev gennemf\u00f8rt.<\/p>\n<p>N\u00e5r du bruger keramiske hylstre til boltsvejsning, skal du s\u00f8rge for, at de har den rigtige st\u00f8rrelse, og at de kun bruges til det \u00f8nskede form\u00e5l. Under svejseprocessen kan keramiske r\u00f8rringe fungere som et lysbueskjold. De forhindrer forurenende stoffer i at p\u00e5virke det smeltede metal, hvilket kan sv\u00e6kke svejsningen. Der er ikke brug for hylstre i kondensatorudladningssvejsning, da denne proces ikke har samme risiko for, at smeltet metal spreder sig til tilst\u00f8dende omr\u00e5der.<\/p>\n<p><strong>De er lavet af teknisk keramik<\/strong><\/p>\n<p>Keramiske hylstre til boltsvejsning bruges til mange forskellige form\u00e5l og har flere funktioner under svejsningen. De sk\u00e6rmer bolten mod atmosf\u00e6ren og fungerer som lysbueskjold. De danner ogs\u00e5 en kant, der g\u00f8r det muligt for svejsegasser at slippe ud. Disse hylstre er typisk til engangsbrug og er fremstillet af formbar teknisk keramik af h\u00f8j kvalitet. Keramiske hylstre er ideelle til boltsvejsning p\u00e5 grund af deres h\u00f8je styrke og fremragende slidstyrke. De er heller ikke deformerbare, hvilket g\u00f8r dem ideelle til brug ved svejsning.<\/p>\n<p>Der findes flere typer bolte. De mest almindelige er gevindtypen MD og den ikke-standardiserede type MPF. Begge typer har en gevindbolt, der er gevindsk\u00e5ret til svejsepistolens spids. Gevindstigningen p\u00e5 MD er tre eller fire millimeter, mens MPF har en diameter p\u00e5 otte millimeter.<\/p>\n<p>Hovedform\u00e5let med disse hylstre er at beskytte svejsebadet. De hj\u00e6lper ogs\u00e5 med at stabilisere lysbuen og beskytter operat\u00f8ren mod spr\u00f8jt og lysbuest\u00f8bning. De f\u00e5s i forskellige st\u00f8rrelser og er fremstillet i henhold til ISO 13918:2008-standarden. De er designet til brug p\u00e5 flade, vandrette overflader. De f\u00e5s ogs\u00e5 med hylstre, der har ventilations\u00e5bninger p\u00e5 undersiden for at forhindre, at smeltet st\u00e5l l\u00f8ber ud i bunden.<\/p>\n<p>De keramiske hylstre, der bruges til boltsvejsning, er meget vigtige for at sikre, at boltsvejseprocessen med trukket lysbue bliver en succes. De hj\u00e6lper med at beskytte bolten mod forurening og g\u00f8r det muligt for processen at fungere korrekt. De bruges ofte til en r\u00e6kke forskellige form\u00e5l og f\u00e5s i forskellige former, st\u00f8rrelser og specifikationer for keramiske materialer. I denne artikel gennemg\u00e5s nogle af fordelene og anvendelserne af hylstre til boltsvejsning.<\/p>","protected":false},"excerpt":{"rendered":"<p>If you are doing drawn arc stud welding, you need to know about ceramic ferrules. They are an essential part of the process, because they protect the welder from oxygen exposure. Unfortunately, they are one-use items. Read this article to learn more about their use and advantages. Then, you can decide whether or not they&hellip;&nbsp;<a href=\"https:\/\/advance-ceramics.com\/da\/ceramic-ferrules-for-stud-welding\/\" class=\"\" rel=\"bookmark\">L\u00e6s mere &raquo;<span class=\"screen-reader-text\">Keramiske hylstre til stiftsvejsning<\/span><\/a><\/p>","protected":false},"author":1,"featured_media":0,"parent":0,"menu_order":0,"comment_status":"closed","ping_status":"closed","template":"","meta":{"neve_meta_sidebar":"","neve_meta_container":"","neve_meta_enable_content_width":"","neve_meta_content_width":0,"neve_meta_title_alignment":"","neve_meta_author_avatar":"","neve_post_elements_order":"","neve_meta_disable_header":"","neve_meta_disable_footer":"","neve_meta_disable_title":"","footnotes":""},"aioseo_notices":[],"_links":{"self":[{"href":"https:\/\/advance-ceramics.com\/da\/wp-json\/wp\/v2\/pages\/116"}],"collection":[{"href":"https:\/\/advance-ceramics.com\/da\/wp-json\/wp\/v2\/pages"}],"about":[{"href":"https:\/\/advance-ceramics.com\/da\/wp-json\/wp\/v2\/types\/page"}],"author":[{"embeddable":true,"href":"https:\/\/advance-ceramics.com\/da\/wp-json\/wp\/v2\/users\/1"}],"replies":[{"embeddable":true,"href":"https:\/\/advance-ceramics.com\/da\/wp-json\/wp\/v2\/comments?post=116"}],"version-history":[{"count":6,"href":"https:\/\/advance-ceramics.com\/da\/wp-json\/wp\/v2\/pages\/116\/revisions"}],"predecessor-version":[{"id":164,"href":"https:\/\/advance-ceramics.com\/da\/wp-json\/wp\/v2\/pages\/116\/revisions\/164"}],"wp:attachment":[{"href":"https:\/\/advance-ceramics.com\/da\/wp-json\/wp\/v2\/media?parent=116"}],"curies":[{"name":"wp","href":"https:\/\/api.w.org\/{rel}","templated":true}]}}