{"id":57,"date":"2016-08-29T19:41:56","date_gmt":"2016-08-29T11:41:56","guid":{"rendered":"http:\/\/advance-ceramics.com\/?page_id=57"},"modified":"2022-07-08T22:19:48","modified_gmt":"2022-07-08T14:19:48","slug":"advanced-ceramic-solutions","status":"publish","type":"page","link":"https:\/\/advance-ceramics.com\/cs\/","title":{"rendered":"O"},"content":{"rendered":"<p><a href=\"https:\/\/advance-ceramics.com\/cs\/cropped-advanced-ceramics-1-jpg\/\"><img loading=\"lazy\" decoding=\"async\" class=\"alignnone size-full wp-image-52\" src=\"http:\/\/advance-ceramics.com\/wp-content\/uploads\/2016\/08\/cropped-advanced-ceramics-1.jpg\" alt=\"\" width=\"2000\" height=\"520\" srcset=\"https:\/\/advance-ceramics.com\/wp-content\/uploads\/2016\/08\/cropped-advanced-ceramics-1.jpg 2000w, https:\/\/advance-ceramics.com\/wp-content\/uploads\/2016\/08\/cropped-advanced-ceramics-1-300x78.jpg 300w, https:\/\/advance-ceramics.com\/wp-content\/uploads\/2016\/08\/cropped-advanced-ceramics-1-768x200.jpg 768w, https:\/\/advance-ceramics.com\/wp-content\/uploads\/2016\/08\/cropped-advanced-ceramics-1-1024x266.jpg 1024w, https:\/\/advance-ceramics.com\/wp-content\/uploads\/2016\/08\/cropped-advanced-ceramics-1-624x162.jpg 624w\" sizes=\"(max-width: 2000px) 100vw, 2000px\" \/><\/a>Nach\u00e1z\u00edme se v \u0160anghaji, \u010c\u00edna, se specializuje na v\u00fdzkum a v\u00fdvoj, v\u00fdrobu a prodej v\u00fdrobk\u016f z pokro\u010dil\u00fdch keramick\u00fdch materi\u00e1l\u016f, v\u010detn\u011b oxidu hlinit\u00e9ho, zirkonia, karbidu k\u0159em\u00edku, nitridu k\u0159em\u00edku, dal\u0161\u00ed pokro\u010dil\u00e9 keramiky.<\/p>\r\n\r\n\r\n\r\n<p>Na\u0161e v\u00fdrobky se pou\u017e\u00edvaj\u00ed zejm\u00e9na v letectv\u00ed, v\u00fdzkumu, potravin\u00e1\u0159stv\u00ed, manipulaci s kapalinami, v\u011bd\u011b, automobilov\u00e9m pr\u016fmyslu, obran\u011b, tepeln\u00e9m zpracov\u00e1n\u00ed, elektronice a elektrotechnice, \u0159\u00edzen\u00ed proces\u016f, textiln\u00edm pr\u016fmyslu, v\u00fdrob\u011b buni\u010diny a pap\u00edru, stroj\u00edrenstv\u00ed, zpracov\u00e1n\u00ed skla, zpracov\u00e1n\u00ed nerostn\u00fdch surovin a dal\u0161\u00edch pr\u016fmyslov\u00fdch odv\u011btv\u00edch.<\/p>\r\n\r\n\r\n\r\n<p>Na\u0161\u00edm c\u00edlem je vyv\u00edjet, vyr\u00e1b\u011bt a prod\u00e1vat v\u00fdrobky zp\u016fsobem, kter\u00fd je n\u00e1kladov\u011b efektivn\u00ed, zaji\u0161\u0165uje vysokou kvalitu a bezpe\u010dnost a je \u0161etrn\u00fd k \u017eivotn\u00edmu prost\u0159ed\u00ed. Ve\u0161ker\u00e9 na\u0161e \u00fasil\u00ed se soust\u0159ed\u00ed na uspokojov\u00e1n\u00ed pot\u0159eb na\u0161ich z\u00e1kazn\u00edk\u016f a na nab\u00eddku ide\u00e1ln\u00edho \u0159e\u0161en\u00ed pokro\u010dil\u00fdch materi\u00e1l\u016f pro jakoukoli aplikaci.<\/p>","protected":false},"excerpt":{"rendered":"<p>We are located in shanghai,china,specialized in R&amp;D, manufacturing and selling the products of advanced ceramic materials, including Alumina, Zirconia, Silicon Carbide, Silicon Nitride,other advanced ceramics. Our products are mainly used in Aerospace, Research, Food Processing, Fluid Handling, Scientific, Automotive, Defense, Thermal Processing, Electronic and Electrical, Process Control, Textile, Pulp and Paper, Mechanical, Glass Processing, Mineral&hellip;&nbsp;<a href=\"https:\/\/advance-ceramics.com\/cs\/\" class=\"\" rel=\"bookmark\">\u010c\u00edst d\u00e1le &raquo;<span class=\"screen-reader-text\">O<\/span><\/a><\/p>","protected":false},"author":1,"featured_media":0,"parent":0,"menu_order":0,"comment_status":"closed","ping_status":"closed","template":"","meta":{"neve_meta_sidebar":"","neve_meta_container":"","neve_meta_enable_content_width":"","neve_meta_content_width":0,"neve_meta_title_alignment":"","neve_meta_author_avatar":"","neve_post_elements_order":"","neve_meta_disable_header":"","neve_meta_disable_footer":"","neve_meta_disable_title":"","footnotes":""},"aioseo_notices":[],"_links":{"self":[{"href":"https:\/\/advance-ceramics.com\/cs\/wp-json\/wp\/v2\/pages\/57"}],"collection":[{"href":"https:\/\/advance-ceramics.com\/cs\/wp-json\/wp\/v2\/pages"}],"about":[{"href":"https:\/\/advance-ceramics.com\/cs\/wp-json\/wp\/v2\/types\/page"}],"author":[{"embeddable":true,"href":"https:\/\/advance-ceramics.com\/cs\/wp-json\/wp\/v2\/users\/1"}],"replies":[{"embeddable":true,"href":"https:\/\/advance-ceramics.com\/cs\/wp-json\/wp\/v2\/comments?post=57"}],"version-history":[{"count":10,"href":"https:\/\/advance-ceramics.com\/cs\/wp-json\/wp\/v2\/pages\/57\/revisions"}],"predecessor-version":[{"id":111,"href":"https:\/\/advance-ceramics.com\/cs\/wp-json\/wp\/v2\/pages\/57\/revisions\/111"}],"wp:attachment":[{"href":"https:\/\/advance-ceramics.com\/cs\/wp-json\/wp\/v2\/media?parent=57"}],"curies":[{"name":"wp","href":"https:\/\/api.w.org\/{rel}","templated":true}]}}