{"id":116,"date":"2022-08-24T19:44:43","date_gmt":"2022-08-24T11:44:43","guid":{"rendered":"https:\/\/advance-ceramics.com\/?page_id=116"},"modified":"2022-11-03T15:58:06","modified_gmt":"2022-11-03T07:58:06","slug":"keramicke-kovani-pro-svarovani-svorniku","status":"publish","type":"page","link":"https:\/\/advance-ceramics.com\/cs\/ceramic-ferrules-for-stud-welding\/","title":{"rendered":"keramick\u00e9 kov\u00e1n\u00ed pro sva\u0159ov\u00e1n\u00ed svorn\u00edk\u016f"},"content":{"rendered":"<p>Pokud prov\u00e1d\u00edte obloukov\u00e9 sva\u0159ov\u00e1n\u00ed, m\u011bli byste v\u011bd\u011bt o keramick\u00fdch kov\u00e1n\u00edch. Jsou nezbytnou sou\u010d\u00e1st\u00ed procesu, proto\u017ee chr\u00e1n\u00ed sv\u00e1\u0159e\u010de p\u0159ed p\u016fsoben\u00edm kysl\u00edku. Bohu\u017eel jsou na jedno pou\u017eit\u00ed. P\u0159e\u010dt\u011bte si tento \u010dl\u00e1nek a dozv\u00edte se v\u00edce o jejich pou\u017eit\u00ed a v\u00fdhod\u00e1ch. Pak se m\u016f\u017eete rozhodnout, zda se vyplat\u00ed do nich investovat. N\u00ed\u017ee je uvedeno n\u011bkolik v\u011bc\u00ed, kter\u00e9 je t\u0159eba zv\u00e1\u017eit p\u0159ed jejich n\u00e1kupem.<\/p>\n<p><strong>Keramick\u00e9 kov\u00e1n\u00ed je nezbytnou sou\u010d\u00e1st\u00ed procesu obloukov\u00e9ho sva\u0159ov\u00e1n\u00ed ta\u017een\u00fdmi trny.<\/strong><\/p>\n<p>Pokud se zab\u00fdv\u00e1te obloukov\u00fdm sva\u0159ov\u00e1n\u00edm, pravd\u011bpodobn\u011b jste ji\u017e sly\u0161eli o keramick\u00fdch kov\u00e1n\u00edch. Tyto mal\u00e9 kovov\u00e9 trubi\u010dky se b\u011bhem sva\u0159ov\u00e1n\u00ed upev\u0148uj\u00ed kolem hrotu sva\u0159ovac\u00ed pistole. P\u0159i sva\u0159ov\u00e1n\u00ed vznikaj\u00ed oxidy a uhlovod\u00edky, kter\u00e9 mohou b\u00fdt pro kvalitn\u00ed svar \u0161kodliv\u00e9. Keramick\u00e9 ferule poskytuj\u00ed vynikaj\u00edc\u00ed odolnost v\u016f\u010di tepeln\u00fdm \u0161ok\u016fm a pom\u00e1haj\u00ed tyto plyny redukovat. Na rozd\u00edl od jin\u00fdch sva\u0159ovac\u00edch proces\u016f se tyto ferule pou\u017e\u00edvaj\u00ed pouze jednou. Proces jejich odstran\u011bn\u00ed vy\u017eaduje, aby byla sva\u0159ovac\u00ed pistole vybavena jinou ferul\u00ed.<\/p>\n<p>keramick\u00e1 ferule pln\u00ed p\u0159i sva\u0159ov\u00e1n\u00ed svorn\u00edk\u016f mnoho funkc\u00ed. Chr\u00e1n\u00ed oblouk a obsluhu p\u0159ed ne\u010distotami, napom\u00e1h\u00e1 hladk\u00e9mu pr\u016fb\u011bhu sva\u0159ov\u00e1n\u00ed a vytv\u00e1\u0159\u00ed filet, kter\u00fd pom\u00e1h\u00e1 p\u0159edch\u00e1zet zne\u010di\u0161t\u011bn\u00ed. Kov\u00e1n\u00ed tak\u00e9 poskytuje pr\u016fduchy pro \u00fanik sva\u0159ovac\u00edch plyn\u016f. Proto\u017ee keramick\u00e9 kov\u00e1n\u00ed je na jedno pou\u017eit\u00ed, je proces vysoce hygienick\u00fd. Krom\u011b toho je keramick\u00e1 obj\u00edmka obvykle vyrobena z m\u00e1lo kvalitn\u00ed tvarovateln\u00e9 keramiky. To znamen\u00e1, \u017ee ferule maj\u00ed v\u011bt\u0161\u00ed tolerance ne\u017e p\u0159i obr\u00e1b\u011bn\u00ed nebo jin\u00fdch procesech.<\/p>\n<p>keramick\u00e9 kov\u00e1n\u00ed je d\u016fle\u017eitou sou\u010d\u00e1st\u00ed procesu obloukov\u00e9ho sva\u0159ov\u00e1n\u00ed ta\u017een\u00fdmi trny. Chr\u00e1n\u00ed oblouk a zabra\u0148uje rozst\u0159iku roztaven\u00e9ho kovu. Zabra\u0148uje tak\u00e9 rozpadu svorn\u00edku b\u011bhem procesu sva\u0159ov\u00e1n\u00ed. Po dokon\u010den\u00ed svaru se kov\u00e1n\u00ed odlom\u00ed a proces sva\u0159ov\u00e1n\u00ed je dokon\u010den.<\/p>\n<p>Obloukov\u011b sva\u0159ovan\u00e9 prvky se pou\u017e\u00edvaj\u00ed v t\u011b\u017ek\u00e9m tesa\u0159stv\u00ed a v p\u0159\u00edpadech, kdy je sva\u0159ov\u00e1n\u00ed bezpe\u010dn\u00e9. Pat\u0159\u00ed mezi n\u011b sva\u0159ovac\u00ed \u0161rouby, nava\u0159en\u00e1 z\u00e1vitov\u00e1 pouzdra a mnoho dal\u0161\u00edch prvk\u016f. Nejb\u011b\u017en\u011bj\u0161\u00edm typem sva\u0159ov\u00e1n\u00ed ta\u017een\u00fdm obloukem je pou\u017eit\u00ed keramick\u00e9 obj\u00edmky. Tato ferule pom\u00e1h\u00e1 udr\u017eet roztaven\u00fd kov v z\u00f3n\u011b svaru a zabra\u0148uje jeho oxidaci.<\/p>\n<p><strong>Chr\u00e1n\u00ed sv\u00e1\u0159e\u010de p\u0159ed p\u016fsoben\u00edm kysl\u00edku<\/strong><\/p>\n<p>keramick\u00e9 ferule je ochrann\u00e1 vrstva, kter\u00e1 obklopuje sva\u0159ovac\u00ed trn b\u011bhem sva\u0159ov\u00e1n\u00ed. Zabra\u0148uje \u0161\u00ed\u0159en\u00ed kovu mimo z\u00f3nu svaru a chr\u00e1n\u00ed sv\u00e1\u0159e\u010de p\u0159ed p\u016fsoben\u00edm kysl\u00edku. P\u016fsoben\u00ed kysl\u00edku zp\u016fsobuje por\u00e9zn\u00ed svary. Sni\u017euje tak\u00e9 expozici ultrafialov\u00e9mu z\u00e1\u0159en\u00ed v okol\u00ed. Keramickou obj\u00edmku lze po dokon\u010den\u00ed svaru odstranit.<\/p>\n<p>Ferule se li\u0161\u00ed tvarem a velikost\u00ed a mohou b\u00fdt tak\u00e9 vyrobeny na zak\u00e1zku pro konkr\u00e9tn\u00ed funkci. Nap\u0159\u00edklad ploch\u00e9 kov\u00e1n\u00ed se pou\u017e\u00edv\u00e1 pro sva\u0159ov\u00e1n\u00ed na vodorovn\u00fdch ploch\u00e1ch. Svisl\u00e9 st\u011bny vy\u017eaduj\u00ed kov\u00e1n\u00ed s pr\u016fduchy na jedn\u00e9 stran\u011b, aby se zabr\u00e1nilo vyt\u00e9k\u00e1n\u00ed roztaven\u00e9 oceli ze spodn\u00ed \u010d\u00e1sti. Pro tyto aplikace mus\u00ed b\u00fdt kov\u00e1n\u00ed speci\u00e1ln\u011b navr\u017eeno s pr\u016fduchy na jedn\u00e9 stran\u011b.<\/p>\n<p>B\u011b\u017en\u00e1 za\u0159\u00edzen\u00ed pro sva\u0159ov\u00e1n\u00ed trn\u016f mohou sv\u00e1\u0159e\u010de vystavit v\u00fdpar\u016fm a ohro\u017een\u00ed pohybov\u00e9ho apar\u00e1tu. Krom\u011b mo\u017enosti utrp\u011bt bolest zad se p\u0159i poloze v p\u0159edklonu dost\u00e1vaj\u00ed do z\u00f3ny d\u00fdch\u00e1n\u00ed sv\u00e1\u0159e\u010dsk\u00e9ho d\u00fdmu. Keramick\u00e9 kov\u00e1n\u00ed pro sva\u0159ov\u00e1n\u00ed trn\u016f proto pom\u00e1h\u00e1 chr\u00e1nit zdrav\u00ed sv\u00e1\u0159e\u010de. Zabra\u0148uj\u00ed tak\u00e9 p\u0159\u00edstupu kysl\u00edku do plic.<\/p>\n<p>Pou\u017eit\u00ed keramick\u00fdch kov\u00e1n\u00ed pro sva\u0159ov\u00e1n\u00ed svorn\u00edk\u016f nen\u00ed novou technologi\u00ed. V pr\u016fmyslu se pou\u017e\u00edv\u00e1 ji\u017e des\u00edtky let. Sv\u00e1\u0159e\u010di pou\u017e\u00edvaj\u00edc\u00ed tyto kov\u00e1n\u00ed jsou schopni sva\u0159ovat bez sh\u00fdb\u00e1n\u00ed. V\u00fdhod t\u00e9to technologie je mnoho a jsou prosp\u011b\u0161n\u00e9 pro zdrav\u00ed sv\u00e1\u0159e\u010de. Pou\u017eit\u00ed tohoto nov\u00e9ho v\u00fdrobku v\u0161ak nezaru\u010duje jeho p\u0159\u00ednos pro bezpe\u010dnost sv\u00e1\u0159e\u010de.<\/p>\n<p>Sva\u0159ov\u00e1n\u00ed kol\u00edk\u016f je celodenn\u00ed pr\u00e1ce. B\u011bhem projektu sva\u0159ov\u00e1n\u00ed svorn\u00edk\u016f spolupracuj\u00ed sv\u00e1\u0159e\u010d a konstruk\u010dn\u00ed d\u011bln\u00edk na nastaven\u00ed za\u0159\u00edzen\u00ed a proveden\u00ed sva\u0159ovac\u00edho procesu. Dal\u0161\u00ed pracovn\u00edk prov\u00e1d\u00ed brou\u0161en\u00ed m\u00edst svar\u016f a pom\u00e1h\u00e1 p\u0159i rozvr\u017een\u00ed svorn\u00edk\u016f. Po dokon\u010den\u00ed svaru se d\u00fdm ze sva\u0159ov\u00e1n\u00ed \u0161\u00ed\u0159\u00ed ze z\u00e1kladn\u00edho materi\u00e1lu do bl\u00edzk\u00e9 d\u00fdchac\u00ed z\u00f3ny.<\/p>\n<p><strong>Jsou k\u0159ehk\u00e9<\/strong><\/p>\n<p>keramick\u00e1 obj\u00edmka je ochrann\u00fd krou\u017eek, kter\u00fd se pou\u017e\u00edv\u00e1 k zakryt\u00ed svorn\u00edku b\u011bhem sva\u0159ov\u00e1n\u00ed. Pom\u00e1haj\u00ed zabr\u00e1nit \u0161\u00ed\u0159en\u00ed svorn\u00edku b\u011bhem sva\u0159ov\u00e1n\u00ed a chr\u00e1n\u00ed jeho okol\u00ed p\u0159ed UV z\u00e1\u0159en\u00edm. Keramick\u00e1 obj\u00edmka je velmi k\u0159ehk\u00fd materi\u00e1l a je \u010dasto n\u00e1chyln\u00e1 k od\u0161t\u00edpnut\u00ed. Z tohoto d\u016fvodu jsou keramick\u00e9 kov\u00e1n\u00ed d\u016fle\u017eitou sou\u010d\u00e1st\u00ed procesu sva\u0159ov\u00e1n\u00ed ta\u017een\u00fdm obloukem.<\/p>\n<p>Sva\u0159ov\u00e1n\u00ed trn\u016f vy\u017eaduje kov\u00e1n\u00ed, kter\u00e9 udr\u017euje roztaven\u00fd svarov\u00fd materi\u00e1l na m\u00edst\u011b b\u011bhem procesu sva\u0159ov\u00e1n\u00ed. kov\u00e1n\u00ed pro sva\u0159ov\u00e1n\u00ed trn\u016f je tvarov\u00e1no podle tvaru sva\u0159ovac\u00edho trnu a je obvykle kulat\u00e9. K dispozici jsou v\u0161ak tak\u00e9 eliptick\u00e9, \u010dtvercov\u00e9, obd\u00e9ln\u00edkov\u00e9 a ellov\u00e9 tvary. Krom\u011b kulat\u00e9ho tvaru lze nal\u00e9zt tak\u00e9 kov\u00e1n\u00ed ve tvaru elipsy, \u010dty\u0159st\u011bnu nebo ell, kter\u00e9 se pou\u017e\u00edvaj\u00ed ke spojov\u00e1n\u00ed \u00faheln\u00edk\u016f. Pr\u016fm\u011br kov\u00e1n\u00ed by m\u011bl odpov\u00eddat velikosti sva\u0159ovac\u00edho trnu.<\/p>\n<p>Krom\u011b toho, \u017ee jsou keramick\u00e9 koncovky k\u0159ehk\u00e9, jsou drah\u00e9. Snadno se s nimi v\u0161ak pracuje a nezab\u00edraj\u00ed mnoho m\u00edsta. Mo\u017enost\u00ed, kter\u00e9 m\u00e1te k dispozici, je v\u0161ak mnoho a li\u0161\u00ed se v z\u00e1vislosti na va\u0161ich pot\u0159eb\u00e1ch. Obecn\u011b se pro mate\u0159sk\u00e9 materi\u00e1ly o pr\u016fm\u011bru alespo\u0148 2 mm doporu\u010duje sva\u0159ov\u00e1n\u00ed ta\u017een\u00fdm obloukem. V\u011bt\u0161\u00ed pr\u016fm\u011br bude odpov\u00eddat v\u011bt\u0161\u00edm spojovac\u00edm prvk\u016fm.<\/p>\n<p>Jedn\u00edm z typ\u016f keramick\u00fdch ferul\u00ed je nitrid b\u00f3ru. M\u00e1 n\u00edzkou p\u0159ilnavost ke kovu a lze jej mnohokr\u00e1t opakovan\u011b pou\u017e\u00edt. To znamen\u00e1, \u017ee ji m\u016f\u017eete pou\u017e\u00edt znovu. To je d\u016fle\u017eit\u00fd aspekt pro aplikace sva\u0159ov\u00e1n\u00ed svorn\u00edk\u016f. Vzhledem ke k\u0159ehkosti materi\u00e1lu byste se m\u011bli ujistit, \u017ee keramick\u00e9 kov\u00e1n\u00ed, kter\u00e9 pou\u017e\u00edv\u00e1te, je dostate\u010dn\u011b odoln\u00e9, aby vydr\u017eelo opakovan\u00e9 pou\u017eit\u00ed.<\/p>\n<p><strong>Jsou na jedno pou\u017eit\u00ed<\/strong><\/p>\n<p>Keramick\u00e9 kov\u00e1n\u00ed se pou\u017e\u00edv\u00e1 p\u0159i sva\u0159ov\u00e1n\u00ed \u010dep\u016f. kov\u00e1n\u00ed pro sva\u0159ov\u00e1n\u00ed \u010dep\u016f je ur\u010deno pro konkr\u00e9tn\u00ed funkci a obvykle se pou\u017e\u00edv\u00e1 na vodorovn\u00fdch ploch\u00e1ch. P\u0159i pou\u017eit\u00ed na svisl\u00fdch st\u011bn\u00e1ch mus\u00ed m\u00edt keramick\u00e1 ferule pro sva\u0159ov\u00e1n\u00ed svorn\u00edk\u016f na jedn\u00e9 stran\u011b v\u011btrac\u00ed otvory, aby roztaven\u00e1 ocel nevyt\u00e9kala ze spodn\u00ed \u010d\u00e1sti. Tyto pr\u016fduchy jsou zabudov\u00e1ny do keramick\u00e9 obj\u00edmky. Pou\u017e\u00edv\u00e1n\u00ed nov\u00e9 ferule po st\u00e1vaj\u00edc\u00ed m\u016f\u017ee p\u0159edstavovat v\u00e1\u017en\u00e9 zdravotn\u00ed riziko a je velmi nepravd\u011bpodobn\u00e9, \u017ee by ji obsluha znovu pohodln\u011b pou\u017eila.<\/p>\n<p>Keramick\u00e9 kov\u00e1n\u00ed pro sva\u0159ov\u00e1n\u00ed trn\u016f m\u016f\u017ee b\u00fdt na jedno pou\u017eit\u00ed, tak\u017ee se doporu\u010duje t\u011bm, kte\u0159\u00ed sva\u0159uj\u00ed jen n\u011bkolikr\u00e1t. Jsou levn\u00e9 a najdete je ve v\u011bt\u0161in\u011b obchod\u016f se sv\u00e1\u0159ec\u00edmi pot\u0159ebami. Tyto kov\u00e1n\u00ed jsou tak\u00e9 vyrobeny z netoxick\u00fdch materi\u00e1l\u016f. \u017delez\u00e1\u0159i, kte\u0159\u00ed je pou\u017e\u00edvali pro tuto studii, byli \u010dleny organizace Ironworkers Local 89 v Cedar Rapids, IA. V\u0161ichni \u00fa\u010dastn\u00edci studie m\u011bli zku\u0161enosti se sva\u0159ov\u00e1n\u00edm trn\u016f a pro\u0161li \u0161kolen\u00edm od koordin\u00e1tora u\u010d\u0148ovsk\u00e9ho \u0161kolen\u00ed. Byli tak\u00e9 prav\u00e1ci, 1,8 m vysoc\u00ed a v\u00e1\u017eili 89 kg. V\u0161ichni \u00fa\u010dastn\u00edci dali p\u0159ed proveden\u00edm studie p\u00edsemn\u00fd souhlas.<\/p>\n<p>P\u0159i pou\u017eit\u00ed keramick\u00fdch kov\u00e1n\u00ed pro sva\u0159ov\u00e1n\u00ed svorn\u00edk\u016f se mus\u00edte ujistit, \u017ee maj\u00ed spr\u00e1vnou velikost a \u017ee budou pou\u017eity pouze k po\u017eadovan\u00e9mu \u00fa\u010delu. B\u011bhem procesu sva\u0159ov\u00e1n\u00ed mohou keramick\u00e9 kov\u00e1n\u00ed fungovat jako \u0161t\u00edt oblouku. Zabra\u0148uj\u00ed p\u016fsoben\u00ed ne\u010distot na roztaven\u00fd kov, kter\u00e9 by mohly oslabit svar. P\u0159i sva\u0159ov\u00e1n\u00ed kondenz\u00e1torov\u00fdmi v\u00fdbojkami nejsou ferule pot\u0159eba, proto\u017ee p\u0159i tomto procesu nehroz\u00ed stejn\u00e9 riziko \u0161\u00ed\u0159en\u00ed roztaven\u00e9ho kovu do sousedn\u00edch oblast\u00ed.<\/p>\n<p><strong>Jsou vyrobeny z technick\u00e9 keramiky<\/strong><\/p>\n<p>Keramick\u00e9 ferule pro sva\u0159ov\u00e1n\u00ed trn\u016f se pou\u017e\u00edvaj\u00ed pro r\u016fzn\u00e9 aplikace a p\u0159i sva\u0159ov\u00e1n\u00ed pln\u00ed n\u011bkolik funkc\u00ed. Chr\u00e1n\u00ed svorn\u00edk p\u0159ed atmosf\u00e9rou a slou\u017e\u00ed jako ochrana oblouku. Vytv\u00e1\u0159ej\u00ed tak\u00e9 filet, kter\u00fd umo\u017e\u0148uje \u00fanik sva\u0159ovac\u00edch plyn\u016f. Tyto obj\u00edmky jsou obvykle na jedno pou\u017eit\u00ed a jsou vyrobeny z vysoce kvalitn\u00ed tvarovateln\u00e9 technick\u00e9 keramiky. Keramick\u00e9 kov\u00e1n\u00ed je ide\u00e1ln\u00ed pro sva\u0159ov\u00e1n\u00ed trn\u016f d\u00edky sv\u00e9 vysok\u00e9 pevnosti a vynikaj\u00edc\u00ed odolnosti proti opot\u0159eben\u00ed. Jsou tak\u00e9 nedeformovateln\u00e9, co\u017e je \u010din\u00ed ide\u00e1ln\u00edmi pro pou\u017eit\u00ed p\u0159i sva\u0159ov\u00e1n\u00ed.<\/p>\n<p>Existuje n\u011bkolik typ\u016f \u010dep\u016f. Nejb\u011b\u017en\u011bj\u0161\u00ed jsou z\u00e1vitov\u00e9 typy MD a nestandardizovan\u00e9 typy MPF. Oba typy maj\u00ed z\u00e1vitov\u00fd trn, kter\u00fd se navl\u00e9k\u00e1 na hrot sva\u0159ovac\u00ed pistole. Stoup\u00e1n\u00ed z\u00e1vitu u hrotu MD je t\u0159i nebo \u010dty\u0159i milimetry, zat\u00edmco hrot MPF m\u00e1 pr\u016fm\u011br osm milimetr\u016f.<\/p>\n<p>Hlavn\u00edm \u00fa\u010delem t\u011bchto kov\u00e1n\u00ed je ochrana svarov\u00e9 l\u00e1zn\u011b. Pom\u00e1haj\u00ed tak\u00e9 stabilizovat oblouk a chr\u00e1n\u00ed obsluhu p\u0159ed rozst\u0159ikem a vyfukov\u00e1n\u00edm oblouku. Jsou k dispozici v r\u016fzn\u00fdch velikostech a vyr\u00e1b\u011bj\u00ed se podle normy ISO 13918:2008. Jsou ur\u010deny pro pou\u017eit\u00ed na rovn\u00fdch, vodorovn\u00fdch ploch\u00e1ch. Jsou k dispozici tak\u00e9 v kov\u00e1n\u00edch, kter\u00e1 maj\u00ed na spodn\u00ed stran\u011b v\u011btrac\u00ed otvory, aby se zabr\u00e1nilo vyt\u00e9k\u00e1n\u00ed roztaven\u00e9 oceli ze spodn\u00ed strany.<\/p>\n<p>Keramick\u00e9 kov\u00e1n\u00ed pou\u017e\u00edvan\u00e9 pro sva\u0159ov\u00e1n\u00ed trn\u016f je velmi d\u016fle\u017eit\u00e9 pro zaji\u0161t\u011bn\u00ed \u00fasp\u011bchu procesu sva\u0159ov\u00e1n\u00ed trn\u016f ta\u017een\u00fdm obloukem. Pom\u00e1haj\u00ed chr\u00e1nit svorn\u00edk p\u0159ed zne\u010di\u0161t\u011bn\u00edm a umo\u017e\u0148uj\u00ed spr\u00e1vn\u00e9 fungov\u00e1n\u00ed procesu. B\u011b\u017en\u011b se pou\u017e\u00edvaj\u00ed pro r\u016fzn\u00e9 aplikace a jsou k dispozici v r\u016fzn\u00fdch tvarech, velikostech a specifikac\u00edch keramick\u00fdch materi\u00e1l\u016f. Tento \u010dl\u00e1nek se bude zab\u00fdvat n\u011bkolika v\u00fdhodami a pou\u017eit\u00edm kov\u00e1n\u00ed pro sva\u0159ov\u00e1n\u00ed trn\u016f.<\/p>","protected":false},"excerpt":{"rendered":"<p>If you are doing drawn arc stud welding, you need to know about ceramic ferrules. They are an essential part of the process, because they protect the welder from oxygen exposure. Unfortunately, they are one-use items. Read this article to learn more about their use and advantages. Then, you can decide whether or not they&hellip;&nbsp;<a href=\"https:\/\/advance-ceramics.com\/cs\/ceramic-ferrules-for-stud-welding\/\" class=\"\" rel=\"bookmark\">\u010c\u00edst d\u00e1le &raquo;<span class=\"screen-reader-text\">keramick\u00e9 kov\u00e1n\u00ed pro sva\u0159ov\u00e1n\u00ed svorn\u00edk\u016f<\/span><\/a><\/p>","protected":false},"author":1,"featured_media":0,"parent":0,"menu_order":0,"comment_status":"closed","ping_status":"closed","template":"","meta":{"neve_meta_sidebar":"","neve_meta_container":"","neve_meta_enable_content_width":"","neve_meta_content_width":0,"neve_meta_title_alignment":"","neve_meta_author_avatar":"","neve_post_elements_order":"","neve_meta_disable_header":"","neve_meta_disable_footer":"","neve_meta_disable_title":"","footnotes":""},"aioseo_notices":[],"_links":{"self":[{"href":"https:\/\/advance-ceramics.com\/cs\/wp-json\/wp\/v2\/pages\/116"}],"collection":[{"href":"https:\/\/advance-ceramics.com\/cs\/wp-json\/wp\/v2\/pages"}],"about":[{"href":"https:\/\/advance-ceramics.com\/cs\/wp-json\/wp\/v2\/types\/page"}],"author":[{"embeddable":true,"href":"https:\/\/advance-ceramics.com\/cs\/wp-json\/wp\/v2\/users\/1"}],"replies":[{"embeddable":true,"href":"https:\/\/advance-ceramics.com\/cs\/wp-json\/wp\/v2\/comments?post=116"}],"version-history":[{"count":6,"href":"https:\/\/advance-ceramics.com\/cs\/wp-json\/wp\/v2\/pages\/116\/revisions"}],"predecessor-version":[{"id":164,"href":"https:\/\/advance-ceramics.com\/cs\/wp-json\/wp\/v2\/pages\/116\/revisions\/164"}],"wp:attachment":[{"href":"https:\/\/advance-ceramics.com\/cs\/wp-json\/wp\/v2\/media?parent=116"}],"curies":[{"name":"wp","href":"https:\/\/api.w.org\/{rel}","templated":true}]}}